{"id":5217,"date":"2024-01-30T03:38:50","date_gmt":"2024-01-30T03:38:50","guid":{"rendered":"https:\/\/www.radiustheme.com\/demo\/wordpress\/themes\/toyup\/?page_id=20"},"modified":"2025-10-20T18:21:25","modified_gmt":"2025-10-20T18:21:25","slug":"refund-policy","status":"publish","type":"page","link":"https:\/\/tifomania.store\/de\/refund-policy\/","title":{"rendered":"Erstattungspolitik"},"content":{"rendered":"<p>Wir haben ein 14-t\u00e4giges R\u00fcckgaberecht, d. h. Sie haben 14 Tage nach Erhalt der Ware Zeit, eine R\u00fcckgabe zu beantragen.<\/p>\n\n\n\n<p>Um f\u00fcr eine R\u00fcckgabe in Frage zu kommen, muss sich Ihr Artikel in demselben Zustand befinden, in dem Sie ihn erhalten haben: ungetragen oder unbenutzt, mit Etiketten und in der Originalverpackung. Sie ben\u00f6tigen au\u00dferdem eine Quittung oder einen Kaufbeleg.<\/p>\n\n\n\n<p>Um eine R\u00fcckgabe einzuleiten, k\u00f6nnen Sie uns kontaktieren unter <span style=\"text-decoration: underline;\">hello@tifomania.com<\/span>. <\/p>\n\n\n\n<p>Wenn Ihre R\u00fccksendung akzeptiert wird, erhalten Sie von uns Anweisungen, wie und wohin Sie Ihr Paket schicken k\u00f6nnen. Bitte beachten Sie, dass Sie die Kosten f\u00fcr die R\u00fccksendung Ihres\/r Artikels\/e tragen m\u00fcssen. Artikel, die an uns zur\u00fcckgeschickt werden, ohne dass wir zuvor eine R\u00fccksendung angefordert haben, werden nicht angenommen.<\/p>\n\n\n\n<p>Bei Fragen zur R\u00fccksendung k\u00f6nnen Sie uns jederzeit kontaktieren unter <span style=\"text-decoration: underline;\">hello@tifomania.com<\/span>.<\/p>\n\n\n\n<p><h2>Sch\u00e4den und Probleme<\/h2><\/p>\n\n\n\n<p>Bitte \u00fcberpr\u00fcfen Sie Ihre Bestellung bei Erhalt und kontaktieren Sie uns sofort, wenn der Artikel defekt oder besch\u00e4digt ist oder wenn Sie den falschen Artikel erhalten haben, damit wir das Problem bewerten und beheben k\u00f6nnen.<\/p>\n\n\n\n<p><h2>Ausnahmen oder nicht r\u00fcckgabef\u00e4hige Artikel<\/h2><\/p>\n\n\n\n<p>Leider k\u00f6nnen wir keine R\u00fccksendungen f\u00fcr Ausverkaufsartikel oder Geschenkkarten akzeptieren.<\/p>\n\n\n\n<p><h2>Tauschb\u00f6rsen<\/h2><\/p>\n\n\n\n<p>Der schnellste Weg, um sicherzustellen, dass Sie bekommen, was Sie wollen, ist die R\u00fcckgabe des Artikels, den Sie haben, und wenn die R\u00fcckgabe akzeptiert wird, machen Sie einen separaten Kauf f\u00fcr den neuen Artikel.<\/p>\n\n\n\n<p><h2>Europ\u00e4ische Union 14-t\u00e4gige Bedenkzeit<\/h2><\/p>\n\n\n\n<p>Ungeachtet dessen haben Sie das Recht, Ihre Bestellung innerhalb von 14 Tagen ohne Angabe von Gr\u00fcnden zu stornieren oder zur\u00fcckzugeben, wenn die Ware in die Europ\u00e4ische Union versandt wird. Wie oben beschrieben, muss sich Ihr Artikel in demselben Zustand befinden, in dem Sie ihn erhalten haben: ungetragen oder unbenutzt, mit Etiketten und in der Originalverpackung. Sie ben\u00f6tigen au\u00dferdem eine Quittung oder einen Kaufbeleg.<\/p>\n\n\n\n<p><h2>Erstattungen<\/h2><\/p>\n\n\n\n<p>Wir werden Sie benachrichtigen, sobald wir Ihre R\u00fccksendung erhalten und gepr\u00fcft haben, und Ihnen mitteilen, ob die R\u00fcckerstattung genehmigt wurde oder nicht. Wenn dies der Fall ist, erhalten Sie innerhalb von 10 Werktagen eine automatische R\u00fcckerstattung mit Ihrer urspr\u00fcnglichen Zahlungsmethode. Bitte denken Sie daran, dass es einige Zeit dauern kann, bis Ihre Bank oder Ihr Kreditkartenunternehmen die Erstattung bearbeitet und verbucht hat.<\/p>\n\n\n\n<p>Wenn mehr als 15 Arbeitstage vergangen sind, seit wir Ihre R\u00fccksendung genehmigt haben, kontaktieren Sie uns bitte unter <span style=\"text-decoration: underline;\">hello@tifomania.com<\/span>.<\/p>","protected":false},"excerpt":{"rendered":"<p>We have a 14-day return policy, which means you have 14 days after receiving your item to request a return. To be eligible for a return, your item must be in the same condition that you received it, unworn or unused, with tags, and in its original packaging. You\u2019ll also need a receipt or proof [&hellip;]<\/p>\n","protected":false},"author":1,"featured_media":0,"parent":0,"menu_order":0,"comment_status":"closed","ping_status":"closed","template":"","meta":{"footnotes":""},"class_list":["post-5217","page","type-page","status-publish","hentry"],"yoast_head":"<!-- This site is optimized with the Yoast SEO plugin v27.4 - https:\/\/yoast.com\/product\/yoast-seo-wordpress\/ -->\n<title>Refund Policy<\/title>\n<meta name=\"robots\" content=\"index, follow, max-snippet:-1, max-image-preview:large, max-video-preview:-1\" \/>\n<link rel=\"canonical\" href=\"https:\/\/tifomania.store\/de\/refund-policy\/\" \/>\n<meta property=\"og:locale\" content=\"de_DE\" \/>\n<meta property=\"og:type\" content=\"article\" \/>\n<meta property=\"og:title\" content=\"Refund Policy\" \/>\n<meta property=\"og:description\" content=\"We have a 14-day return policy, which means you have 14 days after receiving your item to request a return. To be eligible for a return, your item must be in the same condition that you received it, unworn or unused, with tags, and in its original packaging. You\u2019ll also need a receipt or proof [&hellip;]\" \/>\n<meta property=\"og:url\" content=\"https:\/\/tifomania.store\/de\/refund-policy\/\" \/>\n<meta property=\"og:site_name\" content=\"Tifomania\" \/>\n<meta property=\"article:modified_time\" content=\"2025-10-20T18:21:25+00:00\" \/>\n<meta name=\"twitter:card\" content=\"summary_large_image\" \/>\n<meta name=\"twitter:label1\" content=\"Gesch\u00e4tzte Lesezeit\" \/>\n\t<meta name=\"twitter:data1\" content=\"2\u00a0Minuten\" \/>\n<script type=\"application\/ld+json\" class=\"yoast-schema-graph\">{\"@context\":\"https:\\\/\\\/schema.org\",\"@graph\":[{\"@type\":\"WebPage\",\"@id\":\"https:\\\/\\\/tifomania.store\\\/refund-policy\\\/\",\"url\":\"https:\\\/\\\/tifomania.store\\\/refund-policy\\\/\",\"name\":\"Refund Policy\",\"isPartOf\":{\"@id\":\"https:\\\/\\\/tifomania.store\\\/#website\"},\"datePublished\":\"2024-01-30T03:38:50+00:00\",\"dateModified\":\"2025-10-20T18:21:25+00:00\",\"breadcrumb\":{\"@id\":\"https:\\\/\\\/tifomania.store\\\/refund-policy\\\/#breadcrumb\"},\"inLanguage\":\"de\",\"potentialAction\":[{\"@type\":\"ReadAction\",\"target\":[\"https:\\\/\\\/tifomania.store\\\/refund-policy\\\/\"]}]},{\"@type\":\"BreadcrumbList\",\"@id\":\"https:\\\/\\\/tifomania.store\\\/refund-policy\\\/#breadcrumb\",\"itemListElement\":[{\"@type\":\"ListItem\",\"position\":1,\"name\":\"Home\",\"item\":\"https:\\\/\\\/tifomania.store\\\/en\\\/\"},{\"@type\":\"ListItem\",\"position\":2,\"name\":\"Refund Policy\"}]},{\"@type\":\"WebSite\",\"@id\":\"https:\\\/\\\/tifomania.store\\\/#website\",\"url\":\"https:\\\/\\\/tifomania.store\\\/\",\"name\":\"Tifomania\",\"description\":\"Where Passion Becomes Play\",\"potentialAction\":[{\"@type\":\"SearchAction\",\"target\":{\"@type\":\"EntryPoint\",\"urlTemplate\":\"https:\\\/\\\/tifomania.store\\\/?s={search_term_string}\"},\"query-input\":{\"@type\":\"PropertyValueSpecification\",\"valueRequired\":true,\"valueName\":\"search_term_string\"}}],\"inLanguage\":\"de\"}]}<\/script>\n<!-- \/ Yoast SEO plugin. -->","yoast_head_json":{"title":"Erstattungspolitik","robots":{"index":"index","follow":"follow","max-snippet":"max-snippet:-1","max-image-preview":"max-image-preview:large","max-video-preview":"max-video-preview:-1"},"canonical":"https:\/\/tifomania.store\/de\/refund-policy\/","og_locale":"de_DE","og_type":"article","og_title":"Refund Policy","og_description":"We have a 14-day return policy, which means you have 14 days after receiving your item to request a return. To be eligible for a return, your item must be in the same condition that you received it, unworn or unused, with tags, and in its original packaging. You\u2019ll also need a receipt or proof [&hellip;]","og_url":"https:\/\/tifomania.store\/de\/refund-policy\/","og_site_name":"Tifomania","article_modified_time":"2025-10-20T18:21:25+00:00","twitter_card":"summary_large_image","twitter_misc":{"Gesch\u00e4tzte Lesezeit":"2\u00a0Minuten"},"schema":{"@context":"https:\/\/schema.org","@graph":[{"@type":"WebPage","@id":"https:\/\/tifomania.store\/refund-policy\/","url":"https:\/\/tifomania.store\/refund-policy\/","name":"Erstattungspolitik","isPartOf":{"@id":"https:\/\/tifomania.store\/#website"},"datePublished":"2024-01-30T03:38:50+00:00","dateModified":"2025-10-20T18:21:25+00:00","breadcrumb":{"@id":"https:\/\/tifomania.store\/refund-policy\/#breadcrumb"},"inLanguage":"de","potentialAction":[{"@type":"ReadAction","target":["https:\/\/tifomania.store\/refund-policy\/"]}]},{"@type":"BreadcrumbList","@id":"https:\/\/tifomania.store\/refund-policy\/#breadcrumb","itemListElement":[{"@type":"ListItem","position":1,"name":"Home","item":"https:\/\/tifomania.store\/en\/"},{"@type":"ListItem","position":2,"name":"Refund Policy"}]},{"@type":"WebSite","@id":"https:\/\/tifomania.store\/#website","url":"https:\/\/tifomania.store\/","name":"Tifomania","description":"Wo die Leidenschaft zum Spiel wird","potentialAction":[{"@type":"SearchAction","target":{"@type":"EntryPoint","urlTemplate":"https:\/\/tifomania.store\/?s={search_term_string}"},"query-input":{"@type":"PropertyValueSpecification","valueRequired":true,"valueName":"search_term_string"}}],"inLanguage":"de"}]}},"_links":{"self":[{"href":"https:\/\/tifomania.store\/de\/wp-json\/wp\/v2\/pages\/5217","targetHints":{"allow":["GET"]}}],"collection":[{"href":"https:\/\/tifomania.store\/de\/wp-json\/wp\/v2\/pages"}],"about":[{"href":"https:\/\/tifomania.store\/de\/wp-json\/wp\/v2\/types\/page"}],"author":[{"embeddable":true,"href":"https:\/\/tifomania.store\/de\/wp-json\/wp\/v2\/users\/1"}],"replies":[{"embeddable":true,"href":"https:\/\/tifomania.store\/de\/wp-json\/wp\/v2\/comments?post=5217"}],"version-history":[{"count":1,"href":"https:\/\/tifomania.store\/de\/wp-json\/wp\/v2\/pages\/5217\/revisions"}],"predecessor-version":[{"id":8644,"href":"https:\/\/tifomania.store\/de\/wp-json\/wp\/v2\/pages\/5217\/revisions\/8644"}],"wp:attachment":[{"href":"https:\/\/tifomania.store\/de\/wp-json\/wp\/v2\/media?parent=5217"}],"curies":[{"name":"wp","href":"https:\/\/api.w.org\/{rel}","templated":true}]}}