{"id":11254,"date":"2025-12-16T14:44:30","date_gmt":"2025-12-16T14:44:30","guid":{"rendered":"https:\/\/tifomania.store\/?post_type=product&#038;p=11254"},"modified":"2025-12-16T14:51:04","modified_gmt":"2025-12-16T14:51:04","slug":"murder-drones-serial-designation-n-mosaic-kit","status":"publish","type":"product","link":"https:\/\/tifomania.store\/de\/produkt\/murder-drones-serial-designation-n-mosaic-kit\/","title":{"rendered":"Morddrohnen - Serienbezeichnung \u201cN\u201d Mosaiksatz"},"content":{"rendered":"<p><strong>Entfesseln Sie Ihre Kreativit\u00e4t, Baustein f\u00fcr Baustein<\/strong><\/p>\n<p>Mit diesem Lego-kompatiblen Mosaik-Bausatz erweckst du die Seriennummer N aus Murder Drones zum Leben. Setze tausende bunte Teile zusammen, um ein beeindruckendes Portr\u00e4t zu enth\u00fcllen, das von einem der bekanntesten und beliebtesten Charaktere der Serie inspiriert ist.<\/p>\n<blockquote><p>Perfekt f\u00fcr die Wand oder zur Aufhellung des Kinderschreibtisches<\/p><\/blockquote>\n<p>Jedes Set enth\u00e4lt alles, was du brauchst: alle Bausteine, Grundplatten und eine einfache Anleitung, die dir hilft, dein eigenes Meisterwerk zusammenzubauen.<\/p>\n<p>Bekannt f\u00fcr seine einzigartige Mischung aus Humor, Loyalit\u00e4t und t\u00f6dlicher Effizienz ist Seriennummer N ein Fan-Liebling im Murder Drones-Universum geworden. Dieses Mosaik f\u00e4ngt seine unverwechselbare Pers\u00f6nlichkeit und \u00c4sthetik ein und ist damit ein ideales Geschenk f\u00fcr Fans, Sammler und Baumeister, die die Serie auf kreative und praktische Weise feiern wollen.<\/p>\n<p>&nbsp;<\/p>\n<p><img decoding=\"async\" class=\"size-medium aligncenter\" src=\"https:\/\/barsport24.com\/wp-content\/uploads\/2025\/11\/Tifomania-Mosaic.gif\" width=\"80%\" height=\"80%\" \/><\/p>\n<p>&nbsp;<\/p>\n<p><strong>Einzelheiten:<\/strong><\/p>\n<ul>\n<li><strong>Gr\u00f6\u00dfe des Mosaiks<\/strong>: 51 x 51cm (mit Rahmen: 54 x 54cm)<\/li>\n<li><strong>Anzahl der Ziegelsteine<\/strong>: 4.096<\/li>\n<li><strong>Zeit bis zur Fertigstellung<\/strong>6-8 Stunden<\/li>\n<li><strong>Kostenloser EU-Versand<\/strong> (nicht verf\u00fcgbar in den US oder ROW)<\/li>\n<\/ul>\n<p>&nbsp;<\/p>\n<p><strong>Varianten:<\/strong><\/p>\n<p><strong>\u26ac Kein Rahmen: <\/strong>enth\u00e4lt 4 Grundplatten und doppelseitige Aufkleber, um sie zu einem 51 \u00d7 51 cm gro\u00dfen Mosaik zusammenzuf\u00fcgen.<br \/>\n<strong>\u26ac Wei\u00df\/Schwarz Rahmen:<\/strong> umfasst ein gerahmtes Grundplattenset, das sich zu einem 54 \u00d7 54 cm gro\u00dfen Mosaik zusammensetzen l\u00e4sst, wie auf den Abbildungen gezeigt.<\/p>\n<p>&nbsp;<\/p>\n<p><strong>Haftungsausschluss: <\/strong><\/p>\n<p>Unsere Mosaike sind von der Kultur und den Farben der Sportbegeisterung inspiriert und sollen die Kreativit\u00e4t und Fantasie der jungen Fans anregen. Sofern nicht ausdr\u00fccklich angegeben, sind unsere Mosaik-Kits keine offiziellen Produkte und werden nicht von einem Team, einer Liga oder einer Organisation unterst\u00fctzt, lizenziert oder mit ihr verbunden. F\u00fcr weitere Informationen lesen Sie bitte unsere <a href=\"\/de\/licensing-partnerships\/\">Lizenzierung und Partnerschaften<\/a> Hinweis.<\/p>","protected":false},"excerpt":{"rendered":"<p>Kostenloser Versand (inklusive) in ganz Europa.<\/p>","protected":false},"featured_media":11253,"menu_order":0,"comment_status":"closed","ping_status":"closed","template":"","meta":[],"product_brand":[],"product_cat":[54,42],"product_tag":[35,36,38,299,301,300],"class_list":{"0":"post-11254","1":"product","2":"type-product","3":"status-publish","4":"has-post-thumbnail","6":"product_cat-bricks","7":"product_cat-educational-toys","8":"product_tag-13-years","9":"product_tag-4-8-years","10":"product_tag-9-12-years","11":"product_tag-cartoon","12":"product_tag-murder-drones","13":"product_tag-serial-designation-n","14":"product_shipping_class-toys","16":"first","17":"instock","18":"shipping-taxable","19":"purchasable","20":"product-type-variable","21":"rtwpvg-product","22":"rtwpvs-product"},"yoast_head":"<!-- This site is optimized with the Yoast SEO plugin v27.4 - https:\/\/yoast.com\/product\/yoast-seo-wordpress\/ -->\n<title>Murder Drones - Serial Designation &quot;N&quot; Mosaic Kit<\/title>\n<meta name=\"description\" content=\"Bring Serial Designation N to life with this Lego-compatible brick art mosaic kit. A must have for all Murder Drones fans!\" \/>\n<meta name=\"robots\" content=\"index, follow, max-snippet:-1, max-image-preview:large, max-video-preview:-1\" \/>\n<link rel=\"canonical\" href=\"https:\/\/tifomania.store\/de\/produkt\/murder-drones-serial-designation-n-mosaic-kit\/\" \/>\n<meta property=\"og:locale\" content=\"de_DE\" \/>\n<meta property=\"og:type\" content=\"article\" \/>\n<meta property=\"og:title\" content=\"Murder Drones - Serial Designation &quot;N&quot; Mosaic Kit\" \/>\n<meta property=\"og:description\" content=\"Bring Serial Designation N to life with this Lego-compatible brick art mosaic kit. A must have for all Murder Drones fans!\" \/>\n<meta property=\"og:url\" content=\"https:\/\/tifomania.store\/de\/produkt\/murder-drones-serial-designation-n-mosaic-kit\/\" \/>\n<meta property=\"og:site_name\" content=\"Tifomania\" \/>\n<meta property=\"article:modified_time\" content=\"2025-12-16T14:51:04+00:00\" \/>\n<meta property=\"og:image\" content=\"https:\/\/tifomania.store\/wp-content\/uploads\/2025\/12\/Murder-Drones-N_V2.webp\" \/>\n\t<meta property=\"og:image:width\" content=\"900\" \/>\n\t<meta property=\"og:image:height\" content=\"900\" \/>\n\t<meta property=\"og:image:type\" content=\"image\/webp\" \/>\n<meta name=\"twitter:card\" content=\"summary_large_image\" \/>\n<meta name=\"twitter:label1\" content=\"Gesch\u00e4tzte Lesezeit\" \/>\n\t<meta name=\"twitter:data1\" content=\"2\u00a0Minuten\" \/>\n<script type=\"application\/ld+json\" class=\"yoast-schema-graph\">{\"@context\":\"https:\\\/\\\/schema.org\",\"@graph\":[{\"@type\":\"WebPage\",\"@id\":\"https:\\\/\\\/tifomania.store\\\/product\\\/murder-drones-serial-designation-n-mosaic-kit\\\/\",\"url\":\"https:\\\/\\\/tifomania.store\\\/product\\\/murder-drones-serial-designation-n-mosaic-kit\\\/\",\"name\":\"Murder Drones - Serial Designation \\\"N\\\" Mosaic Kit\",\"isPartOf\":{\"@id\":\"https:\\\/\\\/tifomania.store\\\/#website\"},\"primaryImageOfPage\":{\"@id\":\"https:\\\/\\\/tifomania.store\\\/product\\\/murder-drones-serial-designation-n-mosaic-kit\\\/#primaryimage\"},\"image\":{\"@id\":\"https:\\\/\\\/tifomania.store\\\/product\\\/murder-drones-serial-designation-n-mosaic-kit\\\/#primaryimage\"},\"thumbnailUrl\":\"https:\\\/\\\/tifomania.store\\\/wp-content\\\/uploads\\\/2025\\\/12\\\/Murder-Drones-N_V2.webp\",\"datePublished\":\"2025-12-16T14:44:30+00:00\",\"dateModified\":\"2025-12-16T14:51:04+00:00\",\"description\":\"Bring Serial Designation N to life with this Lego-compatible brick art mosaic kit. A must have for all Murder Drones fans!\",\"breadcrumb\":{\"@id\":\"https:\\\/\\\/tifomania.store\\\/product\\\/murder-drones-serial-designation-n-mosaic-kit\\\/#breadcrumb\"},\"inLanguage\":\"de\",\"potentialAction\":[{\"@type\":\"ReadAction\",\"target\":[\"https:\\\/\\\/tifomania.store\\\/product\\\/murder-drones-serial-designation-n-mosaic-kit\\\/\"]}]},{\"@type\":\"ImageObject\",\"inLanguage\":\"de\",\"@id\":\"https:\\\/\\\/tifomania.store\\\/product\\\/murder-drones-serial-designation-n-mosaic-kit\\\/#primaryimage\",\"url\":\"https:\\\/\\\/tifomania.store\\\/wp-content\\\/uploads\\\/2025\\\/12\\\/Murder-Drones-N_V2.webp\",\"contentUrl\":\"https:\\\/\\\/tifomania.store\\\/wp-content\\\/uploads\\\/2025\\\/12\\\/Murder-Drones-N_V2.webp\",\"width\":900,\"height\":900},{\"@type\":\"BreadcrumbList\",\"@id\":\"https:\\\/\\\/tifomania.store\\\/product\\\/murder-drones-serial-designation-n-mosaic-kit\\\/#breadcrumb\",\"itemListElement\":[{\"@type\":\"ListItem\",\"position\":1,\"name\":\"Home\",\"item\":\"https:\\\/\\\/tifomania.store\\\/en\\\/\"},{\"@type\":\"ListItem\",\"position\":2,\"name\":\"Shop\",\"item\":\"https:\\\/\\\/tifomania.store\\\/shop\\\/\"},{\"@type\":\"ListItem\",\"position\":3,\"name\":\"Murder Drones &#8211; Serial Designation &#8220;N&#8221; Mosaic Kit\"}]},{\"@type\":\"WebSite\",\"@id\":\"https:\\\/\\\/tifomania.store\\\/#website\",\"url\":\"https:\\\/\\\/tifomania.store\\\/\",\"name\":\"Tifomania\",\"description\":\"Where Passion Becomes Play\",\"potentialAction\":[{\"@type\":\"SearchAction\",\"target\":{\"@type\":\"EntryPoint\",\"urlTemplate\":\"https:\\\/\\\/tifomania.store\\\/?s={search_term_string}\"},\"query-input\":{\"@type\":\"PropertyValueSpecification\",\"valueRequired\":true,\"valueName\":\"search_term_string\"}}],\"inLanguage\":\"de\"}]}<\/script>\n<!-- \/ Yoast SEO plugin. -->","yoast_head_json":{"title":"Morddrohnen - Serienbezeichnung \"N\" Mosaiksatz","description":"Bring Serial Designation N to life with this Lego-compatible brick art mosaic kit. A must have for all Murder Drones fans!","robots":{"index":"index","follow":"follow","max-snippet":"max-snippet:-1","max-image-preview":"max-image-preview:large","max-video-preview":"max-video-preview:-1"},"canonical":"https:\/\/tifomania.store\/de\/produkt\/murder-drones-serial-designation-n-mosaic-kit\/","og_locale":"de_DE","og_type":"article","og_title":"Murder Drones - Serial Designation \"N\" Mosaic Kit","og_description":"Bring Serial Designation N to life with this Lego-compatible brick art mosaic kit. A must have for all Murder Drones fans!","og_url":"https:\/\/tifomania.store\/de\/produkt\/murder-drones-serial-designation-n-mosaic-kit\/","og_site_name":"Tifomania","article_modified_time":"2025-12-16T14:51:04+00:00","og_image":[{"width":900,"height":900,"url":"https:\/\/tifomania.store\/wp-content\/uploads\/2025\/12\/Murder-Drones-N_V2.webp","type":"image\/webp"}],"twitter_card":"summary_large_image","twitter_misc":{"Gesch\u00e4tzte Lesezeit":"2\u00a0Minuten"},"schema":{"@context":"https:\/\/schema.org","@graph":[{"@type":"WebPage","@id":"https:\/\/tifomania.store\/product\/murder-drones-serial-designation-n-mosaic-kit\/","url":"https:\/\/tifomania.store\/product\/murder-drones-serial-designation-n-mosaic-kit\/","name":"Morddrohnen - Serienbezeichnung \"N\" Mosaiksatz","isPartOf":{"@id":"https:\/\/tifomania.store\/#website"},"primaryImageOfPage":{"@id":"https:\/\/tifomania.store\/product\/murder-drones-serial-designation-n-mosaic-kit\/#primaryimage"},"image":{"@id":"https:\/\/tifomania.store\/product\/murder-drones-serial-designation-n-mosaic-kit\/#primaryimage"},"thumbnailUrl":"https:\/\/tifomania.store\/wp-content\/uploads\/2025\/12\/Murder-Drones-N_V2.webp","datePublished":"2025-12-16T14:44:30+00:00","dateModified":"2025-12-16T14:51:04+00:00","description":"Bring Serial Designation N to life with this Lego-compatible brick art mosaic kit. A must have for all Murder Drones fans!","breadcrumb":{"@id":"https:\/\/tifomania.store\/product\/murder-drones-serial-designation-n-mosaic-kit\/#breadcrumb"},"inLanguage":"de","potentialAction":[{"@type":"ReadAction","target":["https:\/\/tifomania.store\/product\/murder-drones-serial-designation-n-mosaic-kit\/"]}]},{"@type":"ImageObject","inLanguage":"de","@id":"https:\/\/tifomania.store\/product\/murder-drones-serial-designation-n-mosaic-kit\/#primaryimage","url":"https:\/\/tifomania.store\/wp-content\/uploads\/2025\/12\/Murder-Drones-N_V2.webp","contentUrl":"https:\/\/tifomania.store\/wp-content\/uploads\/2025\/12\/Murder-Drones-N_V2.webp","width":900,"height":900},{"@type":"BreadcrumbList","@id":"https:\/\/tifomania.store\/product\/murder-drones-serial-designation-n-mosaic-kit\/#breadcrumb","itemListElement":[{"@type":"ListItem","position":1,"name":"Home","item":"https:\/\/tifomania.store\/en\/"},{"@type":"ListItem","position":2,"name":"Shop","item":"https:\/\/tifomania.store\/shop\/"},{"@type":"ListItem","position":3,"name":"Murder Drones &#8211; Serial Designation &#8220;N&#8221; Mosaic Kit"}]},{"@type":"WebSite","@id":"https:\/\/tifomania.store\/#website","url":"https:\/\/tifomania.store\/","name":"Tifomania","description":"Wo die Leidenschaft zum Spiel wird","potentialAction":[{"@type":"SearchAction","target":{"@type":"EntryPoint","urlTemplate":"https:\/\/tifomania.store\/?s={search_term_string}"},"query-input":{"@type":"PropertyValueSpecification","valueRequired":true,"valueName":"search_term_string"}}],"inLanguage":"de"}]}},"_links":{"self":[{"href":"https:\/\/tifomania.store\/de\/wp-json\/wp\/v2\/product\/11254","targetHints":{"allow":["GET"]}}],"collection":[{"href":"https:\/\/tifomania.store\/de\/wp-json\/wp\/v2\/product"}],"about":[{"href":"https:\/\/tifomania.store\/de\/wp-json\/wp\/v2\/types\/product"}],"replies":[{"embeddable":true,"href":"https:\/\/tifomania.store\/de\/wp-json\/wp\/v2\/comments?post=11254"}],"wp:featuredmedia":[{"embeddable":true,"href":"https:\/\/tifomania.store\/de\/wp-json\/wp\/v2\/media\/11253"}],"wp:attachment":[{"href":"https:\/\/tifomania.store\/de\/wp-json\/wp\/v2\/media?parent=11254"}],"wp:term":[{"taxonomy":"product_brand","embeddable":true,"href":"https:\/\/tifomania.store\/de\/wp-json\/wp\/v2\/product_brand?post=11254"},{"taxonomy":"product_cat","embeddable":true,"href":"https:\/\/tifomania.store\/de\/wp-json\/wp\/v2\/product_cat?post=11254"},{"taxonomy":"product_tag","embeddable":true,"href":"https:\/\/tifomania.store\/de\/wp-json\/wp\/v2\/product_tag?post=11254"}],"curies":[{"name":"wp","href":"https:\/\/api.w.org\/{rel}","templated":true}]}}