{"id":9751,"date":"2025-11-17T18:06:16","date_gmt":"2025-11-17T18:06:16","guid":{"rendered":"https:\/\/tifomania.store\/en\/product\/toronto-baseball-hoodie-kids-unisex\/"},"modified":"2025-11-19T20:04:40","modified_gmt":"2025-11-19T20:04:40","slug":"toronto-baseball-hoodie-kids-unisex","status":"publish","type":"product","link":"https:\/\/tifomania.store\/de\/produkt\/toronto-baseball-hoodie-kids-unisex\/","title":{"rendered":"Toronto Baseball Hoodie - Kinder (unisex)"},"content":{"rendered":"<p><strong>Mit diesem kuscheligen Kapuzenpulli, der vom verspielten Geist des geliebten Blue Jays Maskottchens aus Toronto inspiriert ist, bringen Sie Spa\u00df in die Garderobe Ihres Kindes! <\/strong><\/p>\n<p>Er ist aus weichem, kinderfreundlichem Material gefertigt und verf\u00fcgt \u00fcber leuchtende, energiegeladene Farben und charmante Details im Maskottchen-Stil, die die Fantasie auf dem Spielplatz und dar\u00fcber hinaus anregen. Dieser Kapuzenpulli ist perfekt f\u00fcr k\u00fchle Schulmorgen, Wochenendabenteuer oder zum Anfeuern von der Couch aus. Er h\u00e4lt junge Fans warm, bequem und voller Teamgeist - ohne ein offizielles Teamprodukt zu sein.<\/p>\n<p><strong>Produktmerkmale<\/strong><\/p>\n<p>- Mittelschweres 50\/50-Baumwoll-Polyester-Gewebe (Heidefarben variieren) f\u00fcr dauerhaften, glatten Druck<br \/>\n- Ger\u00e4umige K\u00e4ngurutasche zum W\u00e4rmen der H\u00e4nde und f\u00fcr kleine Gegenst\u00e4nde<br \/>\n- Twill-Nackenband zur Stabilisierung der R\u00fcckennaht und zum Schutz vor Dehnung<br \/>\n- F\u00e4llt gr\u00f6\u00dfengerecht aus, mit normaler Passform und eingen\u00e4htem Etikett f\u00fcr Komfort<\/p>\n<p><strong>Gr\u00f6\u00dfentabelle (cm)<\/strong><\/p>\n<table id=\"size-guide\" style=\"min-width: 360px;\">\n<thead>\n<tr>\n<th style=\"padding: 10px;\"><\/th>\n<th style=\"color: #000000; font-weight: 500; text-align: left; font-size: 15px; padding: 10px;\">S<\/th>\n<th style=\"color: #000000; font-weight: 500; text-align: left; font-size: 15px; padding: 10px;\">M<\/th>\n<th style=\"color: #000000; font-weight: 500; text-align: left; font-size: 15px; padding: 10px;\">L<\/th>\n<th style=\"color: #000000; font-weight: 500; text-align: left; font-size: 15px; padding: 10px;\">XL<\/th>\n<\/tr>\n<\/thead>\n<tbody>\n<tr>\n<td style=\"padding: 10px; color: #525252; font-size: 15px; border-top: 1px solid #ededed;\">Breite<\/td>\n<td style=\"padding: 10px; color: #525252; font-size: 15px; border-top: 1px solid #ededed;\">43<\/td>\n<td style=\"padding: 10px; color: #525252; font-size: 15px; border-top: 1px solid #ededed;\">46<\/td>\n<td style=\"padding: 10px; color: #525252; font-size: 15px; border-top: 1px solid #ededed;\">48<\/td>\n<td style=\"padding: 10px; color: #525252; font-size: 15px; border-top: 1px solid #ededed;\">51<\/td>\n<\/tr>\n<tr>\n<td style=\"padding: 10px; color: #525252; font-size: 15px; border-top: 1px solid #ededed;\">L\u00e4nge<\/td>\n<td style=\"padding: 10px; color: #525252; font-size: 15px; border-top: 1px solid #ededed;\">54<\/td>\n<td style=\"padding: 10px; color: #525252; font-size: 15px; border-top: 1px solid #ededed;\">57<\/td>\n<td style=\"padding: 10px; color: #525252; font-size: 15px; border-top: 1px solid #ededed;\">61<\/td>\n<td style=\"padding: 10px; color: #525252; font-size: 15px; border-top: 1px solid #ededed;\">65<\/td>\n<\/tr>\n<tr>\n<td style=\"padding: 10px; color: #525252; font-size: 15px; border-top: 1px solid #ededed;\">\u00c4rmell\u00e4nge (ab Mitte R\u00fccken)<\/td>\n<td style=\"padding: 10px; color: #525252; font-size: 15px; border-top: 1px solid #ededed;\">67<\/td>\n<td style=\"padding: 10px; color: #525252; font-size: 15px; border-top: 1px solid #ededed;\">70<\/td>\n<td style=\"padding: 10px; color: #525252; font-size: 15px; border-top: 1px solid #ededed;\">76<\/td>\n<td style=\"padding: 10px; color: #525252; font-size: 15px; border-top: 1px solid #ededed;\">83<\/td>\n<\/tr>\n<\/tbody>\n<\/table>\n<p><strong><br \/>\nGr\u00f6\u00dfentabelle (in)<\/strong><\/p>\n<table id=\"size-guide\" style=\"min-width: 360px;\">\n<thead>\n<tr>\n<th style=\"padding: 10px;\"><\/th>\n<th style=\"color: #000000; font-weight: 500; text-align: left; font-size: 15px; padding: 10px;\">S<\/th>\n<th style=\"color: #000000; font-weight: 500; text-align: left; font-size: 15px; padding: 10px;\">M<\/th>\n<th style=\"color: #000000; font-weight: 500; text-align: left; font-size: 15px; padding: 10px;\">L<\/th>\n<th style=\"color: #000000; font-weight: 500; text-align: left; font-size: 15px; padding: 10px;\">XL<\/th>\n<\/tr>\n<\/thead>\n<tbody>\n<tr>\n<td style=\"padding: 10px; color: #525252; font-size: 15px; border-top: 1px solid #ededed;\">Breite<\/td>\n<td style=\"padding: 10px; color: #525252; font-size: 15px; border-top: 1px solid #ededed;\">16<\/td>\n<td style=\"padding: 10px; color: #525252; font-size: 15px; border-top: 1px solid #ededed;\">18<\/td>\n<td style=\"padding: 10px; color: #525252; font-size: 15px; border-top: 1px solid #ededed;\">18<\/td>\n<td style=\"padding: 10px; color: #525252; font-size: 15px; border-top: 1px solid #ededed;\">20<\/td>\n<\/tr>\n<tr>\n<td style=\"padding: 10px; color: #525252; font-size: 15px; border-top: 1px solid #ededed;\">L\u00e4nge<\/td>\n<td style=\"padding: 10px; color: #525252; font-size: 15px; border-top: 1px solid #ededed;\">21<\/td>\n<td style=\"padding: 10px; color: #525252; font-size: 15px; border-top: 1px solid #ededed;\">22<\/td>\n<td style=\"padding: 10px; color: #525252; font-size: 15px; border-top: 1px solid #ededed;\">24<\/td>\n<td style=\"padding: 10px; color: #525252; font-size: 15px; border-top: 1px solid #ededed;\">25<\/td>\n<\/tr>\n<tr>\n<td style=\"padding: 10px; color: #525252; font-size: 15px; border-top: 1px solid #ededed;\">\u00c4rmell\u00e4nge (ab Mitte R\u00fccken)<\/td>\n<td style=\"padding: 10px; color: #525252; font-size: 15px; border-top: 1px solid #ededed;\">26<\/td>\n<td style=\"padding: 10px; color: #525252; font-size: 15px; border-top: 1px solid #ededed;\">27<\/td>\n<td style=\"padding: 10px; color: #525252; font-size: 15px; border-top: 1px solid #ededed;\">30<\/td>\n<td style=\"padding: 10px; color: #525252; font-size: 15px; border-top: 1px solid #ededed;\">32<\/td>\n<\/tr>\n<\/tbody>\n<\/table>\n<p>&nbsp;<\/p>","protected":false},"excerpt":{"rendered":"<p>Kostenloser weltweiter Versand<\/p>","protected":false},"featured_media":9768,"menu_order":0,"comment_status":"closed","ping_status":"closed","template":"","meta":[],"product_brand":[],"product_cat":[41],"product_tag":[200,201,211],"class_list":{"0":"post-9751","1":"product","2":"type-product","3":"status-publish","4":"has-post-thumbnail","6":"product_cat-apparel","7":"product_tag-mlb","8":"product_tag-superfan-collection-mlb","9":"product_tag-toronto-blue-jays","11":"first","12":"instock","13":"shipping-taxable","14":"purchasable","15":"product-type-variable","16":"has-default-attributes","17":"rtwpvg-product","18":"rtwpvs-product"},"yoast_head":"<!-- This site is optimized with the Yoast SEO plugin v27.4 - https:\/\/yoast.com\/product\/yoast-seo-wordpress\/ -->\n<title>Toronto Baseball Hoodie - Kids (unisex)<\/title>\n<meta name=\"robots\" content=\"index, follow, max-snippet:-1, max-image-preview:large, max-video-preview:-1\" \/>\n<link rel=\"canonical\" href=\"https:\/\/tifomania.store\/de\/produkt\/toronto-baseball-hoodie-kids-unisex\/\" \/>\n<meta property=\"og:locale\" content=\"de_DE\" \/>\n<meta property=\"og:type\" content=\"article\" \/>\n<meta property=\"og:title\" content=\"Toronto Baseball Hoodie - Kids (unisex)\" \/>\n<meta property=\"og:description\" content=\"Free worldwide shipping\" \/>\n<meta property=\"og:url\" content=\"https:\/\/tifomania.store\/de\/produkt\/toronto-baseball-hoodie-kids-unisex\/\" \/>\n<meta property=\"og:site_name\" content=\"Tifomania\" \/>\n<meta property=\"article:modified_time\" content=\"2025-11-19T20:04:40+00:00\" \/>\n<meta property=\"og:image\" content=\"https:\/\/tifomania.store\/wp-content\/uploads\/2025\/11\/13761899041368565532_2048.jpeg\" \/>\n\t<meta property=\"og:image:width\" content=\"2048\" \/>\n\t<meta property=\"og:image:height\" content=\"2048\" \/>\n\t<meta property=\"og:image:type\" content=\"image\/jpeg\" \/>\n<meta name=\"twitter:card\" content=\"summary_large_image\" \/>\n<meta name=\"twitter:label1\" content=\"Gesch\u00e4tzte Lesezeit\" \/>\n\t<meta name=\"twitter:data1\" content=\"1\u00a0Minute\" \/>\n<script type=\"application\/ld+json\" class=\"yoast-schema-graph\">{\"@context\":\"https:\\\/\\\/schema.org\",\"@graph\":[{\"@type\":\"WebPage\",\"@id\":\"https:\\\/\\\/tifomania.store\\\/product\\\/toronto-baseball-hoodie-kids-unisex\\\/\",\"url\":\"https:\\\/\\\/tifomania.store\\\/product\\\/toronto-baseball-hoodie-kids-unisex\\\/\",\"name\":\"Toronto Baseball Hoodie - Kids (unisex)\",\"isPartOf\":{\"@id\":\"https:\\\/\\\/tifomania.store\\\/#website\"},\"primaryImageOfPage\":{\"@id\":\"https:\\\/\\\/tifomania.store\\\/product\\\/toronto-baseball-hoodie-kids-unisex\\\/#primaryimage\"},\"image\":{\"@id\":\"https:\\\/\\\/tifomania.store\\\/product\\\/toronto-baseball-hoodie-kids-unisex\\\/#primaryimage\"},\"thumbnailUrl\":\"https:\\\/\\\/tifomania.store\\\/wp-content\\\/uploads\\\/2025\\\/11\\\/13761899041368565532_2048.jpeg\",\"datePublished\":\"2025-11-17T18:06:16+00:00\",\"dateModified\":\"2025-11-19T20:04:40+00:00\",\"breadcrumb\":{\"@id\":\"https:\\\/\\\/tifomania.store\\\/product\\\/toronto-baseball-hoodie-kids-unisex\\\/#breadcrumb\"},\"inLanguage\":\"de\",\"potentialAction\":[{\"@type\":\"ReadAction\",\"target\":[\"https:\\\/\\\/tifomania.store\\\/product\\\/toronto-baseball-hoodie-kids-unisex\\\/\"]}]},{\"@type\":\"ImageObject\",\"inLanguage\":\"de\",\"@id\":\"https:\\\/\\\/tifomania.store\\\/product\\\/toronto-baseball-hoodie-kids-unisex\\\/#primaryimage\",\"url\":\"https:\\\/\\\/tifomania.store\\\/wp-content\\\/uploads\\\/2025\\\/11\\\/13761899041368565532_2048.jpeg\",\"contentUrl\":\"https:\\\/\\\/tifomania.store\\\/wp-content\\\/uploads\\\/2025\\\/11\\\/13761899041368565532_2048.jpeg\",\"width\":2048,\"height\":2048},{\"@type\":\"BreadcrumbList\",\"@id\":\"https:\\\/\\\/tifomania.store\\\/product\\\/toronto-baseball-hoodie-kids-unisex\\\/#breadcrumb\",\"itemListElement\":[{\"@type\":\"ListItem\",\"position\":1,\"name\":\"Home\",\"item\":\"https:\\\/\\\/tifomania.store\\\/en\\\/\"},{\"@type\":\"ListItem\",\"position\":2,\"name\":\"Shop\",\"item\":\"https:\\\/\\\/tifomania.store\\\/shop\\\/\"},{\"@type\":\"ListItem\",\"position\":3,\"name\":\"Toronto Baseball Hoodie &#8211; Kids (unisex)\"}]},{\"@type\":\"WebSite\",\"@id\":\"https:\\\/\\\/tifomania.store\\\/#website\",\"url\":\"https:\\\/\\\/tifomania.store\\\/\",\"name\":\"Tifomania\",\"description\":\"Where Passion Becomes Play\",\"potentialAction\":[{\"@type\":\"SearchAction\",\"target\":{\"@type\":\"EntryPoint\",\"urlTemplate\":\"https:\\\/\\\/tifomania.store\\\/?s={search_term_string}\"},\"query-input\":{\"@type\":\"PropertyValueSpecification\",\"valueRequired\":true,\"valueName\":\"search_term_string\"}}],\"inLanguage\":\"de\"}]}<\/script>\n<!-- \/ Yoast SEO plugin. -->","yoast_head_json":{"title":"Toronto Baseball Hoodie - Kinder (unisex)","robots":{"index":"index","follow":"follow","max-snippet":"max-snippet:-1","max-image-preview":"max-image-preview:large","max-video-preview":"max-video-preview:-1"},"canonical":"https:\/\/tifomania.store\/de\/produkt\/toronto-baseball-hoodie-kids-unisex\/","og_locale":"de_DE","og_type":"article","og_title":"Toronto Baseball Hoodie - Kids (unisex)","og_description":"Free worldwide shipping","og_url":"https:\/\/tifomania.store\/de\/produkt\/toronto-baseball-hoodie-kids-unisex\/","og_site_name":"Tifomania","article_modified_time":"2025-11-19T20:04:40+00:00","og_image":[{"width":2048,"height":2048,"url":"https:\/\/tifomania.store\/wp-content\/uploads\/2025\/11\/13761899041368565532_2048.jpeg","type":"image\/jpeg"}],"twitter_card":"summary_large_image","twitter_misc":{"Gesch\u00e4tzte Lesezeit":"1\u00a0Minute"},"schema":{"@context":"https:\/\/schema.org","@graph":[{"@type":"WebPage","@id":"https:\/\/tifomania.store\/product\/toronto-baseball-hoodie-kids-unisex\/","url":"https:\/\/tifomania.store\/product\/toronto-baseball-hoodie-kids-unisex\/","name":"Toronto Baseball Hoodie - Kinder (unisex)","isPartOf":{"@id":"https:\/\/tifomania.store\/#website"},"primaryImageOfPage":{"@id":"https:\/\/tifomania.store\/product\/toronto-baseball-hoodie-kids-unisex\/#primaryimage"},"image":{"@id":"https:\/\/tifomania.store\/product\/toronto-baseball-hoodie-kids-unisex\/#primaryimage"},"thumbnailUrl":"https:\/\/tifomania.store\/wp-content\/uploads\/2025\/11\/13761899041368565532_2048.jpeg","datePublished":"2025-11-17T18:06:16+00:00","dateModified":"2025-11-19T20:04:40+00:00","breadcrumb":{"@id":"https:\/\/tifomania.store\/product\/toronto-baseball-hoodie-kids-unisex\/#breadcrumb"},"inLanguage":"de","potentialAction":[{"@type":"ReadAction","target":["https:\/\/tifomania.store\/product\/toronto-baseball-hoodie-kids-unisex\/"]}]},{"@type":"ImageObject","inLanguage":"de","@id":"https:\/\/tifomania.store\/product\/toronto-baseball-hoodie-kids-unisex\/#primaryimage","url":"https:\/\/tifomania.store\/wp-content\/uploads\/2025\/11\/13761899041368565532_2048.jpeg","contentUrl":"https:\/\/tifomania.store\/wp-content\/uploads\/2025\/11\/13761899041368565532_2048.jpeg","width":2048,"height":2048},{"@type":"BreadcrumbList","@id":"https:\/\/tifomania.store\/product\/toronto-baseball-hoodie-kids-unisex\/#breadcrumb","itemListElement":[{"@type":"ListItem","position":1,"name":"Home","item":"https:\/\/tifomania.store\/en\/"},{"@type":"ListItem","position":2,"name":"Shop","item":"https:\/\/tifomania.store\/shop\/"},{"@type":"ListItem","position":3,"name":"Toronto Baseball Hoodie &#8211; Kids (unisex)"}]},{"@type":"WebSite","@id":"https:\/\/tifomania.store\/#website","url":"https:\/\/tifomania.store\/","name":"Tifomania","description":"Wo die Leidenschaft zum Spiel wird","potentialAction":[{"@type":"SearchAction","target":{"@type":"EntryPoint","urlTemplate":"https:\/\/tifomania.store\/?s={search_term_string}"},"query-input":{"@type":"PropertyValueSpecification","valueRequired":true,"valueName":"search_term_string"}}],"inLanguage":"de"}]}},"_links":{"self":[{"href":"https:\/\/tifomania.store\/de\/wp-json\/wp\/v2\/product\/9751","targetHints":{"allow":["GET"]}}],"collection":[{"href":"https:\/\/tifomania.store\/de\/wp-json\/wp\/v2\/product"}],"about":[{"href":"https:\/\/tifomania.store\/de\/wp-json\/wp\/v2\/types\/product"}],"replies":[{"embeddable":true,"href":"https:\/\/tifomania.store\/de\/wp-json\/wp\/v2\/comments?post=9751"}],"wp:featuredmedia":[{"embeddable":true,"href":"https:\/\/tifomania.store\/de\/wp-json\/wp\/v2\/media\/9768"}],"wp:attachment":[{"href":"https:\/\/tifomania.store\/de\/wp-json\/wp\/v2\/media?parent=9751"}],"wp:term":[{"taxonomy":"product_brand","embeddable":true,"href":"https:\/\/tifomania.store\/de\/wp-json\/wp\/v2\/product_brand?post=9751"},{"taxonomy":"product_cat","embeddable":true,"href":"https:\/\/tifomania.store\/de\/wp-json\/wp\/v2\/product_cat?post=9751"},{"taxonomy":"product_tag","embeddable":true,"href":"https:\/\/tifomania.store\/de\/wp-json\/wp\/v2\/product_tag?post=9751"}],"curies":[{"name":"wp","href":"https:\/\/api.w.org\/{rel}","templated":true}]}}