{"id":5217,"date":"2024-01-30T03:38:50","date_gmt":"2024-01-30T03:38:50","guid":{"rendered":"https:\/\/www.radiustheme.com\/demo\/wordpress\/themes\/toyup\/?page_id=20"},"modified":"2025-10-20T18:21:25","modified_gmt":"2025-10-20T18:21:25","slug":"refund-policy","status":"publish","type":"page","link":"https:\/\/tifomania.store\/es\/refund-policy\/","title":{"rendered":"Pol\u00edtica de reembolso"},"content":{"rendered":"<p>Tenemos una pol\u00edtica de devoluciones de 14 d\u00edas, lo que significa que tienes 14 d\u00edas despu\u00e9s de recibir tu art\u00edculo para solicitar una devoluci\u00f3n.<\/p>\n\n\n\n<p>Para poder realizar una devoluci\u00f3n, el art\u00edculo debe estar en las mismas condiciones en las que lo recibi\u00f3, sin usar, con las etiquetas y en su embalaje original. Tambi\u00e9n necesitar\u00e1s un recibo o prueba de compra.<\/p>\n\n\n\n<p>Para iniciar una devoluci\u00f3n, puede ponerse en contacto con nosotros en <span style=\"text-decoration: underline;\">hello@tifomania.com<\/span>. <\/p>\n\n\n\n<p>Si se acepta su devoluci\u00f3n, le enviaremos instrucciones sobre c\u00f3mo y d\u00f3nde enviar su paquete. Tenga en cuenta que tendr\u00e1 que pagar los gastos de env\u00edo de la devoluci\u00f3n de su\/s art\u00edculo\/s. No se aceptar\u00e1n los art\u00edculos que se nos env\u00eden sin haber solicitado previamente la devoluci\u00f3n.<\/p>\n\n\n\n<p>Siempre puede ponerse en contacto con nosotros para cualquier consulta sobre devoluciones en <span style=\"text-decoration: underline;\">hello@tifomania.com<\/span>.<\/p>\n\n\n\n<p><h2>Da\u00f1os y perjuicios<\/h2><\/p>\n\n\n\n<p>Por favor, inspeccione su pedido en cuanto lo reciba y p\u00f3ngase en contacto con nosotros inmediatamente si el art\u00edculo est\u00e1 defectuoso, da\u00f1ado o si recibe un art\u00edculo equivocado, para que podamos evaluar el problema y solucionarlo.<\/p>\n\n\n\n<p><h2>Excepciones o art\u00edculos no retornables<\/h2><\/p>\n\n\n\n<p>Lamentablemente, no podemos aceptar devoluciones de art\u00edculos en oferta o tarjetas regalo.<\/p>\n\n\n\n<p><h2>Intercambios<\/h2><\/p>\n\n\n\n<p>La forma m\u00e1s r\u00e1pida de asegurarse lo que quiere es devolver el art\u00edculo que tiene y, una vez aceptada la devoluci\u00f3n, hacer una compra por separado del nuevo art\u00edculo.<\/p>\n\n\n\n<p><h2>Periodo de reflexi\u00f3n de 14 d\u00edas de la Uni\u00f3n Europea<\/h2><\/p>\n\n\n\n<p>No obstante lo anterior, si la mercanc\u00eda se env\u00eda a la Uni\u00f3n Europea, tiene derecho a cancelar o devolver su pedido en un plazo de 14 d\u00edas, por cualquier motivo y sin justificaci\u00f3n. Al igual que en el caso anterior, tu art\u00edculo debe estar en las mismas condiciones en que lo recibiste, sin usar, con las etiquetas y en su embalaje original. Tambi\u00e9n necesitar\u00e1s un recibo o prueba de compra.<\/p>\n\n\n\n<p><h2>Reembolsos<\/h2><\/p>\n\n\n\n<p>Le notificaremos una vez hayamos recibido e inspeccionado su devoluci\u00f3n y le comunicaremos si el reembolso ha sido aprobado o no. Si se aprueba, se le reembolsar\u00e1 autom\u00e1ticamente utilizando su m\u00e9todo de pago original en un plazo de 10 d\u00edas laborables. Recuerda que tu banco o la entidad emisora de tu tarjeta de cr\u00e9dito puede tardar alg\u00fan tiempo en procesar y contabilizar el reembolso.<\/p>\n\n\n\n<p>Si han transcurrido m\u00e1s de 15 d\u00edas h\u00e1biles desde que aprobamos su devoluci\u00f3n, p\u00f3ngase en contacto con nosotros en <span style=\"text-decoration: underline;\">hello@tifomania.com<\/span>.<\/p>","protected":false},"excerpt":{"rendered":"<p>We have a 14-day return policy, which means you have 14 days after receiving your item to request a return. To be eligible for a return, your item must be in the same condition that you received it, unworn or unused, with tags, and in its original packaging. You\u2019ll also need a receipt or proof [&hellip;]<\/p>\n","protected":false},"author":1,"featured_media":0,"parent":0,"menu_order":0,"comment_status":"closed","ping_status":"closed","template":"","meta":{"footnotes":""},"class_list":["post-5217","page","type-page","status-publish","hentry"],"yoast_head":"<!-- This site is optimized with the Yoast SEO plugin v27.4 - https:\/\/yoast.com\/product\/yoast-seo-wordpress\/ -->\n<title>Refund Policy<\/title>\n<meta name=\"robots\" content=\"index, follow, max-snippet:-1, max-image-preview:large, max-video-preview:-1\" \/>\n<link rel=\"canonical\" href=\"https:\/\/tifomania.store\/es\/refund-policy\/\" \/>\n<meta property=\"og:locale\" content=\"es_ES\" \/>\n<meta property=\"og:type\" content=\"article\" \/>\n<meta property=\"og:title\" content=\"Refund Policy\" \/>\n<meta property=\"og:description\" content=\"We have a 14-day return policy, which means you have 14 days after receiving your item to request a return. To be eligible for a return, your item must be in the same condition that you received it, unworn or unused, with tags, and in its original packaging. You\u2019ll also need a receipt or proof [&hellip;]\" \/>\n<meta property=\"og:url\" content=\"https:\/\/tifomania.store\/es\/refund-policy\/\" \/>\n<meta property=\"og:site_name\" content=\"Tifomania\" \/>\n<meta property=\"article:modified_time\" content=\"2025-10-20T18:21:25+00:00\" \/>\n<meta name=\"twitter:card\" content=\"summary_large_image\" \/>\n<meta name=\"twitter:label1\" content=\"Tiempo de lectura\" \/>\n\t<meta name=\"twitter:data1\" content=\"2 minutos\" \/>\n<script type=\"application\/ld+json\" class=\"yoast-schema-graph\">{\"@context\":\"https:\\\/\\\/schema.org\",\"@graph\":[{\"@type\":\"WebPage\",\"@id\":\"https:\\\/\\\/tifomania.store\\\/refund-policy\\\/\",\"url\":\"https:\\\/\\\/tifomania.store\\\/refund-policy\\\/\",\"name\":\"Refund Policy\",\"isPartOf\":{\"@id\":\"https:\\\/\\\/tifomania.store\\\/#website\"},\"datePublished\":\"2024-01-30T03:38:50+00:00\",\"dateModified\":\"2025-10-20T18:21:25+00:00\",\"breadcrumb\":{\"@id\":\"https:\\\/\\\/tifomania.store\\\/refund-policy\\\/#breadcrumb\"},\"inLanguage\":\"es\",\"potentialAction\":[{\"@type\":\"ReadAction\",\"target\":[\"https:\\\/\\\/tifomania.store\\\/refund-policy\\\/\"]}]},{\"@type\":\"BreadcrumbList\",\"@id\":\"https:\\\/\\\/tifomania.store\\\/refund-policy\\\/#breadcrumb\",\"itemListElement\":[{\"@type\":\"ListItem\",\"position\":1,\"name\":\"Home\",\"item\":\"https:\\\/\\\/tifomania.store\\\/en\\\/\"},{\"@type\":\"ListItem\",\"position\":2,\"name\":\"Refund Policy\"}]},{\"@type\":\"WebSite\",\"@id\":\"https:\\\/\\\/tifomania.store\\\/#website\",\"url\":\"https:\\\/\\\/tifomania.store\\\/\",\"name\":\"Tifomania\",\"description\":\"Where Passion Becomes Play\",\"potentialAction\":[{\"@type\":\"SearchAction\",\"target\":{\"@type\":\"EntryPoint\",\"urlTemplate\":\"https:\\\/\\\/tifomania.store\\\/?s={search_term_string}\"},\"query-input\":{\"@type\":\"PropertyValueSpecification\",\"valueRequired\":true,\"valueName\":\"search_term_string\"}}],\"inLanguage\":\"es\"}]}<\/script>\n<!-- \/ Yoast SEO plugin. -->","yoast_head_json":{"title":"Pol\u00edtica de reembolso","robots":{"index":"index","follow":"follow","max-snippet":"max-snippet:-1","max-image-preview":"max-image-preview:large","max-video-preview":"max-video-preview:-1"},"canonical":"https:\/\/tifomania.store\/es\/refund-policy\/","og_locale":"es_ES","og_type":"article","og_title":"Refund Policy","og_description":"We have a 14-day return policy, which means you have 14 days after receiving your item to request a return. To be eligible for a return, your item must be in the same condition that you received it, unworn or unused, with tags, and in its original packaging. You\u2019ll also need a receipt or proof [&hellip;]","og_url":"https:\/\/tifomania.store\/es\/refund-policy\/","og_site_name":"Tifomania","article_modified_time":"2025-10-20T18:21:25+00:00","twitter_card":"summary_large_image","twitter_misc":{"Tiempo de lectura":"2 minutos"},"schema":{"@context":"https:\/\/schema.org","@graph":[{"@type":"WebPage","@id":"https:\/\/tifomania.store\/refund-policy\/","url":"https:\/\/tifomania.store\/refund-policy\/","name":"Pol\u00edtica de reembolso","isPartOf":{"@id":"https:\/\/tifomania.store\/#website"},"datePublished":"2024-01-30T03:38:50+00:00","dateModified":"2025-10-20T18:21:25+00:00","breadcrumb":{"@id":"https:\/\/tifomania.store\/refund-policy\/#breadcrumb"},"inLanguage":"es","potentialAction":[{"@type":"ReadAction","target":["https:\/\/tifomania.store\/refund-policy\/"]}]},{"@type":"BreadcrumbList","@id":"https:\/\/tifomania.store\/refund-policy\/#breadcrumb","itemListElement":[{"@type":"ListItem","position":1,"name":"Home","item":"https:\/\/tifomania.store\/en\/"},{"@type":"ListItem","position":2,"name":"Refund Policy"}]},{"@type":"WebSite","@id":"https:\/\/tifomania.store\/#website","url":"https:\/\/tifomania.store\/","name":"Tifoman\u00eda","description":"Donde la pasi\u00f3n se convierte en juego","potentialAction":[{"@type":"SearchAction","target":{"@type":"EntryPoint","urlTemplate":"https:\/\/tifomania.store\/?s={search_term_string}"},"query-input":{"@type":"PropertyValueSpecification","valueRequired":true,"valueName":"search_term_string"}}],"inLanguage":"es"}]}},"_links":{"self":[{"href":"https:\/\/tifomania.store\/es\/wp-json\/wp\/v2\/pages\/5217","targetHints":{"allow":["GET"]}}],"collection":[{"href":"https:\/\/tifomania.store\/es\/wp-json\/wp\/v2\/pages"}],"about":[{"href":"https:\/\/tifomania.store\/es\/wp-json\/wp\/v2\/types\/page"}],"author":[{"embeddable":true,"href":"https:\/\/tifomania.store\/es\/wp-json\/wp\/v2\/users\/1"}],"replies":[{"embeddable":true,"href":"https:\/\/tifomania.store\/es\/wp-json\/wp\/v2\/comments?post=5217"}],"version-history":[{"count":1,"href":"https:\/\/tifomania.store\/es\/wp-json\/wp\/v2\/pages\/5217\/revisions"}],"predecessor-version":[{"id":8644,"href":"https:\/\/tifomania.store\/es\/wp-json\/wp\/v2\/pages\/5217\/revisions\/8644"}],"wp:attachment":[{"href":"https:\/\/tifomania.store\/es\/wp-json\/wp\/v2\/media?parent=5217"}],"curies":[{"name":"wp","href":"https:\/\/api.w.org\/{rel}","templated":true}]}}