{"id":8863,"date":"2025-11-08T21:25:34","date_gmt":"2025-11-08T21:25:34","guid":{"rendered":"https:\/\/tifomania.store\/?post_type=product&#038;p=8863"},"modified":"2025-11-16T17:02:39","modified_gmt":"2025-11-16T17:02:39","slug":"atalanta-mosaic-kit","status":"publish","type":"product","link":"https:\/\/tifomania.store\/es\/producto\/atalanta-mosaic-kit\/","title":{"rendered":"Atalanta - Kit mosaico"},"content":{"rendered":"<p><strong>D\u00e9 rienda suelta a su creatividad, ladrillo a ladrillo<\/strong><\/p>\n<p>\u00a1Lleva el esp\u00edritu del Atalanta a tu hogar con este kit de mosaico art\u00edstico de ladrillos compatible con Lego! Recrea el poder y la personalidad de La Dea con miles de ladrillos de colores que se unen para formar una imagen impactante inspirada en los colores ic\u00f3nicos y la determinaci\u00f3n imparable del equipo.<\/p>\n<blockquote><p>Perfecto para colgarlo en la pared o alegrar el escritorio de los ni\u00f1os<\/p><\/blockquote>\n<p>Cada juego incluye todo lo que necesitas: todos los ladrillos, las placas base y una sencilla gu\u00eda que te ayudar\u00e1 a montar tu propia obra maestra, un homenaje a la historia, el orgullo y la inconfundible identidad azul y negra del Atalanta.<\/p>\n<p>Amado por generaciones, el Atalanta es m\u00e1s que un club de f\u00fatbol: es un s\u00edmbolo de la resistencia, la ambici\u00f3n y el esp\u00edritu de lucha de B\u00e9rgamo. Este mosaico capta esa misma energ\u00eda, por lo que es un regalo perfecto tanto para los aficionados j\u00f3venes como para los de toda la vida que quieran celebrar a su club de una forma \u00fanica y creativa.<\/p>\n<p>&nbsp;<\/p>\n<p><img decoding=\"async\" class=\"size-medium aligncenter\" src=\"https:\/\/barsport24.com\/wp-content\/uploads\/2025\/11\/Tifomania-Mosaic.gif\" width=\"80%\" height=\"80%\" \/><\/p>\n<p>&nbsp;<\/p>\n<p><strong>Detalles:<\/strong><\/p>\n<ul>\n<li><strong>Tama\u00f1o del mosaico<\/strong>: 51 x 51 cm (con marco: 54 x 54 cm)<\/li>\n<li><strong>N\u00famero de ladrillos<\/strong>: 4.096<\/li>\n<li><strong>Plazo de ejecuci\u00f3n<\/strong>: 6-8 horas<\/li>\n<li><strong>Env\u00edo gratuito a la UE<\/strong> (no disponible en EE.UU. ni en el resto del mundo)<\/li>\n<\/ul>\n<p>&nbsp;<\/p>\n<p><strong>Variantes:<\/strong><\/p>\n<p><strong>\u26ac Sin marco: <\/strong>incluye 4 placas base y pegatinas de doble cara para unirlas y formar un mosaico de 51 \u00d7 51 cm.<br \/>\n<strong>Marco blanco\/negro:<\/strong> incluye un juego de placas base enmarcadas que se ensamblan en un mosaico de 54 \u00d7 54 cm, como se muestra en las im\u00e1genes.<\/p>\n<p>&nbsp;<\/p>\n<p><strong>Descargo de responsabilidad: <\/strong><\/p>\n<p>Nuestros mosaicos est\u00e1n inspirados en la cultura y los colores de la afici\u00f3n deportiva, dise\u00f1ados para despertar la creatividad y la imaginaci\u00f3n de los j\u00f3venes aficionados. A menos que se indique expl\u00edcitamente, nuestros kits de mosaicos no son productos oficiales y no est\u00e1n avalados, autorizados ni afiliados a ning\u00fan equipo, liga u organizaci\u00f3n. Para obtener m\u00e1s informaci\u00f3n, lea nuestro <a href=\"\/es\/licensing-partnerships\/\">licencias y asociaciones<\/a> aviso.<\/p>","protected":false},"excerpt":{"rendered":"<p>Env\u00edo gratuito (incluido) a toda Europa.<\/p>","protected":false},"featured_media":8926,"menu_order":0,"comment_status":"closed","ping_status":"closed","template":"","meta":[],"product_brand":[],"product_cat":[54,42],"product_tag":[35,36,38,101,102],"class_list":{"0":"post-8863","1":"product","2":"type-product","3":"status-publish","4":"has-post-thumbnail","6":"product_cat-bricks","7":"product_cat-educational-toys","8":"product_tag-13-years","9":"product_tag-4-8-years","10":"product_tag-9-12-years","11":"product_tag-atalanta","12":"product_tag-serie-a","13":"product_shipping_class-toys","15":"first","16":"instock","17":"shipping-taxable","18":"purchasable","19":"product-type-variable","20":"rtwpvg-product","21":"rtwpvs-product"},"yoast_head":"<!-- This site is optimized with the Yoast SEO plugin v27.4 - https:\/\/yoast.com\/product\/yoast-seo-wordpress\/ -->\n<title>Atalanta - Mosaic Kit<\/title>\n<meta name=\"description\" content=\"Recreate the power and personality of La Dea with thousands of colorful bricks and bring the spirit of Atalanta into your home. Perfect for young and older fans.\" \/>\n<meta name=\"robots\" content=\"index, follow, max-snippet:-1, max-image-preview:large, max-video-preview:-1\" \/>\n<link rel=\"canonical\" href=\"https:\/\/tifomania.store\/es\/producto\/atalanta-mosaic-kit\/\" \/>\n<meta property=\"og:locale\" content=\"es_ES\" \/>\n<meta property=\"og:type\" content=\"article\" \/>\n<meta property=\"og:title\" content=\"Atalanta - Mosaic Kit\" \/>\n<meta property=\"og:description\" content=\"Recreate the power and personality of La Dea with thousands of colorful bricks and bring the spirit of Atalanta into your home. Perfect for young and older fans.\" \/>\n<meta property=\"og:url\" content=\"https:\/\/tifomania.store\/es\/producto\/atalanta-mosaic-kit\/\" \/>\n<meta property=\"og:site_name\" content=\"Tifomania\" \/>\n<meta property=\"article:modified_time\" content=\"2025-11-16T17:02:39+00:00\" \/>\n<meta property=\"og:image\" content=\"https:\/\/tifomania.store\/wp-content\/uploads\/2025\/11\/Atalanta-Mosaic-A.webp\" \/>\n\t<meta property=\"og:image:width\" content=\"900\" \/>\n\t<meta property=\"og:image:height\" content=\"900\" \/>\n\t<meta property=\"og:image:type\" content=\"image\/webp\" \/>\n<meta name=\"twitter:card\" content=\"summary_large_image\" \/>\n<meta name=\"twitter:label1\" content=\"Tiempo de lectura\" \/>\n\t<meta name=\"twitter:data1\" content=\"2 minutos\" \/>\n<script type=\"application\/ld+json\" class=\"yoast-schema-graph\">{\"@context\":\"https:\\\/\\\/schema.org\",\"@graph\":[{\"@type\":\"WebPage\",\"@id\":\"https:\\\/\\\/tifomania.store\\\/product\\\/atalanta-mosaic-kit\\\/\",\"url\":\"https:\\\/\\\/tifomania.store\\\/product\\\/atalanta-mosaic-kit\\\/\",\"name\":\"Atalanta - Mosaic Kit\",\"isPartOf\":{\"@id\":\"https:\\\/\\\/tifomania.store\\\/#website\"},\"primaryImageOfPage\":{\"@id\":\"https:\\\/\\\/tifomania.store\\\/product\\\/atalanta-mosaic-kit\\\/#primaryimage\"},\"image\":{\"@id\":\"https:\\\/\\\/tifomania.store\\\/product\\\/atalanta-mosaic-kit\\\/#primaryimage\"},\"thumbnailUrl\":\"https:\\\/\\\/tifomania.store\\\/wp-content\\\/uploads\\\/2025\\\/11\\\/Atalanta-Mosaic-A.webp\",\"datePublished\":\"2025-11-08T21:25:34+00:00\",\"dateModified\":\"2025-11-16T17:02:39+00:00\",\"description\":\"Recreate the power and personality of La Dea with thousands of colorful bricks and bring the spirit of Atalanta into your home. Perfect for young and older fans.\",\"breadcrumb\":{\"@id\":\"https:\\\/\\\/tifomania.store\\\/product\\\/atalanta-mosaic-kit\\\/#breadcrumb\"},\"inLanguage\":\"es\",\"potentialAction\":[{\"@type\":\"ReadAction\",\"target\":[\"https:\\\/\\\/tifomania.store\\\/product\\\/atalanta-mosaic-kit\\\/\"]}]},{\"@type\":\"ImageObject\",\"inLanguage\":\"es\",\"@id\":\"https:\\\/\\\/tifomania.store\\\/product\\\/atalanta-mosaic-kit\\\/#primaryimage\",\"url\":\"https:\\\/\\\/tifomania.store\\\/wp-content\\\/uploads\\\/2025\\\/11\\\/Atalanta-Mosaic-A.webp\",\"contentUrl\":\"https:\\\/\\\/tifomania.store\\\/wp-content\\\/uploads\\\/2025\\\/11\\\/Atalanta-Mosaic-A.webp\",\"width\":900,\"height\":900},{\"@type\":\"BreadcrumbList\",\"@id\":\"https:\\\/\\\/tifomania.store\\\/product\\\/atalanta-mosaic-kit\\\/#breadcrumb\",\"itemListElement\":[{\"@type\":\"ListItem\",\"position\":1,\"name\":\"Home\",\"item\":\"https:\\\/\\\/tifomania.store\\\/en\\\/\"},{\"@type\":\"ListItem\",\"position\":2,\"name\":\"Shop\",\"item\":\"https:\\\/\\\/tifomania.store\\\/shop\\\/\"},{\"@type\":\"ListItem\",\"position\":3,\"name\":\"Atalanta &#8211; Mosaic Kit\"}]},{\"@type\":\"WebSite\",\"@id\":\"https:\\\/\\\/tifomania.store\\\/#website\",\"url\":\"https:\\\/\\\/tifomania.store\\\/\",\"name\":\"Tifomania\",\"description\":\"Where Passion Becomes Play\",\"potentialAction\":[{\"@type\":\"SearchAction\",\"target\":{\"@type\":\"EntryPoint\",\"urlTemplate\":\"https:\\\/\\\/tifomania.store\\\/?s={search_term_string}\"},\"query-input\":{\"@type\":\"PropertyValueSpecification\",\"valueRequired\":true,\"valueName\":\"search_term_string\"}}],\"inLanguage\":\"es\"}]}<\/script>\n<!-- \/ Yoast SEO plugin. -->","yoast_head_json":{"title":"Atalanta - Kit mosaico","description":"Recreate the power and personality of La Dea with thousands of colorful bricks and bring the spirit of Atalanta into your home. Perfect for young and older fans.","robots":{"index":"index","follow":"follow","max-snippet":"max-snippet:-1","max-image-preview":"max-image-preview:large","max-video-preview":"max-video-preview:-1"},"canonical":"https:\/\/tifomania.store\/es\/producto\/atalanta-mosaic-kit\/","og_locale":"es_ES","og_type":"article","og_title":"Atalanta - Mosaic Kit","og_description":"Recreate the power and personality of La Dea with thousands of colorful bricks and bring the spirit of Atalanta into your home. Perfect for young and older fans.","og_url":"https:\/\/tifomania.store\/es\/producto\/atalanta-mosaic-kit\/","og_site_name":"Tifomania","article_modified_time":"2025-11-16T17:02:39+00:00","og_image":[{"width":900,"height":900,"url":"https:\/\/tifomania.store\/wp-content\/uploads\/2025\/11\/Atalanta-Mosaic-A.webp","type":"image\/webp"}],"twitter_card":"summary_large_image","twitter_misc":{"Tiempo de lectura":"2 minutos"},"schema":{"@context":"https:\/\/schema.org","@graph":[{"@type":"WebPage","@id":"https:\/\/tifomania.store\/product\/atalanta-mosaic-kit\/","url":"https:\/\/tifomania.store\/product\/atalanta-mosaic-kit\/","name":"Atalanta - Kit mosaico","isPartOf":{"@id":"https:\/\/tifomania.store\/#website"},"primaryImageOfPage":{"@id":"https:\/\/tifomania.store\/product\/atalanta-mosaic-kit\/#primaryimage"},"image":{"@id":"https:\/\/tifomania.store\/product\/atalanta-mosaic-kit\/#primaryimage"},"thumbnailUrl":"https:\/\/tifomania.store\/wp-content\/uploads\/2025\/11\/Atalanta-Mosaic-A.webp","datePublished":"2025-11-08T21:25:34+00:00","dateModified":"2025-11-16T17:02:39+00:00","description":"Recreate the power and personality of La Dea with thousands of colorful bricks and bring the spirit of Atalanta into your home. Perfect for young and older fans.","breadcrumb":{"@id":"https:\/\/tifomania.store\/product\/atalanta-mosaic-kit\/#breadcrumb"},"inLanguage":"es","potentialAction":[{"@type":"ReadAction","target":["https:\/\/tifomania.store\/product\/atalanta-mosaic-kit\/"]}]},{"@type":"ImageObject","inLanguage":"es","@id":"https:\/\/tifomania.store\/product\/atalanta-mosaic-kit\/#primaryimage","url":"https:\/\/tifomania.store\/wp-content\/uploads\/2025\/11\/Atalanta-Mosaic-A.webp","contentUrl":"https:\/\/tifomania.store\/wp-content\/uploads\/2025\/11\/Atalanta-Mosaic-A.webp","width":900,"height":900},{"@type":"BreadcrumbList","@id":"https:\/\/tifomania.store\/product\/atalanta-mosaic-kit\/#breadcrumb","itemListElement":[{"@type":"ListItem","position":1,"name":"Home","item":"https:\/\/tifomania.store\/en\/"},{"@type":"ListItem","position":2,"name":"Shop","item":"https:\/\/tifomania.store\/shop\/"},{"@type":"ListItem","position":3,"name":"Atalanta &#8211; Mosaic Kit"}]},{"@type":"WebSite","@id":"https:\/\/tifomania.store\/#website","url":"https:\/\/tifomania.store\/","name":"Tifoman\u00eda","description":"Donde la pasi\u00f3n se convierte en juego","potentialAction":[{"@type":"SearchAction","target":{"@type":"EntryPoint","urlTemplate":"https:\/\/tifomania.store\/?s={search_term_string}"},"query-input":{"@type":"PropertyValueSpecification","valueRequired":true,"valueName":"search_term_string"}}],"inLanguage":"es"}]}},"_links":{"self":[{"href":"https:\/\/tifomania.store\/es\/wp-json\/wp\/v2\/product\/8863","targetHints":{"allow":["GET"]}}],"collection":[{"href":"https:\/\/tifomania.store\/es\/wp-json\/wp\/v2\/product"}],"about":[{"href":"https:\/\/tifomania.store\/es\/wp-json\/wp\/v2\/types\/product"}],"replies":[{"embeddable":true,"href":"https:\/\/tifomania.store\/es\/wp-json\/wp\/v2\/comments?post=8863"}],"wp:featuredmedia":[{"embeddable":true,"href":"https:\/\/tifomania.store\/es\/wp-json\/wp\/v2\/media\/8926"}],"wp:attachment":[{"href":"https:\/\/tifomania.store\/es\/wp-json\/wp\/v2\/media?parent=8863"}],"wp:term":[{"taxonomy":"product_brand","embeddable":true,"href":"https:\/\/tifomania.store\/es\/wp-json\/wp\/v2\/product_brand?post=8863"},{"taxonomy":"product_cat","embeddable":true,"href":"https:\/\/tifomania.store\/es\/wp-json\/wp\/v2\/product_cat?post=8863"},{"taxonomy":"product_tag","embeddable":true,"href":"https:\/\/tifomania.store\/es\/wp-json\/wp\/v2\/product_tag?post=8863"}],"curies":[{"name":"wp","href":"https:\/\/api.w.org\/{rel}","templated":true}]}}