{"id":5217,"date":"2024-01-30T03:38:50","date_gmt":"2024-01-30T03:38:50","guid":{"rendered":"https:\/\/www.radiustheme.com\/demo\/wordpress\/themes\/toyup\/?page_id=20"},"modified":"2025-10-20T18:21:25","modified_gmt":"2025-10-20T18:21:25","slug":"refund-policy","status":"publish","type":"page","link":"https:\/\/tifomania.store\/fr\/refund-policy\/","title":{"rendered":"Politique de remboursement"},"content":{"rendered":"<p>Nous appliquons une politique de retour de 14 jours, ce qui signifie que vous disposez de 14 jours apr\u00e8s r\u00e9ception de votre article pour demander un retour.<\/p>\n\n\n\n<p>Pour pouvoir \u00eatre retourn\u00e9, votre article doit \u00eatre dans le m\u00eame \u00e9tat que celui dans lequel vous l'avez re\u00e7u, non port\u00e9 ou non utilis\u00e9, avec les \u00e9tiquettes et dans son emballage d'origine. Vous aurez \u00e9galement besoin d'un re\u00e7u ou d'une preuve d'achat.<\/p>\n\n\n\n<p>Pour entamer une proc\u00e9dure de retour, vous pouvez nous contacter \u00e0 l'adresse suivante <span style=\"text-decoration: underline;\">hello@tifomania.com<\/span>. <\/p>\n\n\n\n<p>Si votre retour est accept\u00e9, nous vous enverrons des instructions sur la mani\u00e8re et le lieu d'envoi de votre colis. Veuillez noter que vous devrez payer les frais d'exp\u00e9dition pour le retour de votre\/vos article(s). Les articles renvoy\u00e9s sans demande pr\u00e9alable de retour ne seront pas accept\u00e9s.<\/p>\n\n\n\n<p>Vous pouvez toujours nous contacter pour toute question concernant les retours \u00e0 l'adresse suivante <span style=\"text-decoration: underline;\">hello@tifomania.com<\/span>.<\/p>\n\n\n\n<p><h2>Dommages et int\u00e9r\u00eats<\/h2><\/p>\n\n\n\n<p>Veuillez inspecter votre commande \u00e0 la r\u00e9ception et nous contacter imm\u00e9diatement si l'article est d\u00e9fectueux, endommag\u00e9 ou si vous recevez le mauvais article, afin que nous puissions \u00e9valuer le probl\u00e8me et y rem\u00e9dier.<\/p>\n\n\n\n<p><h2>Exceptions ou articles non retournables<\/h2><\/p>\n\n\n\n<p>Malheureusement, nous n'acceptons pas les retours sur les articles sold\u00e9s ou les cartes-cadeaux.<\/p>\n\n\n\n<p><h2>\u00c9changes<\/h2><\/p>\n\n\n\n<p>Le moyen le plus rapide de s'assurer d'obtenir ce que l'on veut est de retourner l'article que l'on a et, une fois le retour accept\u00e9, d'effectuer un achat s\u00e9par\u00e9 pour le nouvel article.<\/p>\n\n\n\n<p><h2>Union europ\u00e9enne : d\u00e9lai de r\u00e9flexion de 14 jours<\/h2><\/p>\n\n\n\n<p>Nonobstant ce qui pr\u00e9c\u00e8de, si la marchandise est exp\u00e9di\u00e9e dans l'Union europ\u00e9enne, vous avez le droit d'annuler ou de retourner votre commande dans un d\u00e9lai de 14 jours, pour quelque raison que ce soit et sans justification. Comme ci-dessus, votre article doit \u00eatre dans le m\u00eame \u00e9tat que celui dans lequel vous l'avez re\u00e7u, non port\u00e9 ou non utilis\u00e9, avec les \u00e9tiquettes, et dans son emballage d'origine. Vous aurez \u00e9galement besoin d'un re\u00e7u ou d'une preuve d'achat.<\/p>\n\n\n\n<p><h2>Remboursements<\/h2><\/p>\n\n\n\n<p>Nous vous informerons d\u00e8s que nous aurons re\u00e7u et inspect\u00e9 votre retour et vous ferons savoir si le remboursement a \u00e9t\u00e9 approuv\u00e9 ou non. Si le remboursement est approuv\u00e9, vous serez automatiquement rembours\u00e9 en utilisant votre mode de paiement d'origine dans les 10 jours ouvrables. N'oubliez pas que le traitement et l'affichage du remboursement par votre banque ou votre soci\u00e9t\u00e9 de carte de cr\u00e9dit peuvent prendre un certain temps.<\/p>\n\n\n\n<p>Si plus de 15 jours ouvrables se sont \u00e9coul\u00e9s depuis que nous avons approuv\u00e9 votre retour, veuillez nous contacter \u00e0 l'adresse suivante <span style=\"text-decoration: underline;\">hello@tifomania.com<\/span>.<\/p>","protected":false},"excerpt":{"rendered":"<p>We have a 14-day return policy, which means you have 14 days after receiving your item to request a return. To be eligible for a return, your item must be in the same condition that you received it, unworn or unused, with tags, and in its original packaging. You\u2019ll also need a receipt or proof [&hellip;]<\/p>\n","protected":false},"author":1,"featured_media":0,"parent":0,"menu_order":0,"comment_status":"closed","ping_status":"closed","template":"","meta":{"footnotes":""},"class_list":["post-5217","page","type-page","status-publish","hentry"],"yoast_head":"<!-- This site is optimized with the Yoast SEO plugin v27.4 - https:\/\/yoast.com\/product\/yoast-seo-wordpress\/ -->\n<title>Refund Policy<\/title>\n<meta name=\"robots\" content=\"index, follow, max-snippet:-1, max-image-preview:large, max-video-preview:-1\" \/>\n<link rel=\"canonical\" href=\"https:\/\/tifomania.store\/fr\/refund-policy\/\" \/>\n<meta property=\"og:locale\" content=\"fr_FR\" \/>\n<meta property=\"og:type\" content=\"article\" \/>\n<meta property=\"og:title\" content=\"Refund Policy\" \/>\n<meta property=\"og:description\" content=\"We have a 14-day return policy, which means you have 14 days after receiving your item to request a return. To be eligible for a return, your item must be in the same condition that you received it, unworn or unused, with tags, and in its original packaging. You\u2019ll also need a receipt or proof [&hellip;]\" \/>\n<meta property=\"og:url\" content=\"https:\/\/tifomania.store\/fr\/refund-policy\/\" \/>\n<meta property=\"og:site_name\" content=\"Tifomania\" \/>\n<meta property=\"article:modified_time\" content=\"2025-10-20T18:21:25+00:00\" \/>\n<meta name=\"twitter:card\" content=\"summary_large_image\" \/>\n<meta name=\"twitter:label1\" content=\"Dur\u00e9e de lecture estim\u00e9e\" \/>\n\t<meta name=\"twitter:data1\" content=\"2 minutes\" \/>\n<script type=\"application\/ld+json\" class=\"yoast-schema-graph\">{\"@context\":\"https:\\\/\\\/schema.org\",\"@graph\":[{\"@type\":\"WebPage\",\"@id\":\"https:\\\/\\\/tifomania.store\\\/refund-policy\\\/\",\"url\":\"https:\\\/\\\/tifomania.store\\\/refund-policy\\\/\",\"name\":\"Refund Policy\",\"isPartOf\":{\"@id\":\"https:\\\/\\\/tifomania.store\\\/#website\"},\"datePublished\":\"2024-01-30T03:38:50+00:00\",\"dateModified\":\"2025-10-20T18:21:25+00:00\",\"breadcrumb\":{\"@id\":\"https:\\\/\\\/tifomania.store\\\/refund-policy\\\/#breadcrumb\"},\"inLanguage\":\"fr-FR\",\"potentialAction\":[{\"@type\":\"ReadAction\",\"target\":[\"https:\\\/\\\/tifomania.store\\\/refund-policy\\\/\"]}]},{\"@type\":\"BreadcrumbList\",\"@id\":\"https:\\\/\\\/tifomania.store\\\/refund-policy\\\/#breadcrumb\",\"itemListElement\":[{\"@type\":\"ListItem\",\"position\":1,\"name\":\"Home\",\"item\":\"https:\\\/\\\/tifomania.store\\\/en\\\/\"},{\"@type\":\"ListItem\",\"position\":2,\"name\":\"Refund Policy\"}]},{\"@type\":\"WebSite\",\"@id\":\"https:\\\/\\\/tifomania.store\\\/#website\",\"url\":\"https:\\\/\\\/tifomania.store\\\/\",\"name\":\"Tifomania\",\"description\":\"Where Passion Becomes Play\",\"potentialAction\":[{\"@type\":\"SearchAction\",\"target\":{\"@type\":\"EntryPoint\",\"urlTemplate\":\"https:\\\/\\\/tifomania.store\\\/?s={search_term_string}\"},\"query-input\":{\"@type\":\"PropertyValueSpecification\",\"valueRequired\":true,\"valueName\":\"search_term_string\"}}],\"inLanguage\":\"fr-FR\"}]}<\/script>\n<!-- \/ Yoast SEO plugin. -->","yoast_head_json":{"title":"Politique de remboursement","robots":{"index":"index","follow":"follow","max-snippet":"max-snippet:-1","max-image-preview":"max-image-preview:large","max-video-preview":"max-video-preview:-1"},"canonical":"https:\/\/tifomania.store\/fr\/refund-policy\/","og_locale":"fr_FR","og_type":"article","og_title":"Refund Policy","og_description":"We have a 14-day return policy, which means you have 14 days after receiving your item to request a return. To be eligible for a return, your item must be in the same condition that you received it, unworn or unused, with tags, and in its original packaging. You\u2019ll also need a receipt or proof [&hellip;]","og_url":"https:\/\/tifomania.store\/fr\/refund-policy\/","og_site_name":"Tifomania","article_modified_time":"2025-10-20T18:21:25+00:00","twitter_card":"summary_large_image","twitter_misc":{"Dur\u00e9e de lecture estim\u00e9e":"2 minutes"},"schema":{"@context":"https:\/\/schema.org","@graph":[{"@type":"WebPage","@id":"https:\/\/tifomania.store\/refund-policy\/","url":"https:\/\/tifomania.store\/refund-policy\/","name":"Politique de remboursement","isPartOf":{"@id":"https:\/\/tifomania.store\/#website"},"datePublished":"2024-01-30T03:38:50+00:00","dateModified":"2025-10-20T18:21:25+00:00","breadcrumb":{"@id":"https:\/\/tifomania.store\/refund-policy\/#breadcrumb"},"inLanguage":"fr-FR","potentialAction":[{"@type":"ReadAction","target":["https:\/\/tifomania.store\/refund-policy\/"]}]},{"@type":"BreadcrumbList","@id":"https:\/\/tifomania.store\/refund-policy\/#breadcrumb","itemListElement":[{"@type":"ListItem","position":1,"name":"Home","item":"https:\/\/tifomania.store\/en\/"},{"@type":"ListItem","position":2,"name":"Refund Policy"}]},{"@type":"WebSite","@id":"https:\/\/tifomania.store\/#website","url":"https:\/\/tifomania.store\/","name":"Tifomania","description":"Quand la passion devient jeu","potentialAction":[{"@type":"SearchAction","target":{"@type":"EntryPoint","urlTemplate":"https:\/\/tifomania.store\/?s={search_term_string}"},"query-input":{"@type":"PropertyValueSpecification","valueRequired":true,"valueName":"search_term_string"}}],"inLanguage":"fr-FR"}]}},"_links":{"self":[{"href":"https:\/\/tifomania.store\/fr\/wp-json\/wp\/v2\/pages\/5217","targetHints":{"allow":["GET"]}}],"collection":[{"href":"https:\/\/tifomania.store\/fr\/wp-json\/wp\/v2\/pages"}],"about":[{"href":"https:\/\/tifomania.store\/fr\/wp-json\/wp\/v2\/types\/page"}],"author":[{"embeddable":true,"href":"https:\/\/tifomania.store\/fr\/wp-json\/wp\/v2\/users\/1"}],"replies":[{"embeddable":true,"href":"https:\/\/tifomania.store\/fr\/wp-json\/wp\/v2\/comments?post=5217"}],"version-history":[{"count":1,"href":"https:\/\/tifomania.store\/fr\/wp-json\/wp\/v2\/pages\/5217\/revisions"}],"predecessor-version":[{"id":8644,"href":"https:\/\/tifomania.store\/fr\/wp-json\/wp\/v2\/pages\/5217\/revisions\/8644"}],"wp:attachment":[{"href":"https:\/\/tifomania.store\/fr\/wp-json\/wp\/v2\/media?parent=5217"}],"curies":[{"name":"wp","href":"https:\/\/api.w.org\/{rel}","templated":true}]}}