{"id":10157,"date":"2025-11-19T15:45:08","date_gmt":"2025-11-19T15:45:08","guid":{"rendered":"https:\/\/tifomania.store\/en\/product\/milwaukee-baseball-hoodie-kids-unisex\/"},"modified":"2025-11-19T19:19:06","modified_gmt":"2025-11-19T19:19:06","slug":"milwaukee-baseball-hoodie-kids-unisex","status":"publish","type":"product","link":"https:\/\/tifomania.store\/fr\/produit\/milwaukee-baseball-hoodie-kids-unisex\/","title":{"rendered":"Sweat \u00e0 capuche Milwaukee Baseball - Enfants (unisexe)"},"content":{"rendered":"<p><strong>Enveloppez votre enfant dans l'esprit de l'\u00e9quipe avec ce sweat \u00e0 capuche douillet inspir\u00e9 de la mascotte des Milwaukee Brewers ! <\/strong><\/p>\n<p>Con\u00e7u pour les aventures quotidiennes, il pr\u00e9sente des couleurs vives, des d\u00e9tails ludiques et un tissu doux, adapt\u00e9 aux enfants, qui les garde au chaud \u00e0 l'\u00e9cole, au stade ou en d\u00e9placement. L\u00e9ger mais confortable, il apporte l'\u00e9nergie des Brewers \u00e0 leur garde-robe - parfait pour les jeunes fans qui aiment montrer leur passion avec un grand sourire.<\/p>\n<p><strong>Caract\u00e9ristiques du produit<\/strong><\/p>\n<p>- Tissu 50\/50 coton-poly de poids moyen (les couleurs chin\u00e9es varient) pour une impression durable et lisse<br \/>\n- Poche kangourou spacieuse pour r\u00e9chauffer les mains et conserver les petits objets<br \/>\n- Bande d'encolure en serg\u00e9 pour stabiliser la couture arri\u00e8re et \u00e9viter les \u00e9tirements<br \/>\n- Coupe r\u00e9guli\u00e8re et \u00e9tiquette cousue pour plus de confort.<\/p>\n<p><strong>Tableau des tailles (cm)<\/strong><\/p>\n<table id=\"size-guide\" style=\"min-width: 360px;\">\n<thead>\n<tr>\n<th style=\"padding: 10px;\"><\/th>\n<th style=\"color: #000000; font-weight: 500; text-align: left; font-size: 15px; padding: 10px;\">S<\/th>\n<th style=\"color: #000000; font-weight: 500; text-align: left; font-size: 15px; padding: 10px;\">M<\/th>\n<th style=\"color: #000000; font-weight: 500; text-align: left; font-size: 15px; padding: 10px;\">L<\/th>\n<th style=\"color: #000000; font-weight: 500; text-align: left; font-size: 15px; padding: 10px;\">XL<\/th>\n<\/tr>\n<\/thead>\n<tbody>\n<tr>\n<td style=\"padding: 10px; color: #525252; font-size: 15px; border-top: 1px solid #ededed;\">Largeur<\/td>\n<td style=\"padding: 10px; color: #525252; font-size: 15px; border-top: 1px solid #ededed;\">43<\/td>\n<td style=\"padding: 10px; color: #525252; font-size: 15px; border-top: 1px solid #ededed;\">46<\/td>\n<td style=\"padding: 10px; color: #525252; font-size: 15px; border-top: 1px solid #ededed;\">48<\/td>\n<td style=\"padding: 10px; color: #525252; font-size: 15px; border-top: 1px solid #ededed;\">51<\/td>\n<\/tr>\n<tr>\n<td style=\"padding: 10px; color: #525252; font-size: 15px; border-top: 1px solid #ededed;\">Longueur<\/td>\n<td style=\"padding: 10px; color: #525252; font-size: 15px; border-top: 1px solid #ededed;\">54<\/td>\n<td style=\"padding: 10px; color: #525252; font-size: 15px; border-top: 1px solid #ededed;\">57<\/td>\n<td style=\"padding: 10px; color: #525252; font-size: 15px; border-top: 1px solid #ededed;\">61<\/td>\n<td style=\"padding: 10px; color: #525252; font-size: 15px; border-top: 1px solid #ededed;\">65<\/td>\n<\/tr>\n<tr>\n<td style=\"padding: 10px; color: #525252; font-size: 15px; border-top: 1px solid #ededed;\">Longueur des manches (\u00e0 partir du milieu du dos)<\/td>\n<td style=\"padding: 10px; color: #525252; font-size: 15px; border-top: 1px solid #ededed;\">67<\/td>\n<td style=\"padding: 10px; color: #525252; font-size: 15px; border-top: 1px solid #ededed;\">70<\/td>\n<td style=\"padding: 10px; color: #525252; font-size: 15px; border-top: 1px solid #ededed;\">76<\/td>\n<td style=\"padding: 10px; color: #525252; font-size: 15px; border-top: 1px solid #ededed;\">83<\/td>\n<\/tr>\n<\/tbody>\n<\/table>\n<p><strong><br \/>\nTableau des tailles (in)<\/strong><\/p>\n<table id=\"size-guide\" style=\"min-width: 360px;\">\n<thead>\n<tr>\n<th style=\"padding: 10px;\"><\/th>\n<th style=\"color: #000000; font-weight: 500; text-align: left; font-size: 15px; padding: 10px;\">S<\/th>\n<th style=\"color: #000000; font-weight: 500; text-align: left; font-size: 15px; padding: 10px;\">M<\/th>\n<th style=\"color: #000000; font-weight: 500; text-align: left; font-size: 15px; padding: 10px;\">L<\/th>\n<th style=\"color: #000000; font-weight: 500; text-align: left; font-size: 15px; padding: 10px;\">XL<\/th>\n<\/tr>\n<\/thead>\n<tbody>\n<tr>\n<td style=\"padding: 10px; color: #525252; font-size: 15px; border-top: 1px solid #ededed;\">Largeur<\/td>\n<td style=\"padding: 10px; color: #525252; font-size: 15px; border-top: 1px solid #ededed;\">16<\/td>\n<td style=\"padding: 10px; color: #525252; font-size: 15px; border-top: 1px solid #ededed;\">18<\/td>\n<td style=\"padding: 10px; color: #525252; font-size: 15px; border-top: 1px solid #ededed;\">18<\/td>\n<td style=\"padding: 10px; color: #525252; font-size: 15px; border-top: 1px solid #ededed;\">20<\/td>\n<\/tr>\n<tr>\n<td style=\"padding: 10px; color: #525252; font-size: 15px; border-top: 1px solid #ededed;\">Longueur<\/td>\n<td style=\"padding: 10px; color: #525252; font-size: 15px; border-top: 1px solid #ededed;\">21<\/td>\n<td style=\"padding: 10px; color: #525252; font-size: 15px; border-top: 1px solid #ededed;\">22<\/td>\n<td style=\"padding: 10px; color: #525252; font-size: 15px; border-top: 1px solid #ededed;\">24<\/td>\n<td style=\"padding: 10px; color: #525252; font-size: 15px; border-top: 1px solid #ededed;\">25<\/td>\n<\/tr>\n<tr>\n<td style=\"padding: 10px; color: #525252; font-size: 15px; border-top: 1px solid #ededed;\">Longueur des manches (\u00e0 partir du milieu du dos)<\/td>\n<td style=\"padding: 10px; color: #525252; font-size: 15px; border-top: 1px solid #ededed;\">26<\/td>\n<td style=\"padding: 10px; color: #525252; font-size: 15px; border-top: 1px solid #ededed;\">27<\/td>\n<td style=\"padding: 10px; color: #525252; font-size: 15px; border-top: 1px solid #ededed;\">30<\/td>\n<td style=\"padding: 10px; color: #525252; font-size: 15px; border-top: 1px solid #ededed;\">32<\/td>\n<\/tr>\n<\/tbody>\n<\/table>\n<p>&nbsp;<\/p>","protected":false},"excerpt":{"rendered":"<p>Exp\u00e9dition gratuite dans le monde entier<\/p>","protected":false},"featured_media":10174,"menu_order":0,"comment_status":"closed","ping_status":"closed","template":"","meta":[],"product_brand":[],"product_cat":[41],"product_tag":[228,200,201],"class_list":{"0":"post-10157","1":"product","2":"type-product","3":"status-publish","4":"has-post-thumbnail","6":"product_cat-apparel","7":"product_tag-milwaukee-brewers","8":"product_tag-mlb","9":"product_tag-superfan-collection-mlb","11":"first","12":"instock","13":"shipping-taxable","14":"purchasable","15":"product-type-variable","16":"has-default-attributes","17":"rtwpvg-product","18":"rtwpvs-product"},"yoast_head":"<!-- This site is optimized with the Yoast SEO plugin v27.4 - https:\/\/yoast.com\/product\/yoast-seo-wordpress\/ -->\n<title>Milwaukee Baseball Hoodie - Kids (unisex)<\/title>\n<meta name=\"robots\" content=\"index, follow, max-snippet:-1, max-image-preview:large, max-video-preview:-1\" \/>\n<link rel=\"canonical\" href=\"https:\/\/tifomania.store\/fr\/produit\/milwaukee-baseball-hoodie-kids-unisex\/\" \/>\n<meta property=\"og:locale\" content=\"fr_FR\" \/>\n<meta property=\"og:type\" content=\"article\" \/>\n<meta property=\"og:title\" content=\"Milwaukee Baseball Hoodie - Kids (unisex)\" \/>\n<meta property=\"og:description\" content=\"Free worldwide shipping\" \/>\n<meta property=\"og:url\" content=\"https:\/\/tifomania.store\/fr\/produit\/milwaukee-baseball-hoodie-kids-unisex\/\" \/>\n<meta property=\"og:site_name\" content=\"Tifomania\" \/>\n<meta property=\"article:modified_time\" content=\"2025-11-19T19:19:06+00:00\" \/>\n<meta property=\"og:image\" content=\"https:\/\/tifomania.store\/wp-content\/uploads\/2025\/11\/8628865232453643639_2048.jpeg\" \/>\n\t<meta property=\"og:image:width\" content=\"2048\" \/>\n\t<meta property=\"og:image:height\" content=\"2048\" \/>\n\t<meta property=\"og:image:type\" content=\"image\/jpeg\" \/>\n<meta name=\"twitter:card\" content=\"summary_large_image\" \/>\n<meta name=\"twitter:label1\" content=\"Dur\u00e9e de lecture estim\u00e9e\" \/>\n\t<meta name=\"twitter:data1\" content=\"1 minute\" \/>\n<script type=\"application\/ld+json\" class=\"yoast-schema-graph\">{\"@context\":\"https:\\\/\\\/schema.org\",\"@graph\":[{\"@type\":\"WebPage\",\"@id\":\"https:\\\/\\\/tifomania.store\\\/product\\\/milwaukee-baseball-hoodie-kids-unisex\\\/\",\"url\":\"https:\\\/\\\/tifomania.store\\\/product\\\/milwaukee-baseball-hoodie-kids-unisex\\\/\",\"name\":\"Milwaukee Baseball Hoodie - Kids (unisex)\",\"isPartOf\":{\"@id\":\"https:\\\/\\\/tifomania.store\\\/#website\"},\"primaryImageOfPage\":{\"@id\":\"https:\\\/\\\/tifomania.store\\\/product\\\/milwaukee-baseball-hoodie-kids-unisex\\\/#primaryimage\"},\"image\":{\"@id\":\"https:\\\/\\\/tifomania.store\\\/product\\\/milwaukee-baseball-hoodie-kids-unisex\\\/#primaryimage\"},\"thumbnailUrl\":\"https:\\\/\\\/tifomania.store\\\/wp-content\\\/uploads\\\/2025\\\/11\\\/8628865232453643639_2048.jpeg\",\"datePublished\":\"2025-11-19T15:45:08+00:00\",\"dateModified\":\"2025-11-19T19:19:06+00:00\",\"breadcrumb\":{\"@id\":\"https:\\\/\\\/tifomania.store\\\/product\\\/milwaukee-baseball-hoodie-kids-unisex\\\/#breadcrumb\"},\"inLanguage\":\"fr-FR\",\"potentialAction\":[{\"@type\":\"ReadAction\",\"target\":[\"https:\\\/\\\/tifomania.store\\\/product\\\/milwaukee-baseball-hoodie-kids-unisex\\\/\"]}]},{\"@type\":\"ImageObject\",\"inLanguage\":\"fr-FR\",\"@id\":\"https:\\\/\\\/tifomania.store\\\/product\\\/milwaukee-baseball-hoodie-kids-unisex\\\/#primaryimage\",\"url\":\"https:\\\/\\\/tifomania.store\\\/wp-content\\\/uploads\\\/2025\\\/11\\\/8628865232453643639_2048.jpeg\",\"contentUrl\":\"https:\\\/\\\/tifomania.store\\\/wp-content\\\/uploads\\\/2025\\\/11\\\/8628865232453643639_2048.jpeg\",\"width\":2048,\"height\":2048},{\"@type\":\"BreadcrumbList\",\"@id\":\"https:\\\/\\\/tifomania.store\\\/product\\\/milwaukee-baseball-hoodie-kids-unisex\\\/#breadcrumb\",\"itemListElement\":[{\"@type\":\"ListItem\",\"position\":1,\"name\":\"Home\",\"item\":\"https:\\\/\\\/tifomania.store\\\/en\\\/\"},{\"@type\":\"ListItem\",\"position\":2,\"name\":\"Shop\",\"item\":\"https:\\\/\\\/tifomania.store\\\/shop\\\/\"},{\"@type\":\"ListItem\",\"position\":3,\"name\":\"Milwaukee Baseball Hoodie &#8211; Kids (unisex)\"}]},{\"@type\":\"WebSite\",\"@id\":\"https:\\\/\\\/tifomania.store\\\/#website\",\"url\":\"https:\\\/\\\/tifomania.store\\\/\",\"name\":\"Tifomania\",\"description\":\"Where Passion Becomes Play\",\"potentialAction\":[{\"@type\":\"SearchAction\",\"target\":{\"@type\":\"EntryPoint\",\"urlTemplate\":\"https:\\\/\\\/tifomania.store\\\/?s={search_term_string}\"},\"query-input\":{\"@type\":\"PropertyValueSpecification\",\"valueRequired\":true,\"valueName\":\"search_term_string\"}}],\"inLanguage\":\"fr-FR\"}]}<\/script>\n<!-- \/ Yoast SEO plugin. -->","yoast_head_json":{"title":"Sweat \u00e0 capuche Milwaukee Baseball - Enfants (unisexe)","robots":{"index":"index","follow":"follow","max-snippet":"max-snippet:-1","max-image-preview":"max-image-preview:large","max-video-preview":"max-video-preview:-1"},"canonical":"https:\/\/tifomania.store\/fr\/produit\/milwaukee-baseball-hoodie-kids-unisex\/","og_locale":"fr_FR","og_type":"article","og_title":"Milwaukee Baseball Hoodie - Kids (unisex)","og_description":"Free worldwide shipping","og_url":"https:\/\/tifomania.store\/fr\/produit\/milwaukee-baseball-hoodie-kids-unisex\/","og_site_name":"Tifomania","article_modified_time":"2025-11-19T19:19:06+00:00","og_image":[{"width":2048,"height":2048,"url":"https:\/\/tifomania.store\/wp-content\/uploads\/2025\/11\/8628865232453643639_2048.jpeg","type":"image\/jpeg"}],"twitter_card":"summary_large_image","twitter_misc":{"Dur\u00e9e de lecture estim\u00e9e":"1 minute"},"schema":{"@context":"https:\/\/schema.org","@graph":[{"@type":"WebPage","@id":"https:\/\/tifomania.store\/product\/milwaukee-baseball-hoodie-kids-unisex\/","url":"https:\/\/tifomania.store\/product\/milwaukee-baseball-hoodie-kids-unisex\/","name":"Sweat \u00e0 capuche Milwaukee Baseball - Enfants (unisexe)","isPartOf":{"@id":"https:\/\/tifomania.store\/#website"},"primaryImageOfPage":{"@id":"https:\/\/tifomania.store\/product\/milwaukee-baseball-hoodie-kids-unisex\/#primaryimage"},"image":{"@id":"https:\/\/tifomania.store\/product\/milwaukee-baseball-hoodie-kids-unisex\/#primaryimage"},"thumbnailUrl":"https:\/\/tifomania.store\/wp-content\/uploads\/2025\/11\/8628865232453643639_2048.jpeg","datePublished":"2025-11-19T15:45:08+00:00","dateModified":"2025-11-19T19:19:06+00:00","breadcrumb":{"@id":"https:\/\/tifomania.store\/product\/milwaukee-baseball-hoodie-kids-unisex\/#breadcrumb"},"inLanguage":"fr-FR","potentialAction":[{"@type":"ReadAction","target":["https:\/\/tifomania.store\/product\/milwaukee-baseball-hoodie-kids-unisex\/"]}]},{"@type":"ImageObject","inLanguage":"fr-FR","@id":"https:\/\/tifomania.store\/product\/milwaukee-baseball-hoodie-kids-unisex\/#primaryimage","url":"https:\/\/tifomania.store\/wp-content\/uploads\/2025\/11\/8628865232453643639_2048.jpeg","contentUrl":"https:\/\/tifomania.store\/wp-content\/uploads\/2025\/11\/8628865232453643639_2048.jpeg","width":2048,"height":2048},{"@type":"BreadcrumbList","@id":"https:\/\/tifomania.store\/product\/milwaukee-baseball-hoodie-kids-unisex\/#breadcrumb","itemListElement":[{"@type":"ListItem","position":1,"name":"Home","item":"https:\/\/tifomania.store\/en\/"},{"@type":"ListItem","position":2,"name":"Shop","item":"https:\/\/tifomania.store\/shop\/"},{"@type":"ListItem","position":3,"name":"Milwaukee Baseball Hoodie &#8211; Kids (unisex)"}]},{"@type":"WebSite","@id":"https:\/\/tifomania.store\/#website","url":"https:\/\/tifomania.store\/","name":"Tifomania","description":"Quand la passion devient jeu","potentialAction":[{"@type":"SearchAction","target":{"@type":"EntryPoint","urlTemplate":"https:\/\/tifomania.store\/?s={search_term_string}"},"query-input":{"@type":"PropertyValueSpecification","valueRequired":true,"valueName":"search_term_string"}}],"inLanguage":"fr-FR"}]}},"_links":{"self":[{"href":"https:\/\/tifomania.store\/fr\/wp-json\/wp\/v2\/product\/10157","targetHints":{"allow":["GET"]}}],"collection":[{"href":"https:\/\/tifomania.store\/fr\/wp-json\/wp\/v2\/product"}],"about":[{"href":"https:\/\/tifomania.store\/fr\/wp-json\/wp\/v2\/types\/product"}],"replies":[{"embeddable":true,"href":"https:\/\/tifomania.store\/fr\/wp-json\/wp\/v2\/comments?post=10157"}],"wp:featuredmedia":[{"embeddable":true,"href":"https:\/\/tifomania.store\/fr\/wp-json\/wp\/v2\/media\/10174"}],"wp:attachment":[{"href":"https:\/\/tifomania.store\/fr\/wp-json\/wp\/v2\/media?parent=10157"}],"wp:term":[{"taxonomy":"product_brand","embeddable":true,"href":"https:\/\/tifomania.store\/fr\/wp-json\/wp\/v2\/product_brand?post=10157"},{"taxonomy":"product_cat","embeddable":true,"href":"https:\/\/tifomania.store\/fr\/wp-json\/wp\/v2\/product_cat?post=10157"},{"taxonomy":"product_tag","embeddable":true,"href":"https:\/\/tifomania.store\/fr\/wp-json\/wp\/v2\/product_tag?post=10157"}],"curies":[{"name":"wp","href":"https:\/\/api.w.org\/{rel}","templated":true}]}}