{"id":10363,"date":"2025-11-21T17:03:04","date_gmt":"2025-11-21T17:03:04","guid":{"rendered":"https:\/\/tifomania.store\/en\/product\/inter-mascot-mug\/"},"modified":"2025-11-26T20:13:24","modified_gmt":"2025-11-26T20:13:24","slug":"inter-mascot-mug","status":"publish","type":"product","link":"https:\/\/tifomania.store\/fr\/produit\/inter-mascot-mug\/","title":{"rendered":"Mug Inter Mascotte"},"content":{"rendered":"<p>Cette tasse en c\u00e9ramique blanche transforme chaque gorg\u00e9e en une explosion de plaisir pour l'Inter ! Autour du mug, l'adorable mascotte de l'Inter joue avec un ballon, apportant l'excitation du stade \u00e0 l'heure du petit d\u00e9jeuner. Le design enveloppant signifie que l'action est toujours visible, quelle que soit la fa\u00e7on dont votre petit fan tient le mug.<\/p>\n<p>Ludique, \u00e9nergique et plein de l'esprit Nerazzurro, il est parfait pour le chocolat chaud avant l'\u00e9cole, les collations le jour du match ou les soir\u00e9es douillettes o\u00f9 l'on parle de son \u00e9quipe pr\u00e9f\u00e9r\u00e9e. Avec son anse robuste en forme de C et son bord arrondi, il est facile et confortable pour les enfants de le tenir tout en encourageant l'Inter \u00e0 chaque gorg\u00e9e.<\/p>\n<p><strong>Caract\u00e9ristiques du produit<\/strong><\/p>\n<p>- 11 oz<br \/>\n- C\u00e9ramique lavable au lave-vaisselle pour un nettoyage facile<br \/>\n- Passe au micro-ondes pour r\u00e9chauffer les boissons<\/p>","protected":false},"excerpt":{"rendered":"<p>Exp\u00e9dition gratuite dans le monde entier<\/p>","protected":false},"featured_media":10365,"menu_order":0,"comment_status":"closed","ping_status":"closed","template":"","meta":[],"product_brand":[],"product_cat":[46,45],"product_tag":[110,102],"class_list":{"0":"post-10363","1":"product","2":"type-product","3":"status-publish","4":"has-post-thumbnail","6":"product_cat-collectibles","7":"product_cat-mugs","8":"product_tag-inter","9":"product_tag-serie-a","11":"first","12":"instock","13":"shipping-taxable","14":"purchasable","15":"product-type-variable","16":"has-default-attributes","17":"rtwpvg-product","18":"rtwpvs-product"},"yoast_head":"<!-- This site is optimized with the Yoast SEO plugin v27.4 - https:\/\/yoast.com\/product\/yoast-seo-wordpress\/ -->\n<title>Inter Mascot Mug<\/title>\n<meta name=\"robots\" content=\"index, follow, max-snippet:-1, max-image-preview:large, max-video-preview:-1\" \/>\n<link rel=\"canonical\" href=\"https:\/\/tifomania.store\/fr\/produit\/inter-mascot-mug\/\" \/>\n<meta property=\"og:locale\" content=\"fr_FR\" \/>\n<meta property=\"og:type\" content=\"article\" \/>\n<meta property=\"og:title\" content=\"Inter Mascot Mug\" \/>\n<meta property=\"og:description\" content=\"Free worldwide shipping\" \/>\n<meta property=\"og:url\" content=\"https:\/\/tifomania.store\/fr\/produit\/inter-mascot-mug\/\" \/>\n<meta property=\"og:site_name\" content=\"Tifomania\" \/>\n<meta property=\"article:modified_time\" content=\"2025-11-26T20:13:24+00:00\" \/>\n<meta property=\"og:image\" content=\"https:\/\/tifomania.store\/wp-content\/uploads\/2025\/11\/10092963774591663237_2048.jpeg\" \/>\n\t<meta property=\"og:image:width\" content=\"2048\" \/>\n\t<meta property=\"og:image:height\" content=\"2048\" \/>\n\t<meta property=\"og:image:type\" content=\"image\/jpeg\" \/>\n<meta name=\"twitter:card\" content=\"summary_large_image\" \/>\n<meta name=\"twitter:label1\" content=\"Dur\u00e9e de lecture estim\u00e9e\" \/>\n\t<meta name=\"twitter:data1\" content=\"1 minute\" \/>\n<script type=\"application\/ld+json\" class=\"yoast-schema-graph\">{\"@context\":\"https:\\\/\\\/schema.org\",\"@graph\":[{\"@type\":\"WebPage\",\"@id\":\"https:\\\/\\\/tifomania.store\\\/product\\\/inter-mascot-mug\\\/\",\"url\":\"https:\\\/\\\/tifomania.store\\\/product\\\/inter-mascot-mug\\\/\",\"name\":\"Inter Mascot Mug\",\"isPartOf\":{\"@id\":\"https:\\\/\\\/tifomania.store\\\/#website\"},\"primaryImageOfPage\":{\"@id\":\"https:\\\/\\\/tifomania.store\\\/product\\\/inter-mascot-mug\\\/#primaryimage\"},\"image\":{\"@id\":\"https:\\\/\\\/tifomania.store\\\/product\\\/inter-mascot-mug\\\/#primaryimage\"},\"thumbnailUrl\":\"https:\\\/\\\/tifomania.store\\\/wp-content\\\/uploads\\\/2025\\\/11\\\/10092963774591663237_2048.jpeg\",\"datePublished\":\"2025-11-21T17:03:04+00:00\",\"dateModified\":\"2025-11-26T20:13:24+00:00\",\"breadcrumb\":{\"@id\":\"https:\\\/\\\/tifomania.store\\\/product\\\/inter-mascot-mug\\\/#breadcrumb\"},\"inLanguage\":\"fr-FR\",\"potentialAction\":[{\"@type\":\"ReadAction\",\"target\":[\"https:\\\/\\\/tifomania.store\\\/product\\\/inter-mascot-mug\\\/\"]}]},{\"@type\":\"ImageObject\",\"inLanguage\":\"fr-FR\",\"@id\":\"https:\\\/\\\/tifomania.store\\\/product\\\/inter-mascot-mug\\\/#primaryimage\",\"url\":\"https:\\\/\\\/tifomania.store\\\/wp-content\\\/uploads\\\/2025\\\/11\\\/10092963774591663237_2048.jpeg\",\"contentUrl\":\"https:\\\/\\\/tifomania.store\\\/wp-content\\\/uploads\\\/2025\\\/11\\\/10092963774591663237_2048.jpeg\",\"width\":2048,\"height\":2048},{\"@type\":\"BreadcrumbList\",\"@id\":\"https:\\\/\\\/tifomania.store\\\/product\\\/inter-mascot-mug\\\/#breadcrumb\",\"itemListElement\":[{\"@type\":\"ListItem\",\"position\":1,\"name\":\"Home\",\"item\":\"https:\\\/\\\/tifomania.store\\\/en\\\/\"},{\"@type\":\"ListItem\",\"position\":2,\"name\":\"Shop\",\"item\":\"https:\\\/\\\/tifomania.store\\\/shop\\\/\"},{\"@type\":\"ListItem\",\"position\":3,\"name\":\"Inter Mascot Mug\"}]},{\"@type\":\"WebSite\",\"@id\":\"https:\\\/\\\/tifomania.store\\\/#website\",\"url\":\"https:\\\/\\\/tifomania.store\\\/\",\"name\":\"Tifomania\",\"description\":\"Where Passion Becomes Play\",\"potentialAction\":[{\"@type\":\"SearchAction\",\"target\":{\"@type\":\"EntryPoint\",\"urlTemplate\":\"https:\\\/\\\/tifomania.store\\\/?s={search_term_string}\"},\"query-input\":{\"@type\":\"PropertyValueSpecification\",\"valueRequired\":true,\"valueName\":\"search_term_string\"}}],\"inLanguage\":\"fr-FR\"}]}<\/script>\n<!-- \/ Yoast SEO plugin. -->","yoast_head_json":{"title":"Mug Inter Mascotte","robots":{"index":"index","follow":"follow","max-snippet":"max-snippet:-1","max-image-preview":"max-image-preview:large","max-video-preview":"max-video-preview:-1"},"canonical":"https:\/\/tifomania.store\/fr\/produit\/inter-mascot-mug\/","og_locale":"fr_FR","og_type":"article","og_title":"Inter Mascot Mug","og_description":"Free worldwide shipping","og_url":"https:\/\/tifomania.store\/fr\/produit\/inter-mascot-mug\/","og_site_name":"Tifomania","article_modified_time":"2025-11-26T20:13:24+00:00","og_image":[{"width":2048,"height":2048,"url":"https:\/\/tifomania.store\/wp-content\/uploads\/2025\/11\/10092963774591663237_2048.jpeg","type":"image\/jpeg"}],"twitter_card":"summary_large_image","twitter_misc":{"Dur\u00e9e de lecture estim\u00e9e":"1 minute"},"schema":{"@context":"https:\/\/schema.org","@graph":[{"@type":"WebPage","@id":"https:\/\/tifomania.store\/product\/inter-mascot-mug\/","url":"https:\/\/tifomania.store\/product\/inter-mascot-mug\/","name":"Mug Inter Mascotte","isPartOf":{"@id":"https:\/\/tifomania.store\/#website"},"primaryImageOfPage":{"@id":"https:\/\/tifomania.store\/product\/inter-mascot-mug\/#primaryimage"},"image":{"@id":"https:\/\/tifomania.store\/product\/inter-mascot-mug\/#primaryimage"},"thumbnailUrl":"https:\/\/tifomania.store\/wp-content\/uploads\/2025\/11\/10092963774591663237_2048.jpeg","datePublished":"2025-11-21T17:03:04+00:00","dateModified":"2025-11-26T20:13:24+00:00","breadcrumb":{"@id":"https:\/\/tifomania.store\/product\/inter-mascot-mug\/#breadcrumb"},"inLanguage":"fr-FR","potentialAction":[{"@type":"ReadAction","target":["https:\/\/tifomania.store\/product\/inter-mascot-mug\/"]}]},{"@type":"ImageObject","inLanguage":"fr-FR","@id":"https:\/\/tifomania.store\/product\/inter-mascot-mug\/#primaryimage","url":"https:\/\/tifomania.store\/wp-content\/uploads\/2025\/11\/10092963774591663237_2048.jpeg","contentUrl":"https:\/\/tifomania.store\/wp-content\/uploads\/2025\/11\/10092963774591663237_2048.jpeg","width":2048,"height":2048},{"@type":"BreadcrumbList","@id":"https:\/\/tifomania.store\/product\/inter-mascot-mug\/#breadcrumb","itemListElement":[{"@type":"ListItem","position":1,"name":"Home","item":"https:\/\/tifomania.store\/en\/"},{"@type":"ListItem","position":2,"name":"Shop","item":"https:\/\/tifomania.store\/shop\/"},{"@type":"ListItem","position":3,"name":"Inter Mascot Mug"}]},{"@type":"WebSite","@id":"https:\/\/tifomania.store\/#website","url":"https:\/\/tifomania.store\/","name":"Tifomania","description":"Quand la passion devient jeu","potentialAction":[{"@type":"SearchAction","target":{"@type":"EntryPoint","urlTemplate":"https:\/\/tifomania.store\/?s={search_term_string}"},"query-input":{"@type":"PropertyValueSpecification","valueRequired":true,"valueName":"search_term_string"}}],"inLanguage":"fr-FR"}]}},"_links":{"self":[{"href":"https:\/\/tifomania.store\/fr\/wp-json\/wp\/v2\/product\/10363","targetHints":{"allow":["GET"]}}],"collection":[{"href":"https:\/\/tifomania.store\/fr\/wp-json\/wp\/v2\/product"}],"about":[{"href":"https:\/\/tifomania.store\/fr\/wp-json\/wp\/v2\/types\/product"}],"replies":[{"embeddable":true,"href":"https:\/\/tifomania.store\/fr\/wp-json\/wp\/v2\/comments?post=10363"}],"wp:featuredmedia":[{"embeddable":true,"href":"https:\/\/tifomania.store\/fr\/wp-json\/wp\/v2\/media\/10365"}],"wp:attachment":[{"href":"https:\/\/tifomania.store\/fr\/wp-json\/wp\/v2\/media?parent=10363"}],"wp:term":[{"taxonomy":"product_brand","embeddable":true,"href":"https:\/\/tifomania.store\/fr\/wp-json\/wp\/v2\/product_brand?post=10363"},{"taxonomy":"product_cat","embeddable":true,"href":"https:\/\/tifomania.store\/fr\/wp-json\/wp\/v2\/product_cat?post=10363"},{"taxonomy":"product_tag","embeddable":true,"href":"https:\/\/tifomania.store\/fr\/wp-json\/wp\/v2\/product_tag?post=10363"}],"curies":[{"name":"wp","href":"https:\/\/api.w.org\/{rel}","templated":true}]}}