{"id":11050,"date":"2025-11-29T09:27:07","date_gmt":"2025-11-29T09:27:07","guid":{"rendered":"https:\/\/tifomania.store\/en\/product\/catanzaro-mascot-mug\/"},"modified":"2025-11-29T21:15:12","modified_gmt":"2025-11-29T21:15:12","slug":"catanzaro-mascot-mug","status":"publish","type":"product","link":"https:\/\/tifomania.store\/fr\/produit\/catanzaro-mascot-mug\/","title":{"rendered":"Mug mascotte Catanzaro"},"content":{"rendered":"<p>Cette tasse en c\u00e9ramique blanche transforme chaque gorg\u00e9e en une explosion de plaisir Catanzaro ! L'adorable mascotte apporte l'excitation du match \u00e0 l'heure du petit d\u00e9jeuner.<\/p>\n<p>Ludique, \u00e9nergique et pleine d'esprit Giallorossi, elle est parfaite pour le chocolat chaud avant l'\u00e9cole, les collations le jour du match ou les soir\u00e9es douillettes o\u00f9 l'on parle de son \u00e9quipe pr\u00e9f\u00e9r\u00e9e. Avec son anse en C robuste et son bord arrondi, il est facile et confortable pour les enfants de le tenir tout en encourageant Catanzaro \u00e0 chaque gorg\u00e9e.<\/p>\n<p><strong>Caract\u00e9ristiques du produit<\/strong><\/p>\n<p>- 11 oz<br \/>\n- C\u00e9ramique lavable au lave-vaisselle pour un nettoyage facile<br \/>\n- Passe au micro-ondes pour r\u00e9chauffer les boissons<\/p>","protected":false},"excerpt":{"rendered":"<p>Exp\u00e9dition gratuite dans le monde entier<\/p>","protected":false},"featured_media":11052,"menu_order":0,"comment_status":"closed","ping_status":"closed","template":"","meta":[],"product_brand":[],"product_cat":[46,45],"product_tag":[265,102],"class_list":{"0":"post-11050","1":"product","2":"type-product","3":"status-publish","4":"has-post-thumbnail","6":"product_cat-collectibles","7":"product_cat-mugs","8":"product_tag-catanzaro","9":"product_tag-serie-a","11":"first","12":"instock","13":"shipping-taxable","14":"purchasable","15":"product-type-variable","16":"has-default-attributes","17":"rtwpvg-product","18":"rtwpvs-product"},"yoast_head":"<!-- This site is optimized with the Yoast SEO plugin v27.4 - https:\/\/yoast.com\/product\/yoast-seo-wordpress\/ -->\n<title>Catanzaro Mascot Mug<\/title>\n<meta name=\"robots\" content=\"index, follow, max-snippet:-1, max-image-preview:large, max-video-preview:-1\" \/>\n<link rel=\"canonical\" href=\"https:\/\/tifomania.store\/fr\/produit\/catanzaro-mascot-mug\/\" \/>\n<meta property=\"og:locale\" content=\"fr_FR\" \/>\n<meta property=\"og:type\" content=\"article\" \/>\n<meta property=\"og:title\" content=\"Catanzaro Mascot Mug\" \/>\n<meta property=\"og:description\" content=\"Free worldwide shipping\" \/>\n<meta property=\"og:url\" content=\"https:\/\/tifomania.store\/fr\/produit\/catanzaro-mascot-mug\/\" \/>\n<meta property=\"og:site_name\" content=\"Tifomania\" \/>\n<meta property=\"article:modified_time\" content=\"2025-11-29T21:15:12+00:00\" \/>\n<meta property=\"og:image\" content=\"https:\/\/tifomania.store\/wp-content\/uploads\/2025\/11\/15764780862533922355_2048.jpeg\" \/>\n\t<meta property=\"og:image:width\" content=\"2048\" \/>\n\t<meta property=\"og:image:height\" content=\"2048\" \/>\n\t<meta property=\"og:image:type\" content=\"image\/jpeg\" \/>\n<meta name=\"twitter:card\" content=\"summary_large_image\" \/>\n<meta name=\"twitter:label1\" content=\"Dur\u00e9e de lecture estim\u00e9e\" \/>\n\t<meta name=\"twitter:data1\" content=\"1 minute\" \/>\n<script type=\"application\/ld+json\" class=\"yoast-schema-graph\">{\"@context\":\"https:\\\/\\\/schema.org\",\"@graph\":[{\"@type\":\"WebPage\",\"@id\":\"https:\\\/\\\/tifomania.store\\\/product\\\/catanzaro-mascot-mug\\\/\",\"url\":\"https:\\\/\\\/tifomania.store\\\/product\\\/catanzaro-mascot-mug\\\/\",\"name\":\"Catanzaro Mascot Mug\",\"isPartOf\":{\"@id\":\"https:\\\/\\\/tifomania.store\\\/#website\"},\"primaryImageOfPage\":{\"@id\":\"https:\\\/\\\/tifomania.store\\\/product\\\/catanzaro-mascot-mug\\\/#primaryimage\"},\"image\":{\"@id\":\"https:\\\/\\\/tifomania.store\\\/product\\\/catanzaro-mascot-mug\\\/#primaryimage\"},\"thumbnailUrl\":\"https:\\\/\\\/tifomania.store\\\/wp-content\\\/uploads\\\/2025\\\/11\\\/15764780862533922355_2048.jpeg\",\"datePublished\":\"2025-11-29T09:27:07+00:00\",\"dateModified\":\"2025-11-29T21:15:12+00:00\",\"breadcrumb\":{\"@id\":\"https:\\\/\\\/tifomania.store\\\/product\\\/catanzaro-mascot-mug\\\/#breadcrumb\"},\"inLanguage\":\"fr-FR\",\"potentialAction\":[{\"@type\":\"ReadAction\",\"target\":[\"https:\\\/\\\/tifomania.store\\\/product\\\/catanzaro-mascot-mug\\\/\"]}]},{\"@type\":\"ImageObject\",\"inLanguage\":\"fr-FR\",\"@id\":\"https:\\\/\\\/tifomania.store\\\/product\\\/catanzaro-mascot-mug\\\/#primaryimage\",\"url\":\"https:\\\/\\\/tifomania.store\\\/wp-content\\\/uploads\\\/2025\\\/11\\\/15764780862533922355_2048.jpeg\",\"contentUrl\":\"https:\\\/\\\/tifomania.store\\\/wp-content\\\/uploads\\\/2025\\\/11\\\/15764780862533922355_2048.jpeg\",\"width\":2048,\"height\":2048},{\"@type\":\"BreadcrumbList\",\"@id\":\"https:\\\/\\\/tifomania.store\\\/product\\\/catanzaro-mascot-mug\\\/#breadcrumb\",\"itemListElement\":[{\"@type\":\"ListItem\",\"position\":1,\"name\":\"Home\",\"item\":\"https:\\\/\\\/tifomania.store\\\/en\\\/\"},{\"@type\":\"ListItem\",\"position\":2,\"name\":\"Shop\",\"item\":\"https:\\\/\\\/tifomania.store\\\/shop\\\/\"},{\"@type\":\"ListItem\",\"position\":3,\"name\":\"Catanzaro Mascot Mug\"}]},{\"@type\":\"WebSite\",\"@id\":\"https:\\\/\\\/tifomania.store\\\/#website\",\"url\":\"https:\\\/\\\/tifomania.store\\\/\",\"name\":\"Tifomania\",\"description\":\"Where Passion Becomes Play\",\"potentialAction\":[{\"@type\":\"SearchAction\",\"target\":{\"@type\":\"EntryPoint\",\"urlTemplate\":\"https:\\\/\\\/tifomania.store\\\/?s={search_term_string}\"},\"query-input\":{\"@type\":\"PropertyValueSpecification\",\"valueRequired\":true,\"valueName\":\"search_term_string\"}}],\"inLanguage\":\"fr-FR\"}]}<\/script>\n<!-- \/ Yoast SEO plugin. -->","yoast_head_json":{"title":"Mug mascotte Catanzaro","robots":{"index":"index","follow":"follow","max-snippet":"max-snippet:-1","max-image-preview":"max-image-preview:large","max-video-preview":"max-video-preview:-1"},"canonical":"https:\/\/tifomania.store\/fr\/produit\/catanzaro-mascot-mug\/","og_locale":"fr_FR","og_type":"article","og_title":"Catanzaro Mascot Mug","og_description":"Free worldwide shipping","og_url":"https:\/\/tifomania.store\/fr\/produit\/catanzaro-mascot-mug\/","og_site_name":"Tifomania","article_modified_time":"2025-11-29T21:15:12+00:00","og_image":[{"width":2048,"height":2048,"url":"https:\/\/tifomania.store\/wp-content\/uploads\/2025\/11\/15764780862533922355_2048.jpeg","type":"image\/jpeg"}],"twitter_card":"summary_large_image","twitter_misc":{"Dur\u00e9e de lecture estim\u00e9e":"1 minute"},"schema":{"@context":"https:\/\/schema.org","@graph":[{"@type":"WebPage","@id":"https:\/\/tifomania.store\/product\/catanzaro-mascot-mug\/","url":"https:\/\/tifomania.store\/product\/catanzaro-mascot-mug\/","name":"Mug mascotte Catanzaro","isPartOf":{"@id":"https:\/\/tifomania.store\/#website"},"primaryImageOfPage":{"@id":"https:\/\/tifomania.store\/product\/catanzaro-mascot-mug\/#primaryimage"},"image":{"@id":"https:\/\/tifomania.store\/product\/catanzaro-mascot-mug\/#primaryimage"},"thumbnailUrl":"https:\/\/tifomania.store\/wp-content\/uploads\/2025\/11\/15764780862533922355_2048.jpeg","datePublished":"2025-11-29T09:27:07+00:00","dateModified":"2025-11-29T21:15:12+00:00","breadcrumb":{"@id":"https:\/\/tifomania.store\/product\/catanzaro-mascot-mug\/#breadcrumb"},"inLanguage":"fr-FR","potentialAction":[{"@type":"ReadAction","target":["https:\/\/tifomania.store\/product\/catanzaro-mascot-mug\/"]}]},{"@type":"ImageObject","inLanguage":"fr-FR","@id":"https:\/\/tifomania.store\/product\/catanzaro-mascot-mug\/#primaryimage","url":"https:\/\/tifomania.store\/wp-content\/uploads\/2025\/11\/15764780862533922355_2048.jpeg","contentUrl":"https:\/\/tifomania.store\/wp-content\/uploads\/2025\/11\/15764780862533922355_2048.jpeg","width":2048,"height":2048},{"@type":"BreadcrumbList","@id":"https:\/\/tifomania.store\/product\/catanzaro-mascot-mug\/#breadcrumb","itemListElement":[{"@type":"ListItem","position":1,"name":"Home","item":"https:\/\/tifomania.store\/en\/"},{"@type":"ListItem","position":2,"name":"Shop","item":"https:\/\/tifomania.store\/shop\/"},{"@type":"ListItem","position":3,"name":"Catanzaro Mascot Mug"}]},{"@type":"WebSite","@id":"https:\/\/tifomania.store\/#website","url":"https:\/\/tifomania.store\/","name":"Tifomania","description":"Quand la passion devient jeu","potentialAction":[{"@type":"SearchAction","target":{"@type":"EntryPoint","urlTemplate":"https:\/\/tifomania.store\/?s={search_term_string}"},"query-input":{"@type":"PropertyValueSpecification","valueRequired":true,"valueName":"search_term_string"}}],"inLanguage":"fr-FR"}]}},"_links":{"self":[{"href":"https:\/\/tifomania.store\/fr\/wp-json\/wp\/v2\/product\/11050","targetHints":{"allow":["GET"]}}],"collection":[{"href":"https:\/\/tifomania.store\/fr\/wp-json\/wp\/v2\/product"}],"about":[{"href":"https:\/\/tifomania.store\/fr\/wp-json\/wp\/v2\/types\/product"}],"replies":[{"embeddable":true,"href":"https:\/\/tifomania.store\/fr\/wp-json\/wp\/v2\/comments?post=11050"}],"wp:featuredmedia":[{"embeddable":true,"href":"https:\/\/tifomania.store\/fr\/wp-json\/wp\/v2\/media\/11052"}],"wp:attachment":[{"href":"https:\/\/tifomania.store\/fr\/wp-json\/wp\/v2\/media?parent=11050"}],"wp:term":[{"taxonomy":"product_brand","embeddable":true,"href":"https:\/\/tifomania.store\/fr\/wp-json\/wp\/v2\/product_brand?post=11050"},{"taxonomy":"product_cat","embeddable":true,"href":"https:\/\/tifomania.store\/fr\/wp-json\/wp\/v2\/product_cat?post=11050"},{"taxonomy":"product_tag","embeddable":true,"href":"https:\/\/tifomania.store\/fr\/wp-json\/wp\/v2\/product_tag?post=11050"}],"curies":[{"name":"wp","href":"https:\/\/api.w.org\/{rel}","templated":true}]}}