{"id":8863,"date":"2025-11-08T21:25:34","date_gmt":"2025-11-08T21:25:34","guid":{"rendered":"https:\/\/tifomania.store\/?post_type=product&#038;p=8863"},"modified":"2025-11-16T17:02:39","modified_gmt":"2025-11-16T17:02:39","slug":"atalanta-mosaic-kit","status":"publish","type":"product","link":"https:\/\/tifomania.store\/fr\/produit\/atalanta-mosaic-kit\/","title":{"rendered":"Atalanta - Kit mosa\u00efque"},"content":{"rendered":"<p><strong>Lib\u00e9rez votre cr\u00e9ativit\u00e9, brique par brique<\/strong><\/p>\n<p>Faites entrer l'esprit de l'Atalanta dans votre maison avec ce kit de mosa\u00efque en briques compatible avec les Lego ! Recr\u00e9ez la puissance et la personnalit\u00e9 de La Dea avec des milliers de briques color\u00e9es qui s'assemblent pour former une image saisissante inspir\u00e9e des couleurs embl\u00e9matiques de l'\u00e9quipe et de sa d\u00e9termination in\u00e9branlable.<\/p>\n<blockquote><p>Parfait pour afficher sur votre mur ou \u00e9gayer le bureau de votre enfant.<\/p><\/blockquote>\n<p>Chaque set comprend tout ce dont vous avez besoin : toutes les briques, les plaques de base, ainsi qu'un guide facile pour vous aider \u00e0 assembler votre propre chef-d'\u0153uvre - un hommage \u00e0 l'histoire de l'Atalanta, \u00e0 sa fiert\u00e9 et \u00e0 son identit\u00e9 noire et bleue inimitable.<\/p>\n<p>Aim\u00e9e de toutes les g\u00e9n\u00e9rations, l'Atalanta est plus qu'un club de football - c'est un symbole de r\u00e9silience, d'ambition et de combativit\u00e9 bergamasque. Cette mosa\u00efque capture cette m\u00eame \u00e9nergie, ce qui en fait un cadeau parfait pour les jeunes et les anciens supporters qui souhaitent c\u00e9l\u00e9brer leur club d'une mani\u00e8re unique et cr\u00e9ative.<\/p>\n<p>&nbsp;<\/p>\n<p><img decoding=\"async\" class=\"size-medium aligncenter\" src=\"https:\/\/barsport24.com\/wp-content\/uploads\/2025\/11\/Tifomania-Mosaic.gif\" width=\"80%\" height=\"80%\" \/><\/p>\n<p>&nbsp;<\/p>\n<p><strong>D\u00e9tails :<\/strong><\/p>\n<ul>\n<li><strong>Taille de la mosa\u00efque<\/strong>: 51 x 51cm (avec cadre : 54 x 54cm)<\/li>\n<li><strong>Nombre de briques<\/strong>: 4.096<\/li>\n<li><strong>D\u00e9lai de r\u00e9alisation<\/strong>Dur\u00e9e : 6-8 heures<\/li>\n<li><strong>Exp\u00e9dition gratuite dans l'UE<\/strong> (non disponible aux Etats-Unis et dans le reste du monde)<\/li>\n<\/ul>\n<p>&nbsp;<\/p>\n<p><strong>Variantes :<\/strong><\/p>\n<p><strong>\u26ac Pas de cadre : <\/strong>comprend 4 plaques de base et des autocollants double face pour les assembler en une mosa\u00efque de 51 \u00d7 51 cm.<br \/>\n<strong>Cadre blanc\/noir :<\/strong> comprend un ensemble de plaques de base encadr\u00e9es qui s'assemblent pour former une mosa\u00efque de 54 \u00d7 54 cm, comme le montrent les images.<\/p>\n<p>&nbsp;<\/p>\n<p><strong>Avis de non-responsabilit\u00e9 : <\/strong><\/p>\n<p>Nos mosa\u00efques s'inspirent de la culture et des couleurs du sport et sont con\u00e7ues pour stimuler la cr\u00e9ativit\u00e9 et l'imagination des jeunes fans. Sauf mention explicite, nos kits de mosa\u00efque ne sont pas des produits officiels et ne sont pas approuv\u00e9s, licenci\u00e9s ou affili\u00e9s \u00e0 une \u00e9quipe, une ligue ou une organisation. Pour plus d'informations, lisez notre <a href=\"\/fr\/licensing-partnerships\/\">licences et partenariats<\/a> avis.<\/p>","protected":false},"excerpt":{"rendered":"<p>Livraison gratuite (incluse) dans toute l'Europe.<\/p>","protected":false},"featured_media":8926,"menu_order":0,"comment_status":"closed","ping_status":"closed","template":"","meta":[],"product_brand":[],"product_cat":[54,42],"product_tag":[35,36,38,101,102],"class_list":{"0":"post-8863","1":"product","2":"type-product","3":"status-publish","4":"has-post-thumbnail","6":"product_cat-bricks","7":"product_cat-educational-toys","8":"product_tag-13-years","9":"product_tag-4-8-years","10":"product_tag-9-12-years","11":"product_tag-atalanta","12":"product_tag-serie-a","13":"product_shipping_class-toys","15":"first","16":"instock","17":"shipping-taxable","18":"purchasable","19":"product-type-variable","20":"rtwpvg-product","21":"rtwpvs-product"},"yoast_head":"<!-- This site is optimized with the Yoast SEO plugin v27.4 - https:\/\/yoast.com\/product\/yoast-seo-wordpress\/ -->\n<title>Atalanta - Mosaic Kit<\/title>\n<meta name=\"description\" content=\"Recreate the power and personality of La Dea with thousands of colorful bricks and bring the spirit of Atalanta into your home. Perfect for young and older fans.\" \/>\n<meta name=\"robots\" content=\"index, follow, max-snippet:-1, max-image-preview:large, max-video-preview:-1\" \/>\n<link rel=\"canonical\" href=\"https:\/\/tifomania.store\/fr\/produit\/atalanta-mosaic-kit\/\" \/>\n<meta property=\"og:locale\" content=\"fr_FR\" \/>\n<meta property=\"og:type\" content=\"article\" \/>\n<meta property=\"og:title\" content=\"Atalanta - Mosaic Kit\" \/>\n<meta property=\"og:description\" content=\"Recreate the power and personality of La Dea with thousands of colorful bricks and bring the spirit of Atalanta into your home. Perfect for young and older fans.\" \/>\n<meta property=\"og:url\" content=\"https:\/\/tifomania.store\/fr\/produit\/atalanta-mosaic-kit\/\" \/>\n<meta property=\"og:site_name\" content=\"Tifomania\" \/>\n<meta property=\"article:modified_time\" content=\"2025-11-16T17:02:39+00:00\" \/>\n<meta property=\"og:image\" content=\"https:\/\/tifomania.store\/wp-content\/uploads\/2025\/11\/Atalanta-Mosaic-A.webp\" \/>\n\t<meta property=\"og:image:width\" content=\"900\" \/>\n\t<meta property=\"og:image:height\" content=\"900\" \/>\n\t<meta property=\"og:image:type\" content=\"image\/webp\" \/>\n<meta name=\"twitter:card\" content=\"summary_large_image\" \/>\n<meta name=\"twitter:label1\" content=\"Dur\u00e9e de lecture estim\u00e9e\" \/>\n\t<meta name=\"twitter:data1\" content=\"2 minutes\" \/>\n<script type=\"application\/ld+json\" class=\"yoast-schema-graph\">{\"@context\":\"https:\\\/\\\/schema.org\",\"@graph\":[{\"@type\":\"WebPage\",\"@id\":\"https:\\\/\\\/tifomania.store\\\/product\\\/atalanta-mosaic-kit\\\/\",\"url\":\"https:\\\/\\\/tifomania.store\\\/product\\\/atalanta-mosaic-kit\\\/\",\"name\":\"Atalanta - Mosaic Kit\",\"isPartOf\":{\"@id\":\"https:\\\/\\\/tifomania.store\\\/#website\"},\"primaryImageOfPage\":{\"@id\":\"https:\\\/\\\/tifomania.store\\\/product\\\/atalanta-mosaic-kit\\\/#primaryimage\"},\"image\":{\"@id\":\"https:\\\/\\\/tifomania.store\\\/product\\\/atalanta-mosaic-kit\\\/#primaryimage\"},\"thumbnailUrl\":\"https:\\\/\\\/tifomania.store\\\/wp-content\\\/uploads\\\/2025\\\/11\\\/Atalanta-Mosaic-A.webp\",\"datePublished\":\"2025-11-08T21:25:34+00:00\",\"dateModified\":\"2025-11-16T17:02:39+00:00\",\"description\":\"Recreate the power and personality of La Dea with thousands of colorful bricks and bring the spirit of Atalanta into your home. Perfect for young and older fans.\",\"breadcrumb\":{\"@id\":\"https:\\\/\\\/tifomania.store\\\/product\\\/atalanta-mosaic-kit\\\/#breadcrumb\"},\"inLanguage\":\"fr-FR\",\"potentialAction\":[{\"@type\":\"ReadAction\",\"target\":[\"https:\\\/\\\/tifomania.store\\\/product\\\/atalanta-mosaic-kit\\\/\"]}]},{\"@type\":\"ImageObject\",\"inLanguage\":\"fr-FR\",\"@id\":\"https:\\\/\\\/tifomania.store\\\/product\\\/atalanta-mosaic-kit\\\/#primaryimage\",\"url\":\"https:\\\/\\\/tifomania.store\\\/wp-content\\\/uploads\\\/2025\\\/11\\\/Atalanta-Mosaic-A.webp\",\"contentUrl\":\"https:\\\/\\\/tifomania.store\\\/wp-content\\\/uploads\\\/2025\\\/11\\\/Atalanta-Mosaic-A.webp\",\"width\":900,\"height\":900},{\"@type\":\"BreadcrumbList\",\"@id\":\"https:\\\/\\\/tifomania.store\\\/product\\\/atalanta-mosaic-kit\\\/#breadcrumb\",\"itemListElement\":[{\"@type\":\"ListItem\",\"position\":1,\"name\":\"Home\",\"item\":\"https:\\\/\\\/tifomania.store\\\/en\\\/\"},{\"@type\":\"ListItem\",\"position\":2,\"name\":\"Shop\",\"item\":\"https:\\\/\\\/tifomania.store\\\/shop\\\/\"},{\"@type\":\"ListItem\",\"position\":3,\"name\":\"Atalanta &#8211; Mosaic Kit\"}]},{\"@type\":\"WebSite\",\"@id\":\"https:\\\/\\\/tifomania.store\\\/#website\",\"url\":\"https:\\\/\\\/tifomania.store\\\/\",\"name\":\"Tifomania\",\"description\":\"Where Passion Becomes Play\",\"potentialAction\":[{\"@type\":\"SearchAction\",\"target\":{\"@type\":\"EntryPoint\",\"urlTemplate\":\"https:\\\/\\\/tifomania.store\\\/?s={search_term_string}\"},\"query-input\":{\"@type\":\"PropertyValueSpecification\",\"valueRequired\":true,\"valueName\":\"search_term_string\"}}],\"inLanguage\":\"fr-FR\"}]}<\/script>\n<!-- \/ Yoast SEO plugin. -->","yoast_head_json":{"title":"Atalanta - Kit mosa\u00efque","description":"Recr\u00e9ez la puissance et la personnalit\u00e9 de la Dea avec des milliers de briques color\u00e9es et faites entrer l'esprit de l'Atalanta dans votre maison. Parfait pour les jeunes et les moins jeunes fans.","robots":{"index":"index","follow":"follow","max-snippet":"max-snippet:-1","max-image-preview":"max-image-preview:large","max-video-preview":"max-video-preview:-1"},"canonical":"https:\/\/tifomania.store\/fr\/produit\/atalanta-mosaic-kit\/","og_locale":"fr_FR","og_type":"article","og_title":"Atalanta - Mosaic Kit","og_description":"Recreate the power and personality of La Dea with thousands of colorful bricks and bring the spirit of Atalanta into your home. Perfect for young and older fans.","og_url":"https:\/\/tifomania.store\/fr\/produit\/atalanta-mosaic-kit\/","og_site_name":"Tifomania","article_modified_time":"2025-11-16T17:02:39+00:00","og_image":[{"width":900,"height":900,"url":"https:\/\/tifomania.store\/wp-content\/uploads\/2025\/11\/Atalanta-Mosaic-A.webp","type":"image\/webp"}],"twitter_card":"summary_large_image","twitter_misc":{"Dur\u00e9e de lecture estim\u00e9e":"2 minutes"},"schema":{"@context":"https:\/\/schema.org","@graph":[{"@type":"WebPage","@id":"https:\/\/tifomania.store\/product\/atalanta-mosaic-kit\/","url":"https:\/\/tifomania.store\/product\/atalanta-mosaic-kit\/","name":"Atalanta - Kit mosa\u00efque","isPartOf":{"@id":"https:\/\/tifomania.store\/#website"},"primaryImageOfPage":{"@id":"https:\/\/tifomania.store\/product\/atalanta-mosaic-kit\/#primaryimage"},"image":{"@id":"https:\/\/tifomania.store\/product\/atalanta-mosaic-kit\/#primaryimage"},"thumbnailUrl":"https:\/\/tifomania.store\/wp-content\/uploads\/2025\/11\/Atalanta-Mosaic-A.webp","datePublished":"2025-11-08T21:25:34+00:00","dateModified":"2025-11-16T17:02:39+00:00","description":"Recr\u00e9ez la puissance et la personnalit\u00e9 de la Dea avec des milliers de briques color\u00e9es et faites entrer l'esprit de l'Atalanta dans votre maison. Parfait pour les jeunes et les moins jeunes fans.","breadcrumb":{"@id":"https:\/\/tifomania.store\/product\/atalanta-mosaic-kit\/#breadcrumb"},"inLanguage":"fr-FR","potentialAction":[{"@type":"ReadAction","target":["https:\/\/tifomania.store\/product\/atalanta-mosaic-kit\/"]}]},{"@type":"ImageObject","inLanguage":"fr-FR","@id":"https:\/\/tifomania.store\/product\/atalanta-mosaic-kit\/#primaryimage","url":"https:\/\/tifomania.store\/wp-content\/uploads\/2025\/11\/Atalanta-Mosaic-A.webp","contentUrl":"https:\/\/tifomania.store\/wp-content\/uploads\/2025\/11\/Atalanta-Mosaic-A.webp","width":900,"height":900},{"@type":"BreadcrumbList","@id":"https:\/\/tifomania.store\/product\/atalanta-mosaic-kit\/#breadcrumb","itemListElement":[{"@type":"ListItem","position":1,"name":"Home","item":"https:\/\/tifomania.store\/en\/"},{"@type":"ListItem","position":2,"name":"Shop","item":"https:\/\/tifomania.store\/shop\/"},{"@type":"ListItem","position":3,"name":"Atalanta &#8211; Mosaic Kit"}]},{"@type":"WebSite","@id":"https:\/\/tifomania.store\/#website","url":"https:\/\/tifomania.store\/","name":"Tifomania","description":"Quand la passion devient jeu","potentialAction":[{"@type":"SearchAction","target":{"@type":"EntryPoint","urlTemplate":"https:\/\/tifomania.store\/?s={search_term_string}"},"query-input":{"@type":"PropertyValueSpecification","valueRequired":true,"valueName":"search_term_string"}}],"inLanguage":"fr-FR"}]}},"_links":{"self":[{"href":"https:\/\/tifomania.store\/fr\/wp-json\/wp\/v2\/product\/8863","targetHints":{"allow":["GET"]}}],"collection":[{"href":"https:\/\/tifomania.store\/fr\/wp-json\/wp\/v2\/product"}],"about":[{"href":"https:\/\/tifomania.store\/fr\/wp-json\/wp\/v2\/types\/product"}],"replies":[{"embeddable":true,"href":"https:\/\/tifomania.store\/fr\/wp-json\/wp\/v2\/comments?post=8863"}],"wp:featuredmedia":[{"embeddable":true,"href":"https:\/\/tifomania.store\/fr\/wp-json\/wp\/v2\/media\/8926"}],"wp:attachment":[{"href":"https:\/\/tifomania.store\/fr\/wp-json\/wp\/v2\/media?parent=8863"}],"wp:term":[{"taxonomy":"product_brand","embeddable":true,"href":"https:\/\/tifomania.store\/fr\/wp-json\/wp\/v2\/product_brand?post=8863"},{"taxonomy":"product_cat","embeddable":true,"href":"https:\/\/tifomania.store\/fr\/wp-json\/wp\/v2\/product_cat?post=8863"},{"taxonomy":"product_tag","embeddable":true,"href":"https:\/\/tifomania.store\/fr\/wp-json\/wp\/v2\/product_tag?post=8863"}],"curies":[{"name":"wp","href":"https:\/\/api.w.org\/{rel}","templated":true}]}}