{"id":5197,"date":"2023-12-18T09:34:38","date_gmt":"2023-12-18T09:34:38","guid":{"rendered":"https:\/\/www.radiustheme.com\/demo\/wordpress\/themes\/toyup\/?page_id=3"},"modified":"2025-10-27T16:18:01","modified_gmt":"2025-10-27T16:18:01","slug":"privacy-policy","status":"publish","type":"page","link":"https:\/\/tifomania.store\/it\/privacy-policy\/","title":{"rendered":"Politica di privacy"},"content":{"rendered":"<p>La presente Informativa sulla privacy \u00e8 stata aggiornata l'ultima volta il 20 ottobre 2025.<\/p>\n\n\n\n<p>La presente Informativa sulla privacy descrive le modalit\u00e0 con cui Mind Solutions OOD (\u201cTifomania\u201d) (il \u201cSito\u201d, \u201cnoi\u201d, \u201cci\u201d o \u201cnostro\u201d) raccoglie, utilizza e divulga le informazioni personali dell'utente quando visita, utilizza i nostri servizi o effettua un acquisto da Tifomania (il \u201cSito\u201d) o comunica con noi in altro modo (collettivamente, i \u201cServizi\u201d). Ai fini della presente Informativa sulla privacy, per \u201cvoi\u201d e \u201cvostro\u201d si intende l'utente dei Servizi, sia esso un cliente, un visitatore del sito web o un altro individuo di cui abbiamo raccolto le informazioni ai sensi della presente Informativa sulla privacy.<\/p>\n\n\n\n<p>Si prega di leggere attentamente la presente Informativa sulla privacy. Utilizzando e accedendo a uno qualsiasi dei Servizi, l'utente accetta la raccolta, l'utilizzo e la divulgazione delle proprie informazioni come descritto nella presente Informativa sulla privacy. Se non si accettano le presenti Norme sulla privacy, si prega di non utilizzare o accedere ai Servizi.<\/p>\n\n\n\n<h2 class=\"wp-block-heading\">Modifiche alla presente Informativa sulla privacy<\/h2>\n\n\n\n<p>Possiamo aggiornare la presente Informativa sulla privacy di tanto in tanto, anche per riflettere le modifiche alle nostre pratiche o per altri motivi operativi, legali o normativi. Pubblicheremo la nuova Informativa sulla privacy sul Sito, aggiorneremo la data dell\u201c\u201dUltimo aggiornamento\" e adotteremo qualsiasi altra misura richiesta dalla legge.<\/p>\n\n\n\n<h2 class=\"wp-block-heading\">Come raccogliamo e utilizziamo i vostri dati personali<\/h2>\n\n\n\n<p>Per fornire i Servizi, raccogliamo e abbiamo raccolto negli ultimi 12 mesi informazioni personali sull'utente da diverse fonti, come indicato di seguito. Le informazioni raccolte e utilizzate variano a seconda del modo in cui l'utente interagisce con noi.<\/p>\n\n\n\n<p>Oltre agli usi specifici indicati di seguito, possiamo utilizzare le informazioni che raccogliamo sull'utente per comunicare con l'utente, fornire i Servizi, adempiere agli obblighi legali applicabili, applicare i termini di servizio applicabili e proteggere o difendere i Servizi, i nostri diritti e i diritti dei nostri utenti o di altri.<\/p>\n\n\n\n<h2 class=\"wp-block-heading\">Quali informazioni personali raccogliamo<\/h2>\n\n\n\n<p>I tipi di informazioni personali che otteniamo su di voi dipendono dal modo in cui interagite con il nostro Sito e utilizzate i nostri Servizi. Quando utilizziamo il termine \u201cinformazioni personali\u201d, ci riferiamo a informazioni che identificano, riguardano, descrivono o possono essere associate all'utente. Le sezioni seguenti descrivono le categorie e i tipi specifici di informazioni personali che raccogliamo.<\/p>\n\n\n\n<h2 class=\"wp-block-heading\">Informazioni raccolte direttamente dall'utente<\/h2>\n\n\n\n<p>Le informazioni che ci inviate direttamente attraverso i nostri Servizi possono includere:<\/p>\n\n\n\n<ul class=\"wp-block-list\">\n<li>Dati di contatto di base, tra cui nome, indirizzo, numero di telefono, e-mail.<\/li>\n\n\n\n<li>Informazioni sull'ordine, tra cui nome, indirizzo di fatturazione, indirizzo di spedizione, conferma di pagamento, indirizzo e-mail e numero di telefono.<\/li>\n\n\n\n<li>Informazioni sull'account, compresi nome utente, password e domande di sicurezza.<\/li>\n\n\n\n<li>Informazioni sugli acquisti, compresi gli articoli visualizzati, messi nel carrello o aggiunti alla lista dei desideri.<\/li>\n\n\n\n<li>Informazioni sull'assistenza clienti, comprese le informazioni che l'utente sceglie di includere nelle comunicazioni con noi, ad esempio quando invia un messaggio attraverso i Servizi.<\/li>\n<\/ul>\n\n\n\n<p>Alcune funzioni dei Servizi potrebbero richiedere all'utente di fornirci direttamente alcune informazioni su di lui. L'utente pu\u00f2 scegliere di non fornire tali informazioni, ma ci\u00f2 potrebbe impedirgli di utilizzare o accedere a tali funzionalit\u00e0.<\/p>\n\n\n\n<h2 class=\"wp-block-heading\">Informazioni raccolte attraverso i cookie<\/h2>\n\n\n\n<p>Raccogliamo inoltre automaticamente alcune informazioni sulla vostra interazione con i Servizi (\u201cDati di utilizzo\u201d). A tal fine, possiamo utilizzare cookie, pixel e tecnologie simili (\u201ccookie\u201d). I Dati di utilizzo possono includere informazioni sul modo in cui l'utente accede e utilizza il nostro Sito e il suo account, tra cui informazioni sul dispositivo, informazioni sul browser, informazioni sulla sua connessione di rete, il suo indirizzo IP e altre informazioni relative alla sua interazione con i Servizi.<\/p>\n\n\n\n<h2 class=\"wp-block-heading\">Informazioni ottenute da terzi<\/h2>\n\n\n\n<p>Infine, possiamo ottenere informazioni sull'utente da terzi, compresi venditori e fornitori di servizi che possono raccogliere informazioni per nostro conto, come ad esempio:<\/p>\n\n\n\n<ul class=\"wp-block-list\">\n<li>Aziende che supportano il nostro Sito e i nostri Servizi.<\/li>\n\n\n\n<li>I nostri processori di pagamento, che raccolgono le informazioni di pagamento (ad esempio, conto bancario, informazioni sulla carta di credito o di debito, indirizzo di fatturazione) per elaborare il vostro pagamento al fine di evadere i vostri ordini e fornirvi i prodotti o i servizi che avete richiesto, al fine di eseguire il nostro contratto con voi.<\/li>\n\n\n\n<li>Ci riserviamo il diritto di condividere i dati personali dei clienti con terze parti, quali elaboratori, contabili, societ\u00e0 di trasporto e corriere, societ\u00e0 che forniscono servizi di trasferimento. Siamo responsabili del trattamento dei dati personali. Trasmettiamo i dati personali necessari per effettuare i pagamenti all'elaboratore, Revolut Bank.<\/li>\n\n\n\n<li>Quando visitate il nostro Sito, aprite o cliccate sulle e-mail che vi inviamo o interagite con i nostri Servizi o le nostre pubblicit\u00e0, noi, o le terze parti con cui collaboriamo, possiamo raccogliere automaticamente alcune informazioni utilizzando tecnologie di tracciamento online come pixel, web beacon, kit per sviluppatori di software, librerie di terze parti e cookie.<\/li>\n<\/ul>\n\n\n\n<p>Tutte le informazioni ottenute da terzi saranno trattate in conformit\u00e0 alla presente Informativa sulla privacy. Non siamo responsabili dell'accuratezza delle informazioni forniteci da terzi e non siamo responsabili delle politiche o delle pratiche di questi ultimi. Per ulteriori informazioni, consultare la sezione sottostante, Siti web e link di terze parti.<\/p>\n\n\n\n<h2 class=\"wp-block-heading\">Come utilizziamo i vostri dati personali<\/h2>\n\n\n\n<p><strong>Fornitura di prodotti e servizi. <\/strong>Utilizziamo i dati personali dell'utente per fornirgli i Servizi al fine di eseguire il contratto con l'utente, tra cui l'elaborazione dei pagamenti, l'evasione degli ordini, l'invio di notifiche relative all'account, agli acquisti, ai resi, ai cambi o ad altre transazioni, la creazione, la manutenzione e la gestione dell'account, l'organizzazione delle spedizioni, la facilitazione di eventuali resi e cambi e la possibilit\u00e0 di pubblicare recensioni.<\/p>\n\n\n\n<p><strong>Marketing e pubblicit\u00e0. <\/strong>Utilizziamo i dati personali dell'utente per scopi promozionali e di marketing, ad esempio per inviare comunicazioni di marketing, pubblicitarie e promozionali via e-mail, SMS o posta ordinaria e per mostrare all'utente pubblicit\u00e0 di prodotti o servizi. Ci\u00f2 pu\u00f2 includere l'utilizzo dei dati personali dell'utente per personalizzare meglio i Servizi e la pubblicit\u00e0 sul nostro Sito e su altri siti web.<\/p>\n\n\n\n<p><strong>Sicurezza e prevenzione delle frodi. <\/strong>Utilizziamo le informazioni personali dell'utente per rilevare, indagare o prendere provvedimenti in merito a possibili attivit\u00e0 fraudolente, illegali o dannose. Se scegliete di utilizzare i Servizi e di registrare un account, siete responsabili della sicurezza delle vostre credenziali di accesso. Si consiglia vivamente di non condividere il nome utente, la password o altri dati di accesso con nessun altro. Se si ritiene che il proprio account sia stato compromesso, si prega di contattarci immediatamente.<\/p>\n\n\n\n<p><strong>Comunicare con voi. <\/strong>Utilizziamo i vostri dati personali per fornirvi assistenza e migliorare i nostri Servizi. Ci\u00f2 \u00e8 nel nostro legittimo interesse, al fine di rispondere alle vostre esigenze, di fornirvi servizi efficaci e di mantenere i nostri rapporti commerciali con voi.<\/p>\n\n\n\n<h2 class=\"wp-block-heading\">Biscotti<\/h2>\n\n\n\n<p>Come molti siti web, anche noi utilizziamo i cookie sul nostro sito. Utilizziamo i cookie per potenziare e migliorare il nostro Sito e i nostri Servizi (anche per ricordare le azioni e le preferenze dell'utente), per eseguire analisi e per comprendere meglio l'interazione dell'utente con i Servizi (nel nostro legittimo interesse di amministrare, migliorare e ottimizzare i Servizi). Possiamo anche consentire a terzi e a fornitori di servizi di utilizzare i cookie sul nostro Sito per personalizzare meglio i servizi, i prodotti e la pubblicit\u00e0 sul nostro Sito e su altri siti web.<\/p>\n\n\n\n<p>La maggior parte dei browser accetta automaticamente i cookie per impostazione predefinita, ma l'utente pu\u00f2 scegliere di impostare il proprio browser per rimuovere o rifiutare i cookie attraverso i controlli del browser. Tenete presente che la rimozione o il blocco dei cookie pu\u00f2 avere un impatto negativo sull'esperienza dell'utente e pu\u00f2 far s\u00ec che alcuni dei Servizi, comprese alcune caratteristiche e funzionalit\u00e0 generali, funzionino in modo non corretto o non siano pi\u00f9 disponibili. Inoltre, il blocco dei cookie potrebbe non impedire completamente la condivisione di informazioni con terze parti, come i nostri partner pubblicitari.<\/p>\n\n\n\n<h2 class=\"wp-block-heading\">Come divulghiamo le informazioni personali<\/h2>\n\n\n\n<p>In determinate circostanze, possiamo divulgare le informazioni personali dell'utente a terzi per scopi legittimi, nel rispetto della presente Informativa sulla privacy. Tali circostanze possono includere:<\/p>\n\n\n\n<ul class=\"wp-block-list\">\n<li>Con fornitori o altre terze parti che svolgono servizi per nostro conto (ad esempio, gestione IT, elaborazione dei pagamenti, analisi dei dati, assistenza clienti, archiviazione su cloud, adempimenti e spedizioni).<\/li>\n\n\n\n<li>Quando l'utente ci indirizza, ci richiede o altrimenti acconsente alla divulgazione di determinate informazioni a terzi, ad esempio per la spedizione dei prodotti o attraverso l'uso di widget di social media o integrazioni di login, con il suo consenso.<\/li>\n\n\n\n<li>Con le nostre societ\u00e0 affiliate o comunque facenti parte del nostro gruppo aziendale, nel nostro legittimo interesse a gestire un'attivit\u00e0 di successo.<\/li>\n\n\n\n<li>In relazione a una transazione commerciale come una fusione o una bancarotta, per ottemperare a qualsiasi obbligo legale applicabile (compresa la risposta a citazioni in giudizio, mandati di perquisizione e richieste simili), per far rispettare i termini di servizio applicabili e per proteggere o difendere i Servizi, i nostri diritti e i diritti dei nostri utenti o di altri.<\/li>\n<\/ul>\n\n\n\n<p>Non utilizziamo n\u00e9 divulghiamo le informazioni personali sensibili allo scopo di dedurre caratteristiche dell'utente.<\/p>\n\n\n\n<h2 class=\"wp-block-heading\">Contenuti generati dagli utenti<\/h2>\n\n\n\n<p>I Servizi possono consentire all'utente di pubblicare recensioni di prodotti e altri contenuti generati dall'utente. Se l'utente sceglie di inviare contenuti generati dall'utente in qualsiasi area pubblica dei Servizi, tali contenuti saranno pubblici e accessibili a chiunque.<\/p>\n\n\n\n<p>Non controlliamo chi avr\u00e0 accesso alle informazioni che decidete di rendere disponibili ad altri e non possiamo garantire che le parti che hanno accesso a tali informazioni rispettino la vostra privacy o le mantengano sicure. Non siamo responsabili della privacy o della sicurezza delle informazioni rese pubbliche dall'utente, n\u00e9 dell'accuratezza, dell'uso o dell'abuso delle informazioni divulgate o ricevute da terzi.<\/p>\n\n\n\n<h2 class=\"wp-block-heading\">Siti web e link di terze parti<\/h2>\n\n\n\n<p>Il nostro Sito pu\u00f2 fornire link a siti web o altre piattaforme online gestite da terzi. Se seguite i link a siti non affiliati o non controllati da noi, dovreste esaminare le loro politiche sulla privacy e sulla sicurezza e altri termini e condizioni. Non garantiamo e non siamo responsabili per la privacy o la sicurezza di tali siti, inclusa l'accuratezza, la completezza o l'affidabilit\u00e0 delle informazioni trovate su tali siti. Le informazioni fornite dall'utente in luoghi pubblici o semipubblici, comprese le informazioni condivise su piattaforme di social network di terze parti, possono essere visualizzate anche da altri utenti dei Servizi e\/o da utenti di tali piattaforme di terze parti, senza limitazioni per quanto riguarda il loro utilizzo da parte nostra o di terzi. L'inclusione di tali link da parte nostra non implica di per s\u00e9 alcuna approvazione del contenuto di tali piattaforme o dei loro proprietari o operatori, salvo quanto indicato nei Servizi.<\/p>\n\n\n\n<h2 class=\"wp-block-heading\">Dati sui bambini<\/h2>\n\n\n\n<p>I Servizi non sono destinati all'uso da parte di bambini e noi non raccogliamo consapevolmente alcuna informazione personale sui bambini. Se l'utente \u00e8 il genitore o il tutore di un bambino che ci ha fornito i suoi dati personali, pu\u00f2 contattarci utilizzando i dettagli di contatto indicati di seguito per richiederne la cancellazione.<\/p>\n\n\n\n<p>Alla data di entrata in vigore della presente Informativa sulla privacy, non siamo effettivamente a conoscenza del fatto che \u201ccondividiamo\u201d o \u201cvendiamo\u201d (secondo la definizione di tali termini contenuta nella legge applicabile) informazioni personali di individui di et\u00e0 inferiore ai 16 anni.<\/p>\n\n\n\n<h2 class=\"wp-block-heading\">Sicurezza e conservazione delle informazioni<\/h2>\n\n\n\n<p>Si tenga presente che nessuna misura di sicurezza \u00e8 perfetta o impenetrabile e non possiamo garantire una \u201csicurezza perfetta\u201d. Inoltre, le informazioni che ci inviate potrebbero non essere sicure durante il trasporto. Vi consigliamo di non utilizzare canali non sicuri per comunicarci informazioni sensibili o riservate.<\/p>\n\n\n\n<p>La durata di conservazione delle informazioni personali dipende da diversi fattori, come ad esempio la necessit\u00e0 di mantenere il conto dell'utente, di fornire i Servizi, di adempiere agli obblighi di legge, di risolvere le controversie o di applicare altri contratti e politiche applicabili.<\/p>\n\n\n\n<h2 class=\"wp-block-heading\">Diritti e scelte<\/h2>\n\n\n\n<p>A seconda del luogo di residenza, l'utente pu\u00f2 godere di alcuni o di tutti i diritti elencati di seguito in merito alle sue informazioni personali. Tuttavia, questi diritti non sono assoluti e possono essere applicati solo in determinate circostanze e, in alcuni casi, possiamo rifiutare la richiesta dell'utente come consentito dalla legge.<\/p>\n\n\n\n<ul class=\"wp-block-list\">\n<li>Diritto di accesso\/conoscenza. L'utente pu\u00f2 avere il diritto di richiedere l'accesso alle informazioni personali in nostro possesso, compresi i dettagli relativi alle modalit\u00e0 di utilizzo e condivisione delle informazioni.<\/li>\n\n\n\n<li>Diritto di cancellazione. L'utente pu\u00f2 avere il diritto di richiedere la cancellazione delle informazioni personali che conserviamo su di lui.<\/li>\n\n\n\n<li>Diritto di rettifica. L'utente pu\u00f2 avere il diritto di richiedere la correzione delle informazioni personali inesatte che conserviamo su di lui.<\/li>\n\n\n\n<li>Diritto di portabilit\u00e0. L'utente pu\u00f2 avere il diritto di ricevere una copia delle informazioni personali in nostro possesso e di richiedere il trasferimento delle stesse a una terza parte, in determinate circostanze e con alcune eccezioni.<\/li>\n\n\n\n<li>Limitazione del trattamento: L'utente pu\u00f2 avere il diritto di chiederci di interrompere o limitare il trattamento delle informazioni personali.<\/li>\n\n\n\n<li>Revoca del consenso: Nel caso in cui ci basiamo sul consenso al trattamento dei vostri dati personali, potete avere il diritto di ritirare tale consenso.<\/li>\n\n\n\n<li>Ricorso: In caso di rifiuto di evadere la richiesta, l'utente ha il diritto di appellarsi alla nostra decisione. Pu\u00f2 farlo rispondendo direttamente al nostro diniego.<\/li>\n\n\n\n<li>Gestione delle preferenze di comunicazione: Potremmo inviarvi messaggi di posta elettronica promozionali, che potrete rifiutare di ricevere in qualsiasi momento utilizzando l'opzione di annullamento dell'iscrizione visualizzata nei nostri messaggi di posta elettronica. In caso di rinuncia, potremmo comunque inviarvi e-mail non promozionali, come quelle relative al vostro account o agli ordini che avete effettuato.<\/li>\n\n\n\n<li>L'utente pu\u00f2 esercitare uno qualsiasi di questi diritti laddove indicato sul nostro Sito o contattandoci utilizzando i dettagli di contatto forniti di seguito.<\/li>\n<\/ul>\n\n\n\n<p>Non discrimineremo l'utente per l'esercizio di uno di questi diritti. Potremmo aver bisogno di raccogliere informazioni dall'utente per verificare la sua identit\u00e0, come l'indirizzo e-mail o le informazioni sull'account, prima di fornire una risposta sostanziale alla richiesta. In conformit\u00e0 alle leggi vigenti, l'utente pu\u00f2 designare un agente autorizzato a presentare richieste per suo conto per esercitare i suoi diritti. Prima di accettare una richiesta di questo tipo da parte di un agente, richiederemo che l'agente fornisca la prova di essere stato autorizzato ad agire per suo conto e potremmo richiedere che l'agente verifichi la sua identit\u00e0 direttamente con noi. Risponderemo alla richiesta dell'utente in modo tempestivo, come richiesto dalla legge applicabile.<\/p>\n\n\n\n<h2 class=\"wp-block-heading\">Reclami<\/h2>\n\n\n\n<p>In caso di reclami sul modo in cui trattiamo i vostri dati personali, vi preghiamo di contattarci utilizzando i dettagli di contatto forniti di seguito. Se non siete soddisfatti della nostra risposta al vostro reclamo, a seconda del luogo in cui vivete, potreste avere il diritto di appellarvi alla nostra decisione contattandoci utilizzando i dettagli di contatto indicati di seguito o di presentare il vostro reclamo all'autorit\u00e0 locale per la protezione dei dati.<\/p>\n\n\n\n<h2 class=\"wp-block-heading\">Utenti internazionali<\/h2>\n\n\n\n<p>Si prega di notare che potremmo trasferire, memorizzare ed elaborare i vostri dati personali al di fuori del paese in cui vivete, compresi gli Stati Uniti. Le informazioni personali dell'utente vengono inoltre elaborate dal personale e da fornitori di servizi e partner terzi in questi paesi.<\/p>\n\n\n\n<p>Se trasferiamo i dati personali dell'utente al di fuori dell'Europa, ci affideremo a meccanismi di trasferimento riconosciuti come le Clausole contrattuali standard della Commissione europea o qualsiasi contratto equivalente emesso dall'autorit\u00e0 competente del Regno Unito, a seconda dei casi, a meno che il trasferimento dei dati non avvenga verso un paese che \u00e8 stato determinato a fornire un livello adeguato di protezione.<\/p>\n\n\n\n<h2 class=\"wp-block-heading\">Contatto<\/h2>\n\n\n\n<p>In caso di domande sulle nostre pratiche in materia di privacy o sulla presente Informativa sulla privacy, o se desiderate esercitare uno dei diritti a vostra disposizione, inviateci un'e-mail all'indirizzo hello@tifomania.com.<\/p>","protected":false},"excerpt":{"rendered":"<p>This Privacy Policy was last updated on October 20, 2025. This Privacy Policy describes how Mind Solutions OOD (&#8220;Tifomania&#8221;) (the &#8220;Site&#8221;, &#8220;we&#8221;, &#8220;us&#8221;, or &#8220;our&#8221;) collects, uses, and discloses your personal information when you visit, use our services, or make a purchase from Tifomania (the &#8220;Site&#8221;) or otherwise communicate with us (collectively, the &#8220;Services&#8221;). For [&hellip;]<\/p>\n","protected":false},"author":1,"featured_media":0,"parent":0,"menu_order":0,"comment_status":"closed","ping_status":"closed","template":"","meta":{"footnotes":""},"class_list":["post-5197","page","type-page","status-publish","hentry"],"yoast_head":"<!-- This site is optimized with the Yoast SEO plugin v27.4 - https:\/\/yoast.com\/product\/yoast-seo-wordpress\/ -->\n<title>Privacy Policy<\/title>\n<meta name=\"robots\" content=\"index, follow, max-snippet:-1, max-image-preview:large, max-video-preview:-1\" \/>\n<link rel=\"canonical\" href=\"https:\/\/tifomania.store\/it\/privacy-policy\/\" \/>\n<meta property=\"og:locale\" content=\"it_IT\" \/>\n<meta property=\"og:type\" content=\"article\" \/>\n<meta property=\"og:title\" content=\"Privacy Policy\" \/>\n<meta property=\"og:description\" content=\"This Privacy Policy was last updated on October 20, 2025. This Privacy Policy describes how Mind Solutions OOD (&#8220;Tifomania&#8221;) (the &#8220;Site&#8221;, &#8220;we&#8221;, &#8220;us&#8221;, or &#8220;our&#8221;) collects, uses, and discloses your personal information when you visit, use our services, or make a purchase from Tifomania (the &#8220;Site&#8221;) or otherwise communicate with us (collectively, the &#8220;Services&#8221;). For [&hellip;]\" \/>\n<meta property=\"og:url\" content=\"https:\/\/tifomania.store\/it\/privacy-policy\/\" \/>\n<meta property=\"og:site_name\" content=\"Tifomania\" \/>\n<meta property=\"article:modified_time\" content=\"2025-10-27T16:18:01+00:00\" \/>\n<meta name=\"twitter:card\" content=\"summary_large_image\" \/>\n<meta name=\"twitter:label1\" content=\"Tempo di lettura stimato\" \/>\n\t<meta name=\"twitter:data1\" content=\"11 minuti\" \/>\n<script type=\"application\/ld+json\" class=\"yoast-schema-graph\">{\"@context\":\"https:\\\/\\\/schema.org\",\"@graph\":[{\"@type\":\"WebPage\",\"@id\":\"https:\\\/\\\/tifomania.store\\\/privacy-policy\\\/\",\"url\":\"https:\\\/\\\/tifomania.store\\\/privacy-policy\\\/\",\"name\":\"Privacy Policy\",\"isPartOf\":{\"@id\":\"https:\\\/\\\/tifomania.store\\\/#website\"},\"datePublished\":\"2023-12-18T09:34:38+00:00\",\"dateModified\":\"2025-10-27T16:18:01+00:00\",\"breadcrumb\":{\"@id\":\"https:\\\/\\\/tifomania.store\\\/privacy-policy\\\/#breadcrumb\"},\"inLanguage\":\"it-IT\",\"potentialAction\":[{\"@type\":\"ReadAction\",\"target\":[\"https:\\\/\\\/tifomania.store\\\/privacy-policy\\\/\"]}]},{\"@type\":\"BreadcrumbList\",\"@id\":\"https:\\\/\\\/tifomania.store\\\/privacy-policy\\\/#breadcrumb\",\"itemListElement\":[{\"@type\":\"ListItem\",\"position\":1,\"name\":\"Home\",\"item\":\"https:\\\/\\\/tifomania.store\\\/en\\\/\"},{\"@type\":\"ListItem\",\"position\":2,\"name\":\"Privacy Policy\"}]},{\"@type\":\"WebSite\",\"@id\":\"https:\\\/\\\/tifomania.store\\\/#website\",\"url\":\"https:\\\/\\\/tifomania.store\\\/\",\"name\":\"Tifomania\",\"description\":\"Where Passion Becomes Play\",\"potentialAction\":[{\"@type\":\"SearchAction\",\"target\":{\"@type\":\"EntryPoint\",\"urlTemplate\":\"https:\\\/\\\/tifomania.store\\\/?s={search_term_string}\"},\"query-input\":{\"@type\":\"PropertyValueSpecification\",\"valueRequired\":true,\"valueName\":\"search_term_string\"}}],\"inLanguage\":\"it-IT\"}]}<\/script>\n<!-- \/ Yoast SEO plugin. -->","yoast_head_json":{"title":"Politica di privacy","robots":{"index":"index","follow":"follow","max-snippet":"max-snippet:-1","max-image-preview":"max-image-preview:large","max-video-preview":"max-video-preview:-1"},"canonical":"https:\/\/tifomania.store\/it\/privacy-policy\/","og_locale":"it_IT","og_type":"article","og_title":"Privacy Policy","og_description":"This Privacy Policy was last updated on October 20, 2025. This Privacy Policy describes how Mind Solutions OOD (&#8220;Tifomania&#8221;) (the &#8220;Site&#8221;, &#8220;we&#8221;, &#8220;us&#8221;, or &#8220;our&#8221;) collects, uses, and discloses your personal information when you visit, use our services, or make a purchase from Tifomania (the &#8220;Site&#8221;) or otherwise communicate with us (collectively, the &#8220;Services&#8221;). For [&hellip;]","og_url":"https:\/\/tifomania.store\/it\/privacy-policy\/","og_site_name":"Tifomania","article_modified_time":"2025-10-27T16:18:01+00:00","twitter_card":"summary_large_image","twitter_misc":{"Tempo di lettura stimato":"11 minuti"},"schema":{"@context":"https:\/\/schema.org","@graph":[{"@type":"WebPage","@id":"https:\/\/tifomania.store\/privacy-policy\/","url":"https:\/\/tifomania.store\/privacy-policy\/","name":"Politica di privacy","isPartOf":{"@id":"https:\/\/tifomania.store\/#website"},"datePublished":"2023-12-18T09:34:38+00:00","dateModified":"2025-10-27T16:18:01+00:00","breadcrumb":{"@id":"https:\/\/tifomania.store\/privacy-policy\/#breadcrumb"},"inLanguage":"it-IT","potentialAction":[{"@type":"ReadAction","target":["https:\/\/tifomania.store\/privacy-policy\/"]}]},{"@type":"BreadcrumbList","@id":"https:\/\/tifomania.store\/privacy-policy\/#breadcrumb","itemListElement":[{"@type":"ListItem","position":1,"name":"Home","item":"https:\/\/tifomania.store\/en\/"},{"@type":"ListItem","position":2,"name":"Privacy Policy"}]},{"@type":"WebSite","@id":"https:\/\/tifomania.store\/#website","url":"https:\/\/tifomania.store\/","name":"Tifomania","description":"Dove la passione diventa gioco","potentialAction":[{"@type":"SearchAction","target":{"@type":"EntryPoint","urlTemplate":"https:\/\/tifomania.store\/?s={search_term_string}"},"query-input":{"@type":"PropertyValueSpecification","valueRequired":true,"valueName":"search_term_string"}}],"inLanguage":"it-IT"}]}},"_links":{"self":[{"href":"https:\/\/tifomania.store\/it\/wp-json\/wp\/v2\/pages\/5197","targetHints":{"allow":["GET"]}}],"collection":[{"href":"https:\/\/tifomania.store\/it\/wp-json\/wp\/v2\/pages"}],"about":[{"href":"https:\/\/tifomania.store\/it\/wp-json\/wp\/v2\/types\/page"}],"author":[{"embeddable":true,"href":"https:\/\/tifomania.store\/it\/wp-json\/wp\/v2\/users\/1"}],"replies":[{"embeddable":true,"href":"https:\/\/tifomania.store\/it\/wp-json\/wp\/v2\/comments?post=5197"}],"version-history":[{"count":3,"href":"https:\/\/tifomania.store\/it\/wp-json\/wp\/v2\/pages\/5197\/revisions"}],"predecessor-version":[{"id":8756,"href":"https:\/\/tifomania.store\/it\/wp-json\/wp\/v2\/pages\/5197\/revisions\/8756"}],"wp:attachment":[{"href":"https:\/\/tifomania.store\/it\/wp-json\/wp\/v2\/media?parent=5197"}],"curies":[{"name":"wp","href":"https:\/\/api.w.org\/{rel}","templated":true}]}}