{"id":5217,"date":"2024-01-30T03:38:50","date_gmt":"2024-01-30T03:38:50","guid":{"rendered":"https:\/\/www.radiustheme.com\/demo\/wordpress\/themes\/toyup\/?page_id=20"},"modified":"2025-10-20T18:21:25","modified_gmt":"2025-10-20T18:21:25","slug":"refund-policy","status":"publish","type":"page","link":"https:\/\/tifomania.store\/it\/refund-policy\/","title":{"rendered":"Politica di rimborso"},"content":{"rendered":"<p>Abbiamo una politica di restituzione di 14 giorni, il che significa che avete 14 giorni di tempo dopo aver ricevuto l'articolo per richiedere una restituzione.<\/p>\n\n\n\n<p>Per poter effettuare un reso, l'articolo deve essere nelle stesse condizioni in cui \u00e8 stato ricevuto, non indossato o non utilizzato, con i cartellini e nella confezione originale. \u00c8 inoltre necessaria una ricevuta o una prova d'acquisto.<\/p>\n\n\n\n<p>Per avviare una restituzione, \u00e8 possibile contattarci all'indirizzo <span style=\"text-decoration: underline;\">hello@tifomania.com<\/span>. <\/p>\n\n\n\n<p>Se il reso viene accettato, vi invieremo le istruzioni su come e dove spedire il pacco. Le spese di spedizione per la restituzione dell'articolo\/i sono a carico del cliente. Gli articoli rispediti a noi senza aver prima richiesto un reso non saranno accettati.<\/p>\n\n\n\n<p>\u00c8 sempre possibile contattarci per qualsiasi domanda di restituzione all'indirizzo <span style=\"text-decoration: underline;\">hello@tifomania.com<\/span>.<\/p>\n\n\n\n<p><h2>Danni e problemi<\/h2><\/p>\n\n\n\n<p>Si prega di ispezionare l'ordine al momento della ricezione e di contattarci immediatamente se l'articolo \u00e8 difettoso, danneggiato o se si riceve l'articolo sbagliato, in modo da poter valutare il problema e porvi rimedio.<\/p>\n\n\n\n<p><h2>Eccezioni o articoli non restituibili<\/h2><\/p>\n\n\n\n<p>Purtroppo non possiamo accettare resi su articoli in saldo o carte regalo.<\/p>\n\n\n\n<p><h2>Scambi<\/h2><\/p>\n\n\n\n<p>Il modo pi\u00f9 rapido per assicurarsi di ottenere ci\u00f2 che si desidera \u00e8 quello di restituire l'articolo in possesso e, una volta accettato il reso, effettuare un acquisto separato per il nuovo articolo.<\/p>\n\n\n\n<p><h2>Unione Europea Periodo di riflessione di 14 giorni<\/h2><\/p>\n\n\n\n<p>In deroga a quanto sopra, se la merce viene spedita nell'Unione Europea, il cliente ha il diritto di annullare o restituire l'ordine entro 14 giorni, per qualsiasi motivo e senza alcuna giustificazione. Come sopra, l'articolo deve essere nelle stesse condizioni in cui \u00e8 stato ricevuto, non indossato o non utilizzato, con i cartellini e nella confezione originale. \u00c8 inoltre necessaria una ricevuta o una prova d'acquisto.<\/p>\n\n\n\n<p><h2>Rimborsi<\/h2><\/p>\n\n\n\n<p>Una volta ricevuto e ispezionato il reso, vi informeremo se il rimborso \u00e8 stato approvato o meno. Se approvato, il rimborso verr\u00e0 effettuato automaticamente con il metodo di pagamento originale entro 10 giorni lavorativi. Si ricorda che pu\u00f2 essere necessario un po' di tempo prima che la banca o la societ\u00e0 di carte di credito elaborino e pubblichino il rimborso.<\/p>\n\n\n\n<p>Se sono trascorsi pi\u00f9 di 15 giorni lavorativi da quando abbiamo approvato il vostro reso, contattateci a <span style=\"text-decoration: underline;\">hello@tifomania.com<\/span>.<\/p>","protected":false},"excerpt":{"rendered":"<p>We have a 14-day return policy, which means you have 14 days after receiving your item to request a return. To be eligible for a return, your item must be in the same condition that you received it, unworn or unused, with tags, and in its original packaging. You\u2019ll also need a receipt or proof [&hellip;]<\/p>\n","protected":false},"author":1,"featured_media":0,"parent":0,"menu_order":0,"comment_status":"closed","ping_status":"closed","template":"","meta":{"footnotes":""},"class_list":["post-5217","page","type-page","status-publish","hentry"],"yoast_head":"<!-- This site is optimized with the Yoast SEO plugin v27.4 - https:\/\/yoast.com\/product\/yoast-seo-wordpress\/ -->\n<title>Refund Policy<\/title>\n<meta name=\"robots\" content=\"index, follow, max-snippet:-1, max-image-preview:large, max-video-preview:-1\" \/>\n<link rel=\"canonical\" href=\"https:\/\/tifomania.store\/it\/refund-policy\/\" \/>\n<meta property=\"og:locale\" content=\"it_IT\" \/>\n<meta property=\"og:type\" content=\"article\" \/>\n<meta property=\"og:title\" content=\"Refund Policy\" \/>\n<meta property=\"og:description\" content=\"We have a 14-day return policy, which means you have 14 days after receiving your item to request a return. To be eligible for a return, your item must be in the same condition that you received it, unworn or unused, with tags, and in its original packaging. You\u2019ll also need a receipt or proof [&hellip;]\" \/>\n<meta property=\"og:url\" content=\"https:\/\/tifomania.store\/it\/refund-policy\/\" \/>\n<meta property=\"og:site_name\" content=\"Tifomania\" \/>\n<meta property=\"article:modified_time\" content=\"2025-10-20T18:21:25+00:00\" \/>\n<meta name=\"twitter:card\" content=\"summary_large_image\" \/>\n<meta name=\"twitter:label1\" content=\"Tempo di lettura stimato\" \/>\n\t<meta name=\"twitter:data1\" content=\"2 minuti\" \/>\n<script type=\"application\/ld+json\" class=\"yoast-schema-graph\">{\"@context\":\"https:\\\/\\\/schema.org\",\"@graph\":[{\"@type\":\"WebPage\",\"@id\":\"https:\\\/\\\/tifomania.store\\\/refund-policy\\\/\",\"url\":\"https:\\\/\\\/tifomania.store\\\/refund-policy\\\/\",\"name\":\"Refund Policy\",\"isPartOf\":{\"@id\":\"https:\\\/\\\/tifomania.store\\\/#website\"},\"datePublished\":\"2024-01-30T03:38:50+00:00\",\"dateModified\":\"2025-10-20T18:21:25+00:00\",\"breadcrumb\":{\"@id\":\"https:\\\/\\\/tifomania.store\\\/refund-policy\\\/#breadcrumb\"},\"inLanguage\":\"it-IT\",\"potentialAction\":[{\"@type\":\"ReadAction\",\"target\":[\"https:\\\/\\\/tifomania.store\\\/refund-policy\\\/\"]}]},{\"@type\":\"BreadcrumbList\",\"@id\":\"https:\\\/\\\/tifomania.store\\\/refund-policy\\\/#breadcrumb\",\"itemListElement\":[{\"@type\":\"ListItem\",\"position\":1,\"name\":\"Home\",\"item\":\"https:\\\/\\\/tifomania.store\\\/en\\\/\"},{\"@type\":\"ListItem\",\"position\":2,\"name\":\"Refund Policy\"}]},{\"@type\":\"WebSite\",\"@id\":\"https:\\\/\\\/tifomania.store\\\/#website\",\"url\":\"https:\\\/\\\/tifomania.store\\\/\",\"name\":\"Tifomania\",\"description\":\"Where Passion Becomes Play\",\"potentialAction\":[{\"@type\":\"SearchAction\",\"target\":{\"@type\":\"EntryPoint\",\"urlTemplate\":\"https:\\\/\\\/tifomania.store\\\/?s={search_term_string}\"},\"query-input\":{\"@type\":\"PropertyValueSpecification\",\"valueRequired\":true,\"valueName\":\"search_term_string\"}}],\"inLanguage\":\"it-IT\"}]}<\/script>\n<!-- \/ Yoast SEO plugin. -->","yoast_head_json":{"title":"Politica di rimborso","robots":{"index":"index","follow":"follow","max-snippet":"max-snippet:-1","max-image-preview":"max-image-preview:large","max-video-preview":"max-video-preview:-1"},"canonical":"https:\/\/tifomania.store\/it\/refund-policy\/","og_locale":"it_IT","og_type":"article","og_title":"Refund Policy","og_description":"We have a 14-day return policy, which means you have 14 days after receiving your item to request a return. To be eligible for a return, your item must be in the same condition that you received it, unworn or unused, with tags, and in its original packaging. You\u2019ll also need a receipt or proof [&hellip;]","og_url":"https:\/\/tifomania.store\/it\/refund-policy\/","og_site_name":"Tifomania","article_modified_time":"2025-10-20T18:21:25+00:00","twitter_card":"summary_large_image","twitter_misc":{"Tempo di lettura stimato":"2 minuti"},"schema":{"@context":"https:\/\/schema.org","@graph":[{"@type":"WebPage","@id":"https:\/\/tifomania.store\/refund-policy\/","url":"https:\/\/tifomania.store\/refund-policy\/","name":"Politica di rimborso","isPartOf":{"@id":"https:\/\/tifomania.store\/#website"},"datePublished":"2024-01-30T03:38:50+00:00","dateModified":"2025-10-20T18:21:25+00:00","breadcrumb":{"@id":"https:\/\/tifomania.store\/refund-policy\/#breadcrumb"},"inLanguage":"it-IT","potentialAction":[{"@type":"ReadAction","target":["https:\/\/tifomania.store\/refund-policy\/"]}]},{"@type":"BreadcrumbList","@id":"https:\/\/tifomania.store\/refund-policy\/#breadcrumb","itemListElement":[{"@type":"ListItem","position":1,"name":"Home","item":"https:\/\/tifomania.store\/en\/"},{"@type":"ListItem","position":2,"name":"Refund Policy"}]},{"@type":"WebSite","@id":"https:\/\/tifomania.store\/#website","url":"https:\/\/tifomania.store\/","name":"Tifomania","description":"Dove la passione diventa gioco","potentialAction":[{"@type":"SearchAction","target":{"@type":"EntryPoint","urlTemplate":"https:\/\/tifomania.store\/?s={search_term_string}"},"query-input":{"@type":"PropertyValueSpecification","valueRequired":true,"valueName":"search_term_string"}}],"inLanguage":"it-IT"}]}},"_links":{"self":[{"href":"https:\/\/tifomania.store\/it\/wp-json\/wp\/v2\/pages\/5217","targetHints":{"allow":["GET"]}}],"collection":[{"href":"https:\/\/tifomania.store\/it\/wp-json\/wp\/v2\/pages"}],"about":[{"href":"https:\/\/tifomania.store\/it\/wp-json\/wp\/v2\/types\/page"}],"author":[{"embeddable":true,"href":"https:\/\/tifomania.store\/it\/wp-json\/wp\/v2\/users\/1"}],"replies":[{"embeddable":true,"href":"https:\/\/tifomania.store\/it\/wp-json\/wp\/v2\/comments?post=5217"}],"version-history":[{"count":1,"href":"https:\/\/tifomania.store\/it\/wp-json\/wp\/v2\/pages\/5217\/revisions"}],"predecessor-version":[{"id":8644,"href":"https:\/\/tifomania.store\/it\/wp-json\/wp\/v2\/pages\/5217\/revisions\/8644"}],"wp:attachment":[{"href":"https:\/\/tifomania.store\/it\/wp-json\/wp\/v2\/media?parent=5217"}],"curies":[{"name":"wp","href":"https:\/\/api.w.org\/{rel}","templated":true}]}}