{"id":8790,"date":"2025-10-30T16:13:06","date_gmt":"2025-10-30T16:13:06","guid":{"rendered":"https:\/\/tifomania.store\/?post_type=product&#038;p=8790"},"modified":"2025-11-09T10:42:13","modified_gmt":"2025-11-09T10:42:13","slug":"foggia-mosaic-kit","status":"publish","type":"product","link":"https:\/\/tifomania.store\/it\/prodotto\/foggia-mosaic-kit\/","title":{"rendered":"Kit mosaico - Foggia"},"content":{"rendered":"<p><strong>Sprigiona la tua creativit\u00e0, mattoncino dopo mattoncino<\/strong><\/p>\n<p>Dai vita alla tua passione per i colori rossoneri con questo mosaico in mattoncini Lego-compatibili! Ricrea l\u2019energia dei Satanelli con migliaia di mattoncini colorati che si uniscono in un mosaico iconico, ispirato ai colori e alla passione per il Foggia.<\/p>\n<blockquote><p>Perfetto da appendere per dare un tocco di colore alla cameretta dei pi\u00f9 piccoli<\/p><\/blockquote>\n<p><img decoding=\"async\" class=\"size-medium aligncenter\" src=\"https:\/\/barsport24.com\/wp-content\/uploads\/2025\/11\/Tifomania-Mosaic.gif\" width=\"80%\" height=\"80%\" \/><\/p>\n<p>&nbsp;<\/p>\n<p>Ogni set include tutto il necessario: i mattoncini, i pannelli base e una guida semplice da seguire per realizzare la tua opera d\u2019arte \u2014 un tributo alla storia, all\u2019orgoglio e all\u2019inconfondibile identit\u00e0 dei Satanelli.<\/p>\n<p>Il Foggia \u00e8 molto pi\u00f9 di una squadra: \u00e8 un simbolo di passione, cuore e tifo, un'icona del calcio italiano. Questo mosaico riproduce quella stessa energia, rendendolo un regalo perfetto per gli appassionati, sia grandi che piccoli, che vogliono celebrare il proprio club in un modo unico e creativo.<\/p>\n<p>&nbsp;<\/p>\n<p><strong>Dettagli:<\/strong><\/p>\n<ul>\n<li><strong>Dimensioni<\/strong>: 51 x 51 cm (con cornice: 54 x 54 cm)<\/li>\n<li><strong>Numero di mattoncini<\/strong>: 4.096<\/li>\n<li><strong>Tempo di completamento<\/strong>: 6-8 ore<\/li>\n<li><strong>Spedizione gratuita in tutta Europa<\/strong> (non disponibile nel resto del mondo)<\/li>\n<\/ul>\n<p>&nbsp;<\/p>\n<p><strong>Varianti:<\/strong><\/p>\n<p><strong>\u26ac Nessuna cornice: <\/strong>include 4 basi e adesivi biadesivi per unirle e creare un mosaico da 51 \u00d7 51 cm.<br \/>\n<strong>\u26ac Cornice bianca\/nera:<\/strong> comprende un set di assemblaggio per una cornice di 54 \u00d7 54 cm, come mostrato nelle immagini.<\/p>\n<p>&nbsp;<\/p>\n<p><strong>Disclaimer: <\/strong><\/p>\n<p>I nostri mosaici sono ispirati alla cultura e ai colori del fandom sportivo, e sono pensati per stimolare la creativit\u00e0 e l\u2019immaginazione dei giovani fan. A meno che non sia esplicitamente indicato, i nostri kit mosaico non sono prodotti ufficiali e non sono approvati, concessi in licenza o affiliati con alcuna squadra, lega o organizzazione. Per maggiori informazioni, consulta la nostra pagina <a href=\"\/it\/licensing-partnerships\/\">licenze e partnership<\/a> .<\/p>","protected":false},"excerpt":{"rendered":"<p>Spedizione gratuita (inclusa) in tutta Europa.<\/p>","protected":false},"featured_media":8924,"menu_order":0,"comment_status":"closed","ping_status":"closed","template":"","meta":[],"product_brand":[],"product_cat":[54,42],"product_tag":[35,36,38,121,102],"class_list":{"0":"post-8790","1":"product","2":"type-product","3":"status-publish","4":"has-post-thumbnail","6":"product_cat-bricks","7":"product_cat-educational-toys","8":"product_tag-13-years","9":"product_tag-4-8-years","10":"product_tag-9-12-years","11":"product_tag-foggia","12":"product_tag-serie-a","13":"product_shipping_class-toys","15":"first","16":"instock","17":"shipping-taxable","18":"purchasable","19":"product-type-variable","20":"rtwpvg-product","21":"rtwpvs-product"},"yoast_head":"<!-- This site is optimized with the Yoast SEO plugin v27.4 - https:\/\/yoast.com\/product\/yoast-seo-wordpress\/ -->\n<title>Foggia - Mosaic Kit<\/title>\n<meta name=\"description\" content=\"Recreate the energy of the Satanelli and bring the spirit of Foggia into your home with this Lego-compatible brick art mosaic kit! Perfect for young and older fans.\" \/>\n<meta name=\"robots\" content=\"index, follow, max-snippet:-1, max-image-preview:large, max-video-preview:-1\" \/>\n<link rel=\"canonical\" href=\"https:\/\/tifomania.store\/it\/prodotto\/foggia-mosaic-kit\/\" \/>\n<meta property=\"og:locale\" content=\"it_IT\" \/>\n<meta property=\"og:type\" content=\"article\" \/>\n<meta property=\"og:title\" content=\"Foggia - Mosaic Kit\" \/>\n<meta property=\"og:description\" content=\"Recreate the energy of the Satanelli and bring the spirit of Foggia into your home with this Lego-compatible brick art mosaic kit! Perfect for young and older fans.\" \/>\n<meta property=\"og:url\" content=\"https:\/\/tifomania.store\/it\/prodotto\/foggia-mosaic-kit\/\" \/>\n<meta property=\"og:site_name\" content=\"Tifomania\" \/>\n<meta property=\"article:modified_time\" content=\"2025-11-09T10:42:13+00:00\" \/>\n<meta property=\"og:image\" content=\"https:\/\/tifomania.store\/wp-content\/uploads\/2025\/11\/Mosaic-Foggia.webp\" \/>\n\t<meta property=\"og:image:width\" content=\"900\" \/>\n\t<meta property=\"og:image:height\" content=\"900\" \/>\n\t<meta property=\"og:image:type\" content=\"image\/webp\" \/>\n<meta name=\"twitter:card\" content=\"summary_large_image\" \/>\n<meta name=\"twitter:label1\" content=\"Tempo di lettura stimato\" \/>\n\t<meta name=\"twitter:data1\" content=\"2 minuti\" \/>\n<script type=\"application\/ld+json\" class=\"yoast-schema-graph\">{\"@context\":\"https:\\\/\\\/schema.org\",\"@graph\":[{\"@type\":\"WebPage\",\"@id\":\"https:\\\/\\\/tifomania.store\\\/product\\\/foggia-mosaic-kit\\\/\",\"url\":\"https:\\\/\\\/tifomania.store\\\/product\\\/foggia-mosaic-kit\\\/\",\"name\":\"Foggia - Mosaic Kit\",\"isPartOf\":{\"@id\":\"https:\\\/\\\/tifomania.store\\\/#website\"},\"primaryImageOfPage\":{\"@id\":\"https:\\\/\\\/tifomania.store\\\/product\\\/foggia-mosaic-kit\\\/#primaryimage\"},\"image\":{\"@id\":\"https:\\\/\\\/tifomania.store\\\/product\\\/foggia-mosaic-kit\\\/#primaryimage\"},\"thumbnailUrl\":\"https:\\\/\\\/tifomania.store\\\/wp-content\\\/uploads\\\/2025\\\/11\\\/Mosaic-Foggia.webp\",\"datePublished\":\"2025-10-30T16:13:06+00:00\",\"dateModified\":\"2025-11-09T10:42:13+00:00\",\"description\":\"Recreate the energy of the Satanelli and bring the spirit of Foggia into your home with this Lego-compatible brick art mosaic kit! Perfect for young and older fans.\",\"breadcrumb\":{\"@id\":\"https:\\\/\\\/tifomania.store\\\/product\\\/foggia-mosaic-kit\\\/#breadcrumb\"},\"inLanguage\":\"it-IT\",\"potentialAction\":[{\"@type\":\"ReadAction\",\"target\":[\"https:\\\/\\\/tifomania.store\\\/product\\\/foggia-mosaic-kit\\\/\"]}]},{\"@type\":\"ImageObject\",\"inLanguage\":\"it-IT\",\"@id\":\"https:\\\/\\\/tifomania.store\\\/product\\\/foggia-mosaic-kit\\\/#primaryimage\",\"url\":\"https:\\\/\\\/tifomania.store\\\/wp-content\\\/uploads\\\/2025\\\/11\\\/Mosaic-Foggia.webp\",\"contentUrl\":\"https:\\\/\\\/tifomania.store\\\/wp-content\\\/uploads\\\/2025\\\/11\\\/Mosaic-Foggia.webp\",\"width\":900,\"height\":900},{\"@type\":\"BreadcrumbList\",\"@id\":\"https:\\\/\\\/tifomania.store\\\/product\\\/foggia-mosaic-kit\\\/#breadcrumb\",\"itemListElement\":[{\"@type\":\"ListItem\",\"position\":1,\"name\":\"Home\",\"item\":\"https:\\\/\\\/tifomania.store\\\/en\\\/\"},{\"@type\":\"ListItem\",\"position\":2,\"name\":\"Shop\",\"item\":\"https:\\\/\\\/tifomania.store\\\/shop\\\/\"},{\"@type\":\"ListItem\",\"position\":3,\"name\":\"Foggia &#8211; Mosaic Kit\"}]},{\"@type\":\"WebSite\",\"@id\":\"https:\\\/\\\/tifomania.store\\\/#website\",\"url\":\"https:\\\/\\\/tifomania.store\\\/\",\"name\":\"Tifomania\",\"description\":\"Where Passion Becomes Play\",\"potentialAction\":[{\"@type\":\"SearchAction\",\"target\":{\"@type\":\"EntryPoint\",\"urlTemplate\":\"https:\\\/\\\/tifomania.store\\\/?s={search_term_string}\"},\"query-input\":{\"@type\":\"PropertyValueSpecification\",\"valueRequired\":true,\"valueName\":\"search_term_string\"}}],\"inLanguage\":\"it-IT\"}]}<\/script>\n<!-- \/ Yoast SEO plugin. -->","yoast_head_json":{"title":"Foggia - Kit per mosaico","description":"Recreate the energy of the Satanelli and bring the spirit of Foggia into your home with this Lego-compatible brick art mosaic kit! Perfect for young and older fans.","robots":{"index":"index","follow":"follow","max-snippet":"max-snippet:-1","max-image-preview":"max-image-preview:large","max-video-preview":"max-video-preview:-1"},"canonical":"https:\/\/tifomania.store\/it\/prodotto\/foggia-mosaic-kit\/","og_locale":"it_IT","og_type":"article","og_title":"Foggia - Mosaic Kit","og_description":"Recreate the energy of the Satanelli and bring the spirit of Foggia into your home with this Lego-compatible brick art mosaic kit! Perfect for young and older fans.","og_url":"https:\/\/tifomania.store\/it\/prodotto\/foggia-mosaic-kit\/","og_site_name":"Tifomania","article_modified_time":"2025-11-09T10:42:13+00:00","og_image":[{"width":900,"height":900,"url":"https:\/\/tifomania.store\/wp-content\/uploads\/2025\/11\/Mosaic-Foggia.webp","type":"image\/webp"}],"twitter_card":"summary_large_image","twitter_misc":{"Tempo di lettura stimato":"2 minuti"},"schema":{"@context":"https:\/\/schema.org","@graph":[{"@type":"WebPage","@id":"https:\/\/tifomania.store\/product\/foggia-mosaic-kit\/","url":"https:\/\/tifomania.store\/product\/foggia-mosaic-kit\/","name":"Foggia - Kit per mosaico","isPartOf":{"@id":"https:\/\/tifomania.store\/#website"},"primaryImageOfPage":{"@id":"https:\/\/tifomania.store\/product\/foggia-mosaic-kit\/#primaryimage"},"image":{"@id":"https:\/\/tifomania.store\/product\/foggia-mosaic-kit\/#primaryimage"},"thumbnailUrl":"https:\/\/tifomania.store\/wp-content\/uploads\/2025\/11\/Mosaic-Foggia.webp","datePublished":"2025-10-30T16:13:06+00:00","dateModified":"2025-11-09T10:42:13+00:00","description":"Recreate the energy of the Satanelli and bring the spirit of Foggia into your home with this Lego-compatible brick art mosaic kit! Perfect for young and older fans.","breadcrumb":{"@id":"https:\/\/tifomania.store\/product\/foggia-mosaic-kit\/#breadcrumb"},"inLanguage":"it-IT","potentialAction":[{"@type":"ReadAction","target":["https:\/\/tifomania.store\/product\/foggia-mosaic-kit\/"]}]},{"@type":"ImageObject","inLanguage":"it-IT","@id":"https:\/\/tifomania.store\/product\/foggia-mosaic-kit\/#primaryimage","url":"https:\/\/tifomania.store\/wp-content\/uploads\/2025\/11\/Mosaic-Foggia.webp","contentUrl":"https:\/\/tifomania.store\/wp-content\/uploads\/2025\/11\/Mosaic-Foggia.webp","width":900,"height":900},{"@type":"BreadcrumbList","@id":"https:\/\/tifomania.store\/product\/foggia-mosaic-kit\/#breadcrumb","itemListElement":[{"@type":"ListItem","position":1,"name":"Home","item":"https:\/\/tifomania.store\/en\/"},{"@type":"ListItem","position":2,"name":"Shop","item":"https:\/\/tifomania.store\/shop\/"},{"@type":"ListItem","position":3,"name":"Foggia &#8211; Mosaic Kit"}]},{"@type":"WebSite","@id":"https:\/\/tifomania.store\/#website","url":"https:\/\/tifomania.store\/","name":"Tifomania","description":"Dove la passione diventa gioco","potentialAction":[{"@type":"SearchAction","target":{"@type":"EntryPoint","urlTemplate":"https:\/\/tifomania.store\/?s={search_term_string}"},"query-input":{"@type":"PropertyValueSpecification","valueRequired":true,"valueName":"search_term_string"}}],"inLanguage":"it-IT"}]}},"_links":{"self":[{"href":"https:\/\/tifomania.store\/it\/wp-json\/wp\/v2\/product\/8790","targetHints":{"allow":["GET"]}}],"collection":[{"href":"https:\/\/tifomania.store\/it\/wp-json\/wp\/v2\/product"}],"about":[{"href":"https:\/\/tifomania.store\/it\/wp-json\/wp\/v2\/types\/product"}],"replies":[{"embeddable":true,"href":"https:\/\/tifomania.store\/it\/wp-json\/wp\/v2\/comments?post=8790"}],"wp:featuredmedia":[{"embeddable":true,"href":"https:\/\/tifomania.store\/it\/wp-json\/wp\/v2\/media\/8924"}],"wp:attachment":[{"href":"https:\/\/tifomania.store\/it\/wp-json\/wp\/v2\/media?parent=8790"}],"wp:term":[{"taxonomy":"product_brand","embeddable":true,"href":"https:\/\/tifomania.store\/it\/wp-json\/wp\/v2\/product_brand?post=8790"},{"taxonomy":"product_cat","embeddable":true,"href":"https:\/\/tifomania.store\/it\/wp-json\/wp\/v2\/product_cat?post=8790"},{"taxonomy":"product_tag","embeddable":true,"href":"https:\/\/tifomania.store\/it\/wp-json\/wp\/v2\/product_tag?post=8790"}],"curies":[{"name":"wp","href":"https:\/\/api.w.org\/{rel}","templated":true}]}}